{"id":1155,"date":"2024-03-03T12:45:08","date_gmt":"2024-03-03T10:45:08","guid":{"rendered":"https:\/\/dev.epik.fi\/?page_id=1155"},"modified":"2024-03-03T13:03:37","modified_gmt":"2024-03-03T11:03:37","slug":"kuvagalleria","status":"publish","type":"page","link":"https:\/\/www.epik.fi\/index.php\/kuvagalleria\/","title":{"rendered":"Kuvagalleria"},"content":{"rendered":"<div class=\"wp-block-stackable-button-group stk-block-button-group stk-block stk-4721f30\" data-block-id=\"4721f30\"><div class=\"stk-row stk-inner-blocks stk-block-content stk-button-group\"><div class=\"wp-block-stackable-button stk-block-button stk-block stk-9d645bd\" data-block-id=\"9d645bd\"><a class=\"stk-link stk-button stk--hover-effect-darken\" href=\"\"><span class=\"stk-button__inner-text\"><\/span><\/a><\/div><\/div><\/div><div class=\"wp-block-stackable-button-group stk-block-button-group stk-block stk-f6fcb00\" data-block-id=\"f6fcb00\"><div class=\"stk-row stk-inner-blocks stk-block-content stk-button-group\"><div class=\"wp-block-stackable-icon-button stk-block-icon-button stk-block stk-d9bc579\" data-block-id=\"d9bc579\"><a class=\"stk-link stk-button stk--hover-effect-darken\" href=\"\"><span class=\"stk--svg-wrapper\"><div class=\"stk--inner-svg\"><svg xmlns=\"http:\/\/www.w3.org\/2000\/svg\" viewBox=\"0 0 512 512\" aria-hidden=\"true\" width=\"32\" height=\"32\"><path d=\"M256 512A256 256 0 1 0 256 0a256 256 0 1 0 0 512zM216 336h24V272H216c-13.3 0-24-10.7-24-24s10.7-24 24-24h48c13.3 0 24 10.7 24 24v88h8c13.3 0 24 10.7 24 24s-10.7 24-24 24H216c-13.3 0-24-10.7-24-24s10.7-24 24-24zm40-208a32 32 0 1 1 0 64 32 32 0 1 1 0-64z\"><\/path><\/svg><\/div><\/span><\/a><\/div><\/div><\/div><div class=\"wp-block-stackable-button-group stk-block-button-group stk-block stk-22fb2c7\" data-block-id=\"22fb2c7\"><div class=\"stk-row stk-inner-blocks stk-block-content stk-button-group\"><div class=\"wp-block-stackable-icon-button stk-block-icon-button stk-block stk-53070a7\" data-block-id=\"53070a7\"><style>.stk-53070a7 .stk-button{background:#3b5998 !important}<\/style><a class=\"stk-link stk-button stk--hover-effect-darken\" href=\"\"><span class=\"stk--svg-wrapper\"><div class=\"stk--inner-svg\"><svg data-prefix=\"fab\" data-icon=\"facebook-square\" class=\"svg-inline--fa fa-facebook-square fa-w-14\" xmlns=\"http:\/\/www.w3.org\/2000\/svg\" viewBox=\"0 0 448 512\" aria-hidden=\"true\" width=\"32\" height=\"32\"><path fill=\"currentColor\" d=\"M400 32H48A48 48 0 0 0 0 80v352a48 48 0 0 0 48 48h137.25V327.69h-63V256h63v-54.64c0-62.15 37-96.48 93.67-96.48 27.14 0 55.52 4.84 55.52 4.84v61h-31.27c-30.81 0-40.42 19.12-40.42 38.73V256h68.78l-11 71.69h-57.78V480H400a48 48 0 0 0 48-48V80a48 48 0 0 0-48-48z\"><\/path><\/svg><\/div><\/span><\/a><\/div>\n\n<div class=\"wp-block-stackable-icon-button stk-block-icon-button stk-block stk-24b0678\" data-block-id=\"24b0678\"><style>.stk-24b0678 .stk-button{background:#00acee !important}<\/style><a class=\"stk-link stk-button stk--hover-effect-darken\" href=\"\"><span class=\"stk--svg-wrapper\"><div class=\"stk--inner-svg\"><svg data-prefix=\"fab\" data-icon=\"twitter\" class=\"svg-inline--fa fa-twitter fa-w-16\" xmlns=\"http:\/\/www.w3.org\/2000\/svg\" viewBox=\"0 0 512 512\" aria-hidden=\"true\" width=\"32\" height=\"32\"><path fill=\"currentColor\" d=\"M459.37 151.716c.325 4.548.325 9.097.325 13.645 0 138.72-105.583 298.558-298.558 298.558-59.452 0-114.68-17.219-161.137-47.106 8.447.974 16.568 1.299 25.34 1.299 49.055 0 94.213-16.568 130.274-44.832-46.132-.975-84.792-31.188-98.112-72.772 6.498.974 12.995 1.624 19.818 1.624 9.421 0 18.843-1.3 27.614-3.573-48.081-9.747-84.143-51.98-84.143-102.985v-1.299c13.969 7.797 30.214 12.67 47.431 13.319-28.264-18.843-46.781-51.005-46.781-87.391 0-19.492 5.197-37.36 14.294-52.954 51.655 63.675 129.3 105.258 216.365 109.807-1.624-7.797-2.599-15.918-2.599-24.04 0-57.828 46.782-104.934 104.934-104.934 30.213 0 57.502 12.67 76.67 33.137 23.715-4.548 46.456-13.32 66.599-25.34-7.798 24.366-24.366 44.833-46.132 57.827 21.117-2.273 41.584-8.122 60.426-16.243-14.292 20.791-32.161 39.308-52.628 54.253z\"><\/path><\/svg><\/div><\/span><\/a><\/div>\n\n<div class=\"wp-block-stackable-icon-button stk-block-icon-button stk-block stk-2c129db\" data-block-id=\"2c129db\"><style>.stk-2c129db .stk-button{background:#c13584 !important}<\/style><a class=\"stk-link stk-button stk--hover-effect-darken\" href=\"\"><span class=\"stk--svg-wrapper\"><div class=\"stk--inner-svg\"><svg data-prefix=\"fab\" data-icon=\"instagram\" class=\"svg-inline--fa fa-instagram fa-w-14\" xmlns=\"http:\/\/www.w3.org\/2000\/svg\" viewBox=\"0 0 448 512\" aria-hidden=\"true\" width=\"32\" height=\"32\"><path fill=\"currentColor\" d=\"M224.1 141c-63.6 0-114.9 51.3-114.9 114.9s51.3 114.9 114.9 114.9S339 319.5 339 255.9 287.7 141 224.1 141zm0 189.6c-41.1 0-74.7-33.5-74.7-74.7s33.5-74.7 74.7-74.7 74.7 33.5 74.7 74.7-33.6 74.7-74.7 74.7zm146.4-194.3c0 14.9-12 26.8-26.8 26.8-14.9 0-26.8-12-26.8-26.8s12-26.8 26.8-26.8 26.8 12 26.8 26.8zm76.1 27.2c-1.7-35.9-9.9-67.7-36.2-93.9-26.2-26.2-58-34.4-93.9-36.2-37-2.1-147.9-2.1-184.9 0-35.8 1.7-67.6 9.9-93.9 36.1s-34.4 58-36.2 93.9c-2.1 37-2.1 147.9 0 184.9 1.7 35.9 9.9 67.7 36.2 93.9s58 34.4 93.9 36.2c37 2.1 147.9 2.1 184.9 0 35.9-1.7 67.7-9.9 93.9-36.2 26.2-26.2 34.4-58 36.2-93.9 2.1-37 2.1-147.8 0-184.8zM398.8 388c-7.8 19.6-22.9 34.7-42.6 42.6-29.5 11.7-99.5 9-132.1 9s-102.7 2.6-132.1-9c-19.6-7.8-34.7-22.9-42.6-42.6-11.7-29.5-9-99.5-9-132.1s-2.6-102.7 9-132.1c7.8-19.6 22.9-34.7 42.6-42.6 29.5-11.7 99.5-9 132.1-9s102.7-2.6 132.1 9c19.6 7.8 34.7 22.9 42.6 42.6 11.7 29.5 9 99.5 9 132.1s2.7 102.7-9 132.1z\"><\/path><\/svg><\/div><\/span><\/a><\/div>\n\n<div class=\"wp-block-stackable-icon-button stk-block-icon-button stk-block stk-69cc2cf\" data-block-id=\"69cc2cf\"><style>.stk-69cc2cf .stk-button{background:#c4302b !important}<\/style><a class=\"stk-link stk-button stk--hover-effect-darken\" href=\"\"><span class=\"stk--svg-wrapper\"><div class=\"stk--inner-svg\"><svg data-prefix=\"fab\" data-icon=\"youtube\" class=\"svg-inline--fa fa-youtube fa-w-18\" xmlns=\"http:\/\/www.w3.org\/2000\/svg\" viewBox=\"0 0 576 512\" aria-hidden=\"true\" width=\"32\" height=\"32\"><path fill=\"currentColor\" d=\"M549.655 124.083c-6.281-23.65-24.787-42.276-48.284-48.597C458.781 64 288 64 288 64S117.22 64 74.629 75.486c-23.497 6.322-42.003 24.947-48.284 48.597-11.412 42.867-11.412 132.305-11.412 132.305s0 89.438 11.412 132.305c6.281 23.65 24.787 41.5 48.284 47.821C117.22 448 288 448 288 448s170.78 0 213.371-11.486c23.497-6.321 42.003-24.171 48.284-47.821 11.412-42.867 11.412-132.305 11.412-132.305s0-89.438-11.412-132.305zm-317.51 213.508V175.185l142.739 81.205-142.739 81.201z\"><\/path><\/svg><\/div><\/span><\/a><\/div>\n\n<div class=\"wp-block-stackable-icon-button stk-block-icon-button stk-block stk-9414316\" data-block-id=\"9414316\"><style>.stk-9414316 .stk-button{background:#0e76a8 !important}<\/style><a class=\"stk-link stk-button stk--hover-effect-darken\" href=\"\"><span class=\"stk--svg-wrapper\"><div class=\"stk--inner-svg\"><svg data-prefix=\"fab\" data-icon=\"linkedin-in\" class=\"svg-inline--fa fa-linkedin-in fa-w-14\" xmlns=\"http:\/\/www.w3.org\/2000\/svg\" viewBox=\"0 0 448 512\" aria-hidden=\"true\" width=\"32\" height=\"32\"><path fill=\"currentColor\" d=\"M100.28 448H7.4V148.9h92.88zM53.79 108.1C24.09 108.1 0 83.5 0 53.8a53.79 53.79 0 0 1 107.58 0c0 29.7-24.1 54.3-53.79 54.3zM447.9 448h-92.68V302.4c0-34.7-.7-79.2-48.29-79.2-48.29 0-55.69 37.7-55.69 76.7V448h-92.78V148.9h89.08v40.8h1.3c12.4-23.5 42.69-48.3 87.88-48.3 94 0 111.28 61.9 111.28 142.3V448z\"><\/path><\/svg><\/div><\/span><\/a><\/div><\/div><\/div><div  class=\"grids-section grids-is-stretch\" style=\"--_gs-gap-desktop:0px 0px;--_gs-m-desktop:0 0 0 0;--_gs-p-desktop:0 0 0 0;--_gs-bg-desktop:transparent none;--_gs-bg-xp-desktop:0px;--_gs-zi-desktop:auto;--_gs-d-desktop:block;--_gs-mw-desktop:calc(100% - 0 - 0);--_gs-gap-tablet:0px 0px;--_gs-m-tablet:0 0 0 0;--_gs-p-tablet:0 0 0 0;--_gs-bg-tablet:transparent none;--_gs-bg-xp-tablet:0px;--_gs-zi-tablet:auto;--_gs-d-tablet:block;--_gs-mw-tablet:calc(100% - 0 - 0);--_gs-gap-mobile:0px 0px;--_gs-m-mobile:0 0 0 0;--_gs-p-mobile:0 0 0 0;--_gs-bg-mobile:transparent none;--_gs-bg-xp-mobile:0px;--_gs-zi-mobile:auto;--_gs-d-mobile:block;--_gs-mw-mobile:calc(100% - 0 - 0);--_gs-columns:1;--_gs-rows:1\"><div class=\"grids-s-w_i\">\n<div class=\"grids-area\" style=\"--_ga-column:1\/2;--_ga-row:1\/2;--_ga-m-desktop:0 0 0 0;--_ga-p-desktop:0 0 0 0;--_ga-bg-desktop:transparent none;--_ga-zi-desktop:auto;--_ga-d-desktop:flex;--_ga-mw-desktop:calc(100% - 0 - 0);--_ga-m-tablet:0 0 0 0;--_ga-p-tablet:0 0 0 0;--_ga-bg-tablet:transparent none;--_ga-zi-tablet:auto;--_ga-d-tablet:flex;--_ga-mw-tablet:calc(100% - 0 - 0);--_ga-m-mobile:0 0 0 0;--_ga-p-mobile:0 0 0 0;--_ga-bg-mobile:transparent none;--_ga-zi-mobile:auto;--_ga-d-mobile:flex;--_ga-mw-mobile:calc(100% - 0 - 0)\">\n\n<!-- This file should primarily consist of HTML with a little bit of PHP. -->\n\r\n\r\n<div class=\"aigwl_grid_gallery container\">\r\n    <div class=\"aigwl_main\">\r\n                                <div class=\"aigwl_card\">\r\n                            <div class=\"aigwl-card-image  \">\r\n                                <a href=\"https:\/\/www.epik.fi\/wordpress\/wp-content\/uploads\/2023\/10\/OH-EPI.jpg\" data-fancybox=\"aigwl_gallery\">\r\n                                    <img decoding=\"async\" class=\"grid_gallery_img\" src=\"https:\/\/www.epik.fi\/wordpress\/wp-content\/uploads\/2023\/10\/OH-EPI.jpg\"\r\n                                        alt=\"\">\r\n                                                                                   \r\n                                <\/a>\r\n                            <\/div>\r\n                        <\/div>\r\n                                        <div class=\"aigwl_card\">\r\n                            <div class=\"aigwl-card-image  \">\r\n                                <a href=\"https:\/\/www.epik.fi\/wordpress\/wp-content\/uploads\/2023\/10\/OH-PEV.jpg\" data-fancybox=\"aigwl_gallery\">\r\n                                    <img decoding=\"async\" class=\"grid_gallery_img\" src=\"https:\/\/www.epik.fi\/wordpress\/wp-content\/uploads\/2023\/10\/OH-PEV.jpg\"\r\n                                        alt=\"\">\r\n                                                                                   \r\n                                <\/a>\r\n                            <\/div>\r\n                        <\/div>\r\n                                        <div class=\"aigwl_card\">\r\n                            <div class=\"aigwl-card-image  \">\r\n                                <a href=\"https:\/\/www.epik.fi\/wordpress\/wp-content\/uploads\/2023\/10\/OH-TUG.jpg\" data-fancybox=\"aigwl_gallery\">\r\n                                    <img decoding=\"async\" class=\"grid_gallery_img\" src=\"https:\/\/www.epik.fi\/wordpress\/wp-content\/uploads\/2023\/10\/OH-TUG.jpg\"\r\n                                        alt=\"\">\r\n                                                                                   \r\n                                <\/a>\r\n                            <\/div>\r\n                        <\/div>\r\n                    <\/div>\r\n<\/div>\n\n<h2 class=\"wp-block-heading\">Kerhon Koneita: Yksi, Kaksi, Kolme<\/h2>\n<\/div>\n<\/div><\/div><div  class=\"grids-section grids-is-stretch\" style=\"--_gs-gap-desktop:0px 0px;--_gs-m-desktop:0 0 0 0;--_gs-p-desktop:0 0 0 0;--_gs-bg-desktop:transparent none;--_gs-bg-xp-desktop:0px;--_gs-zi-desktop:auto;--_gs-d-desktop:block;--_gs-mw-desktop:calc(100% - 0 - 0);--_gs-gap-tablet:0px 0px;--_gs-m-tablet:0 0 0 0;--_gs-p-tablet:0 0 0 0;--_gs-bg-tablet:transparent none;--_gs-bg-xp-tablet:0px;--_gs-zi-tablet:auto;--_gs-d-tablet:block;--_gs-mw-tablet:calc(100% - 0 - 0);--_gs-gap-mobile:0px 0px;--_gs-m-mobile:0 0 0 0;--_gs-p-mobile:0 0 0 0;--_gs-bg-mobile:transparent none;--_gs-bg-xp-mobile:0px;--_gs-zi-mobile:auto;--_gs-d-mobile:block;--_gs-mw-mobile:calc(100% - 0 - 0);--_gs-columns:3;--_gs-rows:1\"><div class=\"grids-s-w_i\">\n<div class=\"grids-area\" style=\"--_ga-column:1\/2;--_ga-row:1\/2;--_ga-m-desktop:0 0 0 0;--_ga-p-desktop:0 0 0 0;--_ga-bg-desktop:transparent none;--_ga-zi-desktop:auto;--_ga-d-desktop:flex;--_ga-mw-desktop:calc(100% - 0 - 0);--_ga-m-tablet:0 0 0 0;--_ga-p-tablet:0 0 0 0;--_ga-bg-tablet:transparent none;--_ga-zi-tablet:auto;--_ga-d-tablet:flex;--_ga-mw-tablet:calc(100% - 0 - 0);--_ga-m-mobile:0 0 0 0;--_ga-p-mobile:0 0 0 0;--_ga-bg-mobile:transparent none;--_ga-zi-mobile:auto;--_ga-d-mobile:flex;--_ga-mw-mobile:calc(100% - 0 - 0)\">\n<div class=\"wp-block-stackable-testimonial stk-block-testimonial stk-block stk-2ec3a67 is-style-default\" data-v=\"2\" data-block-id=\"2ec3a67\"><div class=\"stk-block-testimonial__content stk-content-align stk-2ec3a67-column stk-container stk-2ec3a67-container stk-hover-parent\"><div class=\"stk-block-content stk-inner-blocks has-text-align-center stk-2ec3a67-inner-blocks\"><div class=\"wp-block-stackable-text stk-block-text stk-block stk-9d63b9a\" data-block-id=\"9d63b9a\"><p class=\"stk-block-text__text\">Description for this block. Use this space for describing your block. Any text will do. Description for this block. You can use this space for describing your block.<\/p><\/div>\n\n<div class=\"wp-block-stackable-image stk-block-image stk-block stk-ba83ff9\" data-block-id=\"ba83ff9\"><style>.stk-ba83ff9 .stk-img-wrapper{width:75px !important;height:75px !important}.stk-ba83ff9 .stk-img-wrapper img,.stk-ba83ff9 .stk-img-wrapper::after,.stk-ba83ff9 .stk-img-wrapper::before{mask-image:url('data:image\/svg+xml;base64,PHN2ZyB4bWxucz0iaHR0cDovL3d3dy53My5vcmcvMjAwMC9zdmciIHZpZXdCb3g9IjAgMCAxMDAgMTAwIiBwcmVzZXJ2ZUFzcGVjdFJhdGlvPSJub25lIj48Y2lyY2xlIGN4PSI1MCIgY3k9IjUwIiByPSI1MCI+PC9jaXJjbGU+PC9zdmc+') !important;-webkit-mask-image:url('data:image\/svg+xml;base64,PHN2ZyB4bWxucz0iaHR0cDovL3d3dy53My5vcmcvMjAwMC9zdmciIHZpZXdCb3g9IjAgMCAxMDAgMTAwIiBwcmVzZXJ2ZUFzcGVjdFJhdGlvPSJub25lIj48Y2lyY2xlIGN4PSI1MCIgY3k9IjUwIiByPSI1MCI+PC9jaXJjbGU+PC9zdmc+') !important}<\/style><\/div>\n\n<div class=\"wp-block-stackable-heading stk-block-heading stk-block-heading--v2 stk-block stk-94d5850\" id=\"name\" data-block-id=\"94d5850\"><h3 class=\"stk-block-heading__text\">Name<\/h3><\/div>\n\n<div class=\"wp-block-stackable-subtitle stk-block-subtitle stk-block stk-7d560b9\" data-block-id=\"7d560b9\"><p class=\"stk-block-subtitle__text stk-subtitle\">Lue Lis\u00e4\u00e4<\/p><\/div><\/div><\/div><\/div>\n<\/div>\n\n<div class=\"grids-area\" style=\"--_ga-column:2\/3;--_ga-row:1\/2;--_ga-m-desktop:0 0 0 0;--_ga-p-desktop:0 0 0 0;--_ga-bg-desktop:transparent none;--_ga-zi-desktop:auto;--_ga-d-desktop:flex;--_ga-mw-desktop:calc(100% - 0 - 0);--_ga-m-tablet:0 0 0 0;--_ga-p-tablet:0 0 0 0;--_ga-bg-tablet:transparent none;--_ga-zi-tablet:auto;--_ga-d-tablet:flex;--_ga-mw-tablet:calc(100% - 0 - 0);--_ga-m-mobile:0 0 0 0;--_ga-p-mobile:0 0 0 0;--_ga-bg-mobile:transparent none;--_ga-zi-mobile:auto;--_ga-d-mobile:flex;--_ga-mw-mobile:calc(100% - 0 - 0)\">\n<div class=\"wp-block-stackable-testimonial stk-block-testimonial stk-block stk-7d03455 is-style-default\" data-v=\"2\" data-block-id=\"7d03455\"><div class=\"stk-block-testimonial__content stk-content-align stk-7d03455-column stk-container stk-7d03455-container stk-hover-parent\"><div class=\"stk-block-content stk-inner-blocks has-text-align-center stk-7d03455-inner-blocks\"><div class=\"wp-block-stackable-text stk-block-text stk-block stk-b20d95c\" data-block-id=\"b20d95c\"><p class=\"stk-block-text__text\">Description for this block. Use this space for describing your block. Any text will do. Description for this block. You can use this space for describing your block.<\/p><\/div>\n\n<div class=\"wp-block-stackable-image stk-block-image stk-block stk-e09e852\" data-block-id=\"e09e852\"><style>.stk-e09e852 .stk-img-wrapper{width:75px !important;height:75px !important}.stk-e09e852 .stk-img-wrapper img,.stk-e09e852 .stk-img-wrapper::after,.stk-e09e852 .stk-img-wrapper::before{mask-image:url('data:image\/svg+xml;base64,PHN2ZyB4bWxucz0iaHR0cDovL3d3dy53My5vcmcvMjAwMC9zdmciIHZpZXdCb3g9IjAgMCAxMDAgMTAwIiBwcmVzZXJ2ZUFzcGVjdFJhdGlvPSJub25lIj48Y2lyY2xlIGN4PSI1MCIgY3k9IjUwIiByPSI1MCI+PC9jaXJjbGU+PC9zdmc+') !important;-webkit-mask-image:url('data:image\/svg+xml;base64,PHN2ZyB4bWxucz0iaHR0cDovL3d3dy53My5vcmcvMjAwMC9zdmciIHZpZXdCb3g9IjAgMCAxMDAgMTAwIiBwcmVzZXJ2ZUFzcGVjdFJhdGlvPSJub25lIj48Y2lyY2xlIGN4PSI1MCIgY3k9IjUwIiByPSI1MCI+PC9jaXJjbGU+PC9zdmc+') !important}<\/style><\/div>\n\n<div class=\"wp-block-stackable-heading stk-block-heading stk-block-heading--v2 stk-block stk-295a463\" id=\"name\" data-block-id=\"295a463\"><h3 class=\"stk-block-heading__text\">Name<\/h3><\/div>\n\n<div class=\"wp-block-stackable-subtitle stk-block-subtitle stk-block stk-ec37352\" data-block-id=\"ec37352\"><p class=\"stk-block-subtitle__text stk-subtitle\">Position<\/p><\/div><\/div><\/div><\/div>\n<\/div>\n\n<div class=\"grids-area\" style=\"--_ga-column:3\/4;--_ga-row:1\/2;--_ga-m-desktop:0 0 0 0;--_ga-p-desktop:0 0 0 0;--_ga-bg-desktop:transparent none;--_ga-zi-desktop:auto;--_ga-d-desktop:flex;--_ga-mw-desktop:calc(100% - 0 - 0);--_ga-m-tablet:0 0 0 0;--_ga-p-tablet:0 0 0 0;--_ga-bg-tablet:transparent none;--_ga-zi-tablet:auto;--_ga-d-tablet:flex;--_ga-mw-tablet:calc(100% - 0 - 0);--_ga-m-mobile:0 0 0 0;--_ga-p-mobile:0 0 0 0;--_ga-bg-mobile:transparent none;--_ga-zi-mobile:auto;--_ga-d-mobile:flex;--_ga-mw-mobile:calc(100% - 0 - 0)\">\n<div class=\"wp-block-stackable-testimonial stk-block-testimonial stk-block stk-7af3df8 is-style-default\" data-v=\"2\" data-block-id=\"7af3df8\"><div class=\"stk-block-testimonial__content stk-content-align stk-7af3df8-column stk-container stk-7af3df8-container stk-hover-parent\"><div class=\"stk-block-content stk-inner-blocks has-text-align-center stk-7af3df8-inner-blocks\"><div class=\"wp-block-stackable-text stk-block-text stk-block stk-00391b0\" data-block-id=\"00391b0\"><p class=\"stk-block-text__text\">Description for this block. Use this space for describing your block. Any text will do. Description for this block. You can use this space for describing your block.<\/p><\/div>\n\n<div class=\"wp-block-stackable-image stk-block-image stk-block stk-3d3bb04\" data-block-id=\"3d3bb04\"><style>.stk-3d3bb04 .stk-img-wrapper{width:75px !important;height:75px !important}.stk-3d3bb04 .stk-img-wrapper img,.stk-3d3bb04 .stk-img-wrapper::after,.stk-3d3bb04 .stk-img-wrapper::before{mask-image:url('data:image\/svg+xml;base64,PHN2ZyB4bWxucz0iaHR0cDovL3d3dy53My5vcmcvMjAwMC9zdmciIHZpZXdCb3g9IjAgMCAxMDAgMTAwIiBwcmVzZXJ2ZUFzcGVjdFJhdGlvPSJub25lIj48Y2lyY2xlIGN4PSI1MCIgY3k9IjUwIiByPSI1MCI+PC9jaXJjbGU+PC9zdmc+') !important;-webkit-mask-image:url('data:image\/svg+xml;base64,PHN2ZyB4bWxucz0iaHR0cDovL3d3dy53My5vcmcvMjAwMC9zdmciIHZpZXdCb3g9IjAgMCAxMDAgMTAwIiBwcmVzZXJ2ZUFzcGVjdFJhdGlvPSJub25lIj48Y2lyY2xlIGN4PSI1MCIgY3k9IjUwIiByPSI1MCI+PC9jaXJjbGU+PC9zdmc+') !important}<\/style><\/div>\n\n<div class=\"wp-block-stackable-heading stk-block-heading stk-block-heading--v2 stk-block stk-158a485\" id=\"name\" data-block-id=\"158a485\"><h3 class=\"stk-block-heading__text\">Name<\/h3><\/div>\n\n<div class=\"wp-block-stackable-subtitle stk-block-subtitle stk-block stk-6dfc74e\" data-block-id=\"6dfc74e\"><p class=\"stk-block-subtitle__text stk-subtitle\">Position<\/p><\/div><\/div><\/div><\/div>\n<\/div>\n<\/div><\/div>","protected":false},"excerpt":{"rendered":"","protected":false},"author":1,"featured_media":0,"parent":0,"menu_order":0,"comment_status":"closed","ping_status":"closed","template":"","meta":{"_mc_calendar":[],"footnotes":""},"class_list":["post-1155","page","type-page","status-publish","hentry"],"yoast_head":"<!-- This site is optimized with the Yoast SEO plugin v25.1 - https:\/\/yoast.com\/wordpress\/plugins\/seo\/ -->\n<title>Kuvagalleria - EPIK<\/title>\n<meta name=\"robots\" content=\"index, follow, max-snippet:-1, max-image-preview:large, max-video-preview:-1\" \/>\n<link rel=\"canonical\" href=\"https:\/\/www.epik.fi\/index.php\/kuvagalleria\/\" \/>\n<meta property=\"og:locale\" content=\"fi_FI\" \/>\n<meta property=\"og:type\" content=\"article\" \/>\n<meta property=\"og:title\" content=\"Kuvagalleria - EPIK\" \/>\n<meta property=\"og:url\" content=\"https:\/\/www.epik.fi\/index.php\/kuvagalleria\/\" \/>\n<meta property=\"og:site_name\" content=\"EPIK\" \/>\n<meta property=\"article:publisher\" content=\"https:\/\/www.facebook.com\/EPilmailukerho\" \/>\n<meta property=\"article:modified_time\" content=\"2024-03-03T11:03:37+00:00\" \/>\n<meta name=\"twitter:card\" content=\"summary_large_image\" \/>\n<meta name=\"twitter:label1\" content=\"Arvioitu lukuaika\" \/>\n\t<meta name=\"twitter:data1\" content=\"1 minuutti\" \/>\n<script type=\"application\/ld+json\" class=\"yoast-schema-graph\">{\"@context\":\"https:\/\/schema.org\",\"@graph\":[{\"@type\":\"WebPage\",\"@id\":\"https:\/\/www.epik.fi\/index.php\/kuvagalleria\/\",\"url\":\"https:\/\/www.epik.fi\/index.php\/kuvagalleria\/\",\"name\":\"Kuvagalleria - EPIK\",\"isPartOf\":{\"@id\":\"https:\/\/www.epik.fi\/#website\"},\"datePublished\":\"2024-03-03T10:45:08+00:00\",\"dateModified\":\"2024-03-03T11:03:37+00:00\",\"breadcrumb\":{\"@id\":\"https:\/\/www.epik.fi\/index.php\/kuvagalleria\/#breadcrumb\"},\"inLanguage\":\"fi\",\"potentialAction\":[{\"@type\":\"ReadAction\",\"target\":[\"https:\/\/www.epik.fi\/index.php\/kuvagalleria\/\"]}]},{\"@type\":\"BreadcrumbList\",\"@id\":\"https:\/\/www.epik.fi\/index.php\/kuvagalleria\/#breadcrumb\",\"itemListElement\":[{\"@type\":\"ListItem\",\"position\":1,\"name\":\"Etusivu\",\"item\":\"https:\/\/www.epik.fi\/\"},{\"@type\":\"ListItem\",\"position\":2,\"name\":\"Kuvagalleria\"}]},{\"@type\":\"WebSite\",\"@id\":\"https:\/\/www.epik.fi\/#website\",\"url\":\"https:\/\/www.epik.fi\/\",\"name\":\"EPIK\",\"description\":\"Sein\u00e4joen lentokent\u00e4ll\u00e4 toimiva ilmailukerho\",\"publisher\":{\"@id\":\"https:\/\/www.epik.fi\/#organization\"},\"potentialAction\":[{\"@type\":\"SearchAction\",\"target\":{\"@type\":\"EntryPoint\",\"urlTemplate\":\"https:\/\/www.epik.fi\/?s={search_term_string}\"},\"query-input\":{\"@type\":\"PropertyValueSpecification\",\"valueRequired\":true,\"valueName\":\"search_term_string\"}}],\"inLanguage\":\"fi\"},{\"@type\":\"Organization\",\"@id\":\"https:\/\/www.epik.fi\/#organization\",\"name\":\"EPIK\",\"url\":\"https:\/\/www.epik.fi\/\",\"logo\":{\"@type\":\"ImageObject\",\"inLanguage\":\"fi\",\"@id\":\"https:\/\/www.epik.fi\/#\/schema\/logo\/image\/\",\"url\":\"https:\/\/www.epik.fi\/wordpress\/wp-content\/uploads\/2023\/10\/Logo.jpg\",\"contentUrl\":\"https:\/\/www.epik.fi\/wordpress\/wp-content\/uploads\/2023\/10\/Logo.jpg\",\"width\":235,\"height\":234,\"caption\":\"EPIK\"},\"image\":{\"@id\":\"https:\/\/www.epik.fi\/#\/schema\/logo\/image\/\"},\"sameAs\":[\"https:\/\/www.facebook.com\/EPilmailukerho\"]}]}<\/script>\n<!-- \/ Yoast SEO plugin. -->","yoast_head_json":{"title":"Kuvagalleria - EPIK","robots":{"index":"index","follow":"follow","max-snippet":"max-snippet:-1","max-image-preview":"max-image-preview:large","max-video-preview":"max-video-preview:-1"},"canonical":"https:\/\/www.epik.fi\/index.php\/kuvagalleria\/","og_locale":"fi_FI","og_type":"article","og_title":"Kuvagalleria - EPIK","og_url":"https:\/\/www.epik.fi\/index.php\/kuvagalleria\/","og_site_name":"EPIK","article_publisher":"https:\/\/www.facebook.com\/EPilmailukerho","article_modified_time":"2024-03-03T11:03:37+00:00","twitter_card":"summary_large_image","twitter_misc":{"Arvioitu lukuaika":"1 minuutti"},"schema":{"@context":"https:\/\/schema.org","@graph":[{"@type":"WebPage","@id":"https:\/\/www.epik.fi\/index.php\/kuvagalleria\/","url":"https:\/\/www.epik.fi\/index.php\/kuvagalleria\/","name":"Kuvagalleria - EPIK","isPartOf":{"@id":"https:\/\/www.epik.fi\/#website"},"datePublished":"2024-03-03T10:45:08+00:00","dateModified":"2024-03-03T11:03:37+00:00","breadcrumb":{"@id":"https:\/\/www.epik.fi\/index.php\/kuvagalleria\/#breadcrumb"},"inLanguage":"fi","potentialAction":[{"@type":"ReadAction","target":["https:\/\/www.epik.fi\/index.php\/kuvagalleria\/"]}]},{"@type":"BreadcrumbList","@id":"https:\/\/www.epik.fi\/index.php\/kuvagalleria\/#breadcrumb","itemListElement":[{"@type":"ListItem","position":1,"name":"Etusivu","item":"https:\/\/www.epik.fi\/"},{"@type":"ListItem","position":2,"name":"Kuvagalleria"}]},{"@type":"WebSite","@id":"https:\/\/www.epik.fi\/#website","url":"https:\/\/www.epik.fi\/","name":"EPIK","description":"Sein\u00e4joen lentokent\u00e4ll\u00e4 toimiva ilmailukerho","publisher":{"@id":"https:\/\/www.epik.fi\/#organization"},"potentialAction":[{"@type":"SearchAction","target":{"@type":"EntryPoint","urlTemplate":"https:\/\/www.epik.fi\/?s={search_term_string}"},"query-input":{"@type":"PropertyValueSpecification","valueRequired":true,"valueName":"search_term_string"}}],"inLanguage":"fi"},{"@type":"Organization","@id":"https:\/\/www.epik.fi\/#organization","name":"EPIK","url":"https:\/\/www.epik.fi\/","logo":{"@type":"ImageObject","inLanguage":"fi","@id":"https:\/\/www.epik.fi\/#\/schema\/logo\/image\/","url":"https:\/\/www.epik.fi\/wordpress\/wp-content\/uploads\/2023\/10\/Logo.jpg","contentUrl":"https:\/\/www.epik.fi\/wordpress\/wp-content\/uploads\/2023\/10\/Logo.jpg","width":235,"height":234,"caption":"EPIK"},"image":{"@id":"https:\/\/www.epik.fi\/#\/schema\/logo\/image\/"},"sameAs":["https:\/\/www.facebook.com\/EPilmailukerho"]}]}},"_links":{"self":[{"href":"https:\/\/www.epik.fi\/index.php\/wp-json\/wp\/v2\/pages\/1155"}],"collection":[{"href":"https:\/\/www.epik.fi\/index.php\/wp-json\/wp\/v2\/pages"}],"about":[{"href":"https:\/\/www.epik.fi\/index.php\/wp-json\/wp\/v2\/types\/page"}],"author":[{"embeddable":true,"href":"https:\/\/www.epik.fi\/index.php\/wp-json\/wp\/v2\/users\/1"}],"replies":[{"embeddable":true,"href":"https:\/\/www.epik.fi\/index.php\/wp-json\/wp\/v2\/comments?post=1155"}],"version-history":[{"count":8,"href":"https:\/\/www.epik.fi\/index.php\/wp-json\/wp\/v2\/pages\/1155\/revisions"}],"predecessor-version":[{"id":1167,"href":"https:\/\/www.epik.fi\/index.php\/wp-json\/wp\/v2\/pages\/1155\/revisions\/1167"}],"wp:attachment":[{"href":"https:\/\/www.epik.fi\/index.php\/wp-json\/wp\/v2\/media?parent=1155"}],"curies":[{"name":"wp","href":"https:\/\/api.w.org\/{rel}","templated":true}]}}