{"id":1315,"date":"2024-05-22T21:10:23","date_gmt":"2024-05-22T18:10:23","guid":{"rendered":"https:\/\/dev.epik.fi\/?page_id=1315"},"modified":"2024-06-09T16:13:00","modified_gmt":"2024-06-09T13:13:00","slug":"koko-perheen-ilmailutahtuma-vapaaehtoistyo","status":"publish","type":"page","link":"https:\/\/www.epik.fi\/index.php\/koko-perheen-ilmailutahtuma-vapaaehtoistyo\/","title":{"rendered":"Koko Perheen ilmailutapahtuma Vapaaehtoisty\u00f6"},"content":{"rendered":"<h3 class=\"wp-block-heading\">Tule mukaan vapaaehtoisty\u00f6h\u00f6n Etel\u00e4-Pohjanmaan ilmailukerhon lenton\u00e4yt\u00f6kseen ja Fly In -tapahtumaan!<\/h3><figure class=\"wp-block-image size-full\"><img loading=\"lazy\" decoding=\"async\" width=\"960\" height=\"409\" src=\"https:\/\/www.epik.fi\/wordpress\/wp-content\/uploads\/2024\/05\/Koko_perheen_lentonaytos_2024_1_Seinajoki.jpg\" alt=\"\" class=\"wp-image-1325\" srcset=\"https:\/\/www.epik.fi\/wordpress\/wp-content\/uploads\/2024\/05\/Koko_perheen_lentonaytos_2024_1_Seinajoki.jpg 960w, https:\/\/www.epik.fi\/wordpress\/wp-content\/uploads\/2024\/05\/Koko_perheen_lentonaytos_2024_1_Seinajoki-600x256.jpg 600w, https:\/\/www.epik.fi\/wordpress\/wp-content\/uploads\/2024\/05\/Koko_perheen_lentonaytos_2024_1_Seinajoki-300x128.jpg 300w, https:\/\/www.epik.fi\/wordpress\/wp-content\/uploads\/2024\/05\/Koko_perheen_lentonaytos_2024_1_Seinajoki-768x327.jpg 768w\" sizes=\"(max-width: 960px) 100vw, 960px\" \/><\/figure><div class=\"wp-block-buttons is-layout-flex wp-block-buttons-is-layout-flex\"><div class=\"wp-block-button\"><a class=\"wp-block-button__link wp-element-button\" href=\"https:\/\/www.epik.fi\/index.php\/lentonaytos-2024-seinajoella\/\">Lenton\u00e4yt\u00f6ksen Kotisivu<\/a><\/div><\/div><p><strong>Etel\u00e4-Pohjanmaan ilmailukerho<\/strong> j\u00e4rjest\u00e4\u00e4 t\u00e4n\u00e4 vuonna upean <strong>koko perheen lenton\u00e4yt\u00f6ksen ja Fly In -tapahtuman<\/strong>, ja tarvitsemme sinun apuasi tehd\u00e4ksemme t\u00e4st\u00e4 unohtumattoman kokemuksen kaikille k\u00e4vij\u00f6ille!<\/p><p><strong>P\u00e4iv\u00e4m\u00e4\u00e4r\u00e4:<\/strong> [28.7.2024]<br><strong>Paikka:<\/strong> [Sein\u00e4joen Lentoasema]<\/p><h4 class=\"wp-block-heading\">Miksi tulla vapaaehtoiseksi?<\/h4><ul class=\"wp-block-list\"><li><strong>El\u00e4myksellinen kokemus:<\/strong> P\u00e4\u00e4set osaksi suurta ilmailutapahtumaa ja n\u00e4kem\u00e4\u00e4n sen kulissien takaa.<\/li>\n\n<li><strong>Yhteis\u00f6llisyys:<\/strong> Tapaat uusia ihmisi\u00e4 ja saat yst\u00e4vi\u00e4, jotka jakavat saman intohimon ilmailuun.<\/li>\n\n<li><strong>Hyv\u00e4 mieli:<\/strong> Vapaaehtoisty\u00f6 tuo iloa ja hyv\u00e4\u00e4 mielt\u00e4, kun tied\u00e4t auttaneesi onnistuneen tapahtuman j\u00e4rjest\u00e4misess\u00e4.<\/li>\n\n<li><strong>Kiitokseksi:<\/strong> Vapaaehtoisille tarjotaan ruokailu ja kahvit tapahtuman aikana ja ainutlaatuinen mahdollisuus tutustua lentokoneisiin ja pilotteihin tarkemmin ja halukkaille tutustumislennon kerhon koneella<\/li><\/ul><h4 class=\"wp-block-heading\">Teht\u00e4vi\u00e4, joissa voisit auttaa:<\/h4><ul class=\"wp-block-list\"><li><strong>Liikenteen ohjaus ja pys\u00e4k\u00f6inti<\/strong><\/li>\n\n<li><strong>Lipunmyynti ja opastus<\/strong><\/li>\n\n<li><strong>Ravintola- ja kahvilapalvelut<\/strong><\/li>\n\n<li><strong>J\u00e4rjestyksen valvoja (JV Kortilliset)<\/strong><\/li>\n\n<li><strong>Muut Aktiviteetit<\/strong><\/li><\/ul><p><strong>Vapaaehtoisty\u00f6n ty\u00f6aika:<\/strong> Tapahtuma alkaa 11:00 ja p\u00e4\u00e4ttyy 16:00. Vapaaehtoisty\u00f6 alkaa 1-1.5 tuntia ennen tilaisuuden alkua ja p\u00e4\u00e4tyy tilaisuuden loputtua. Ilmoitamme tarkemmin teht\u00e4v\u00e4kohtaiset ajat ennen tilaisuuden alkua. Osa ty\u00f6st\u00e4 kuten liikenteen ohjaus keskittyy ruuhka aikoihin.<\/p><p>Oletpa sitten konkari vapaaehtoisty\u00f6ss\u00e4 tai vasta-alkaja, kaikki ovat tervetulleita! Ainoa, mit\u00e4 tarvitset, on innokkuutta ja halua olla mukana luomassa ikimuistoista p\u00e4iv\u00e4\u00e4.<\/p><p> Yhdess\u00e4 teemme t\u00e4st\u00e4 tapahtumasta menestyksekk\u00e4\u00e4n ja mieleenpainuvan kokemuksen kaikille. Tule mukaan ja koe lenton\u00e4yt\u00f6ksen taikaa l\u00e4helt\u00e4!<\/p><p><strong>Ilmoittaudu vapaaehtoiseksi<\/strong>: Oheisella lomakkeella<\/p><h4 class=\"wp-block-heading\"><strong>Etel\u00e4-Pohjanmaan ilmailukerho kiitt\u00e4\u00e4 sinua jo etuk\u00e4teen ja toivottaa sinut l\u00e4mpim\u00e4sti tervetulleeksi osaksi tiimi\u00e4mme!<\/strong><\/h4><div class=\"wp-block-buttons is-layout-flex wp-block-buttons-is-layout-flex\"><div class=\"wp-block-button\"><a class=\"wp-block-button__link wp-element-button\" href=\"https:\/\/www.epik.fi\/index.php\/ilmoittautuminen-ilmailipaivan-vapaaehtoistyo\/\"><strong>Ilmoittaudu<\/strong><\/a><\/div><\/div><div class=\"wp-block-stackable-divider stk-block-divider stk-block stk-a71f050\" data-block-id=\"a71f050\"><hr class=\"stk-block-divider__hr\"\/><\/div>","protected":false},"excerpt":{"rendered":"<p>Tule mukaan vapaaehtoisty\u00f6h\u00f6n Etel\u00e4-Pohjanmaan ilmailukerhon lenton\u00e4yt\u00f6kseen ja Fly In -tapahtumaan! Etel\u00e4-Pohjanmaan ilmailukerho j\u00e4rjest\u00e4\u00e4 t\u00e4n\u00e4 vuonna upean koko perheen lenton\u00e4yt\u00f6ksen ja Fly In -tapahtuman, ja tarvitsemme sinun apuasi tehd\u00e4ksemme t\u00e4st\u00e4 unohtumattoman kokemuksen kaikille k\u00e4vij\u00f6ille! P\u00e4iv\u00e4m\u00e4\u00e4r\u00e4: [28.7.2024]Paikka: [Sein\u00e4joen Lentoasema] Miksi tulla vapaaehtoiseksi? Teht\u00e4vi\u00e4, joissa voisit auttaa: Vapaaehtoisty\u00f6n ty\u00f6aika: Tapahtuma alkaa 11:00 ja p\u00e4\u00e4ttyy 16:00. Vapaaehtoisty\u00f6 alkaa 1-1.5 [&hellip;]<\/p>\n","protected":false},"author":1,"featured_media":0,"parent":0,"menu_order":0,"comment_status":"closed","ping_status":"closed","template":"","meta":{"_mc_calendar":[],"footnotes":""},"class_list":["post-1315","page","type-page","status-publish","hentry"],"yoast_head":"<!-- This site is optimized with the Yoast SEO plugin v25.1 - https:\/\/yoast.com\/wordpress\/plugins\/seo\/ -->\n<title>Koko Perheen ilmailutapahtuma Vapaaehtoisty\u00f6 -<\/title>\n<meta name=\"description\" content=\"Tule mukaan vapaaehtoisty\u00f6h\u00f6n Etel\u00e4pohjanmaan ilmailukerhon lenton\u00e4yt\u00f6kseen ja Fly In -tapahtumaan!\" \/>\n<meta name=\"robots\" content=\"index, follow, max-snippet:-1, max-image-preview:large, max-video-preview:-1\" \/>\n<link rel=\"canonical\" href=\"https:\/\/www.epik.fi\/index.php\/koko-perheen-ilmailutahtuma-vapaaehtoistyo\/\" \/>\n<meta property=\"og:locale\" content=\"fi_FI\" \/>\n<meta property=\"og:type\" content=\"article\" \/>\n<meta property=\"og:title\" content=\"Koko Perheen ilmailutapahtuma Vapaaehtoisty\u00f6 -\" \/>\n<meta property=\"og:description\" content=\"Tule mukaan vapaaehtoisty\u00f6h\u00f6n Etel\u00e4pohjanmaan ilmailukerhon lenton\u00e4yt\u00f6kseen ja Fly In -tapahtumaan!\" \/>\n<meta property=\"og:url\" content=\"https:\/\/www.epik.fi\/index.php\/koko-perheen-ilmailutahtuma-vapaaehtoistyo\/\" \/>\n<meta property=\"og:site_name\" content=\"EPIK\" \/>\n<meta property=\"article:publisher\" content=\"https:\/\/www.facebook.com\/EPilmailukerho\" \/>\n<meta property=\"article:modified_time\" content=\"2024-06-09T13:13:00+00:00\" \/>\n<meta property=\"og:image\" content=\"https:\/\/www.epik.fi\/wordpress\/wp-content\/uploads\/2024\/05\/Koko_perheen_lentonaytos_2024_1_Seinajoki.jpg\" \/>\n<meta name=\"twitter:card\" content=\"summary_large_image\" \/>\n<meta name=\"twitter:label1\" content=\"Arvioitu lukuaika\" \/>\n\t<meta name=\"twitter:data1\" content=\"2 minuuttia\" \/>\n<script type=\"application\/ld+json\" class=\"yoast-schema-graph\">{\"@context\":\"https:\/\/schema.org\",\"@graph\":[{\"@type\":\"WebPage\",\"@id\":\"https:\/\/www.epik.fi\/index.php\/koko-perheen-ilmailutahtuma-vapaaehtoistyo\/\",\"url\":\"https:\/\/www.epik.fi\/index.php\/koko-perheen-ilmailutahtuma-vapaaehtoistyo\/\",\"name\":\"Koko Perheen ilmailutapahtuma Vapaaehtoisty\u00f6 -\",\"isPartOf\":{\"@id\":\"https:\/\/www.epik.fi\/#website\"},\"primaryImageOfPage\":{\"@id\":\"https:\/\/www.epik.fi\/index.php\/koko-perheen-ilmailutahtuma-vapaaehtoistyo\/#primaryimage\"},\"image\":{\"@id\":\"https:\/\/www.epik.fi\/index.php\/koko-perheen-ilmailutahtuma-vapaaehtoistyo\/#primaryimage\"},\"thumbnailUrl\":\"https:\/\/www.epik.fi\/wordpress\/wp-content\/uploads\/2024\/05\/Koko_perheen_lentonaytos_2024_1_Seinajoki.jpg\",\"datePublished\":\"2024-05-22T18:10:23+00:00\",\"dateModified\":\"2024-06-09T13:13:00+00:00\",\"description\":\"Tule mukaan vapaaehtoisty\u00f6h\u00f6n Etel\u00e4pohjanmaan ilmailukerhon lenton\u00e4yt\u00f6kseen ja Fly In -tapahtumaan!\",\"breadcrumb\":{\"@id\":\"https:\/\/www.epik.fi\/index.php\/koko-perheen-ilmailutahtuma-vapaaehtoistyo\/#breadcrumb\"},\"inLanguage\":\"fi\",\"potentialAction\":[{\"@type\":\"ReadAction\",\"target\":[\"https:\/\/www.epik.fi\/index.php\/koko-perheen-ilmailutahtuma-vapaaehtoistyo\/\"]}]},{\"@type\":\"ImageObject\",\"inLanguage\":\"fi\",\"@id\":\"https:\/\/www.epik.fi\/index.php\/koko-perheen-ilmailutahtuma-vapaaehtoistyo\/#primaryimage\",\"url\":\"https:\/\/www.epik.fi\/wordpress\/wp-content\/uploads\/2024\/05\/Koko_perheen_lentonaytos_2024_1_Seinajoki.jpg\",\"contentUrl\":\"https:\/\/www.epik.fi\/wordpress\/wp-content\/uploads\/2024\/05\/Koko_perheen_lentonaytos_2024_1_Seinajoki.jpg\",\"width\":960,\"height\":409},{\"@type\":\"BreadcrumbList\",\"@id\":\"https:\/\/www.epik.fi\/index.php\/koko-perheen-ilmailutahtuma-vapaaehtoistyo\/#breadcrumb\",\"itemListElement\":[{\"@type\":\"ListItem\",\"position\":1,\"name\":\"Etusivu\",\"item\":\"https:\/\/www.epik.fi\/\"},{\"@type\":\"ListItem\",\"position\":2,\"name\":\"Koko Perheen ilmailutapahtuma Vapaaehtoisty\u00f6\"}]},{\"@type\":\"WebSite\",\"@id\":\"https:\/\/www.epik.fi\/#website\",\"url\":\"https:\/\/www.epik.fi\/\",\"name\":\"EPIK\",\"description\":\"Sein\u00e4joen lentokent\u00e4ll\u00e4 toimiva ilmailukerho\",\"publisher\":{\"@id\":\"https:\/\/www.epik.fi\/#organization\"},\"potentialAction\":[{\"@type\":\"SearchAction\",\"target\":{\"@type\":\"EntryPoint\",\"urlTemplate\":\"https:\/\/www.epik.fi\/?s={search_term_string}\"},\"query-input\":{\"@type\":\"PropertyValueSpecification\",\"valueRequired\":true,\"valueName\":\"search_term_string\"}}],\"inLanguage\":\"fi\"},{\"@type\":\"Organization\",\"@id\":\"https:\/\/www.epik.fi\/#organization\",\"name\":\"EPIK\",\"url\":\"https:\/\/www.epik.fi\/\",\"logo\":{\"@type\":\"ImageObject\",\"inLanguage\":\"fi\",\"@id\":\"https:\/\/www.epik.fi\/#\/schema\/logo\/image\/\",\"url\":\"https:\/\/www.epik.fi\/wordpress\/wp-content\/uploads\/2023\/10\/Logo.jpg\",\"contentUrl\":\"https:\/\/www.epik.fi\/wordpress\/wp-content\/uploads\/2023\/10\/Logo.jpg\",\"width\":235,\"height\":234,\"caption\":\"EPIK\"},\"image\":{\"@id\":\"https:\/\/www.epik.fi\/#\/schema\/logo\/image\/\"},\"sameAs\":[\"https:\/\/www.facebook.com\/EPilmailukerho\"]}]}<\/script>\n<!-- \/ Yoast SEO plugin. -->","yoast_head_json":{"title":"Koko Perheen ilmailutapahtuma Vapaaehtoisty\u00f6 -","description":"Tule mukaan vapaaehtoisty\u00f6h\u00f6n Etel\u00e4pohjanmaan ilmailukerhon lenton\u00e4yt\u00f6kseen ja Fly In -tapahtumaan!","robots":{"index":"index","follow":"follow","max-snippet":"max-snippet:-1","max-image-preview":"max-image-preview:large","max-video-preview":"max-video-preview:-1"},"canonical":"https:\/\/www.epik.fi\/index.php\/koko-perheen-ilmailutahtuma-vapaaehtoistyo\/","og_locale":"fi_FI","og_type":"article","og_title":"Koko Perheen ilmailutapahtuma Vapaaehtoisty\u00f6 -","og_description":"Tule mukaan vapaaehtoisty\u00f6h\u00f6n Etel\u00e4pohjanmaan ilmailukerhon lenton\u00e4yt\u00f6kseen ja Fly In -tapahtumaan!","og_url":"https:\/\/www.epik.fi\/index.php\/koko-perheen-ilmailutahtuma-vapaaehtoistyo\/","og_site_name":"EPIK","article_publisher":"https:\/\/www.facebook.com\/EPilmailukerho","article_modified_time":"2024-06-09T13:13:00+00:00","og_image":[{"url":"https:\/\/www.epik.fi\/wordpress\/wp-content\/uploads\/2024\/05\/Koko_perheen_lentonaytos_2024_1_Seinajoki.jpg","type":"","width":"","height":""}],"twitter_card":"summary_large_image","twitter_misc":{"Arvioitu lukuaika":"2 minuuttia"},"schema":{"@context":"https:\/\/schema.org","@graph":[{"@type":"WebPage","@id":"https:\/\/www.epik.fi\/index.php\/koko-perheen-ilmailutahtuma-vapaaehtoistyo\/","url":"https:\/\/www.epik.fi\/index.php\/koko-perheen-ilmailutahtuma-vapaaehtoistyo\/","name":"Koko Perheen ilmailutapahtuma Vapaaehtoisty\u00f6 -","isPartOf":{"@id":"https:\/\/www.epik.fi\/#website"},"primaryImageOfPage":{"@id":"https:\/\/www.epik.fi\/index.php\/koko-perheen-ilmailutahtuma-vapaaehtoistyo\/#primaryimage"},"image":{"@id":"https:\/\/www.epik.fi\/index.php\/koko-perheen-ilmailutahtuma-vapaaehtoistyo\/#primaryimage"},"thumbnailUrl":"https:\/\/www.epik.fi\/wordpress\/wp-content\/uploads\/2024\/05\/Koko_perheen_lentonaytos_2024_1_Seinajoki.jpg","datePublished":"2024-05-22T18:10:23+00:00","dateModified":"2024-06-09T13:13:00+00:00","description":"Tule mukaan vapaaehtoisty\u00f6h\u00f6n Etel\u00e4pohjanmaan ilmailukerhon lenton\u00e4yt\u00f6kseen ja Fly In -tapahtumaan!","breadcrumb":{"@id":"https:\/\/www.epik.fi\/index.php\/koko-perheen-ilmailutahtuma-vapaaehtoistyo\/#breadcrumb"},"inLanguage":"fi","potentialAction":[{"@type":"ReadAction","target":["https:\/\/www.epik.fi\/index.php\/koko-perheen-ilmailutahtuma-vapaaehtoistyo\/"]}]},{"@type":"ImageObject","inLanguage":"fi","@id":"https:\/\/www.epik.fi\/index.php\/koko-perheen-ilmailutahtuma-vapaaehtoistyo\/#primaryimage","url":"https:\/\/www.epik.fi\/wordpress\/wp-content\/uploads\/2024\/05\/Koko_perheen_lentonaytos_2024_1_Seinajoki.jpg","contentUrl":"https:\/\/www.epik.fi\/wordpress\/wp-content\/uploads\/2024\/05\/Koko_perheen_lentonaytos_2024_1_Seinajoki.jpg","width":960,"height":409},{"@type":"BreadcrumbList","@id":"https:\/\/www.epik.fi\/index.php\/koko-perheen-ilmailutahtuma-vapaaehtoistyo\/#breadcrumb","itemListElement":[{"@type":"ListItem","position":1,"name":"Etusivu","item":"https:\/\/www.epik.fi\/"},{"@type":"ListItem","position":2,"name":"Koko Perheen ilmailutapahtuma Vapaaehtoisty\u00f6"}]},{"@type":"WebSite","@id":"https:\/\/www.epik.fi\/#website","url":"https:\/\/www.epik.fi\/","name":"EPIK","description":"Sein\u00e4joen lentokent\u00e4ll\u00e4 toimiva ilmailukerho","publisher":{"@id":"https:\/\/www.epik.fi\/#organization"},"potentialAction":[{"@type":"SearchAction","target":{"@type":"EntryPoint","urlTemplate":"https:\/\/www.epik.fi\/?s={search_term_string}"},"query-input":{"@type":"PropertyValueSpecification","valueRequired":true,"valueName":"search_term_string"}}],"inLanguage":"fi"},{"@type":"Organization","@id":"https:\/\/www.epik.fi\/#organization","name":"EPIK","url":"https:\/\/www.epik.fi\/","logo":{"@type":"ImageObject","inLanguage":"fi","@id":"https:\/\/www.epik.fi\/#\/schema\/logo\/image\/","url":"https:\/\/www.epik.fi\/wordpress\/wp-content\/uploads\/2023\/10\/Logo.jpg","contentUrl":"https:\/\/www.epik.fi\/wordpress\/wp-content\/uploads\/2023\/10\/Logo.jpg","width":235,"height":234,"caption":"EPIK"},"image":{"@id":"https:\/\/www.epik.fi\/#\/schema\/logo\/image\/"},"sameAs":["https:\/\/www.facebook.com\/EPilmailukerho"]}]}},"_links":{"self":[{"href":"https:\/\/www.epik.fi\/index.php\/wp-json\/wp\/v2\/pages\/1315"}],"collection":[{"href":"https:\/\/www.epik.fi\/index.php\/wp-json\/wp\/v2\/pages"}],"about":[{"href":"https:\/\/www.epik.fi\/index.php\/wp-json\/wp\/v2\/types\/page"}],"author":[{"embeddable":true,"href":"https:\/\/www.epik.fi\/index.php\/wp-json\/wp\/v2\/users\/1"}],"replies":[{"embeddable":true,"href":"https:\/\/www.epik.fi\/index.php\/wp-json\/wp\/v2\/comments?post=1315"}],"version-history":[{"count":20,"href":"https:\/\/www.epik.fi\/index.php\/wp-json\/wp\/v2\/pages\/1315\/revisions"}],"predecessor-version":[{"id":1580,"href":"https:\/\/www.epik.fi\/index.php\/wp-json\/wp\/v2\/pages\/1315\/revisions\/1580"}],"wp:attachment":[{"href":"https:\/\/www.epik.fi\/index.php\/wp-json\/wp\/v2\/media?parent=1315"}],"curies":[{"name":"wp","href":"https:\/\/api.w.org\/{rel}","templated":true}]}}