{"id":1340,"date":"2024-05-23T09:25:25","date_gmt":"2024-05-23T06:25:25","guid":{"rendered":"https:\/\/dev.epik.fi\/?page_id=1340"},"modified":"2024-06-09T16:09:26","modified_gmt":"2024-06-09T13:09:26","slug":"ilmoittautuminen-ilmailipaivan-vapaaehtoistyo","status":"publish","type":"page","link":"https:\/\/www.epik.fi\/index.php\/ilmoittautuminen-ilmailipaivan-vapaaehtoistyo\/","title":{"rendered":"Ilmoittautuminen: Ilmailup\u00e4iv\u00e4n Vapaaehtoisty\u00f6"},"content":{"rendered":"<div class=\"wp-block-buttons is-layout-flex wp-block-buttons-is-layout-flex\"><div class=\"wp-block-button\"><a class=\"wp-block-button__link wp-element-button\" href=\"https:\/\/www.epik.fi\/index.php\/lentonaytos-2024-seinajoella\/\">Lenton\u00e4yt\u00f6ksen Kotisivu<\/a><\/div><\/div>\n<h2 class=\"entry-title\">Koko perheen lenton\u00e4yt\u00f6s 2024 Sein\u00e4joki<\/h2>\n\n<div class=\"dls-sus-sheet\">\n\n    \n    \n        <div class=\"dls-sus-sheet-details\"><\/div>\n\n    \n<\/div><!-- .dls-sus-sheet -->\n","protected":false},"excerpt":{"rendered":"","protected":false},"author":1,"featured_media":0,"parent":0,"menu_order":0,"comment_status":"closed","ping_status":"closed","template":"","meta":{"_mc_calendar":[],"footnotes":""},"class_list":["post-1340","page","type-page","status-publish","hentry"],"yoast_head":"<!-- This site is optimized with the Yoast SEO plugin v25.1 - https:\/\/yoast.com\/wordpress\/plugins\/seo\/ -->\n<title>Ilmoittautuminen: Ilmailup\u00e4iv\u00e4n Vapaaehtoisty\u00f6 - EPIK<\/title>\n<meta name=\"robots\" content=\"index, follow, max-snippet:-1, max-image-preview:large, max-video-preview:-1\" \/>\n<link rel=\"canonical\" href=\"https:\/\/www.epik.fi\/index.php\/ilmoittautuminen-ilmailipaivan-vapaaehtoistyo\/\" \/>\n<meta property=\"og:locale\" content=\"fi_FI\" \/>\n<meta property=\"og:type\" content=\"article\" \/>\n<meta property=\"og:title\" content=\"Ilmoittautuminen: Ilmailup\u00e4iv\u00e4n Vapaaehtoisty\u00f6 - EPIK\" \/>\n<meta property=\"og:url\" content=\"https:\/\/www.epik.fi\/index.php\/ilmoittautuminen-ilmailipaivan-vapaaehtoistyo\/\" \/>\n<meta property=\"og:site_name\" content=\"EPIK\" \/>\n<meta property=\"article:publisher\" content=\"https:\/\/www.facebook.com\/EPilmailukerho\" \/>\n<meta property=\"article:modified_time\" content=\"2024-06-09T13:09:26+00:00\" \/>\n<meta name=\"twitter:card\" content=\"summary_large_image\" \/>\n<meta name=\"twitter:label1\" content=\"Arvioitu lukuaika\" \/>\n\t<meta name=\"twitter:data1\" content=\"1 minuutti\" \/>\n<script type=\"application\/ld+json\" class=\"yoast-schema-graph\">{\"@context\":\"https:\/\/schema.org\",\"@graph\":[{\"@type\":\"WebPage\",\"@id\":\"https:\/\/www.epik.fi\/index.php\/ilmoittautuminen-ilmailipaivan-vapaaehtoistyo\/\",\"url\":\"https:\/\/www.epik.fi\/index.php\/ilmoittautuminen-ilmailipaivan-vapaaehtoistyo\/\",\"name\":\"Ilmoittautuminen: Ilmailup\u00e4iv\u00e4n Vapaaehtoisty\u00f6 - EPIK\",\"isPartOf\":{\"@id\":\"https:\/\/www.epik.fi\/#website\"},\"datePublished\":\"2024-05-23T06:25:25+00:00\",\"dateModified\":\"2024-06-09T13:09:26+00:00\",\"breadcrumb\":{\"@id\":\"https:\/\/www.epik.fi\/index.php\/ilmoittautuminen-ilmailipaivan-vapaaehtoistyo\/#breadcrumb\"},\"inLanguage\":\"fi\",\"potentialAction\":[{\"@type\":\"ReadAction\",\"target\":[\"https:\/\/www.epik.fi\/index.php\/ilmoittautuminen-ilmailipaivan-vapaaehtoistyo\/\"]}]},{\"@type\":\"BreadcrumbList\",\"@id\":\"https:\/\/www.epik.fi\/index.php\/ilmoittautuminen-ilmailipaivan-vapaaehtoistyo\/#breadcrumb\",\"itemListElement\":[{\"@type\":\"ListItem\",\"position\":1,\"name\":\"Etusivu\",\"item\":\"https:\/\/www.epik.fi\/\"},{\"@type\":\"ListItem\",\"position\":2,\"name\":\"Ilmoittautuminen: Ilmailup\u00e4iv\u00e4n Vapaaehtoisty\u00f6\"}]},{\"@type\":\"WebSite\",\"@id\":\"https:\/\/www.epik.fi\/#website\",\"url\":\"https:\/\/www.epik.fi\/\",\"name\":\"EPIK\",\"description\":\"Sein\u00e4joen lentokent\u00e4ll\u00e4 toimiva ilmailukerho\",\"publisher\":{\"@id\":\"https:\/\/www.epik.fi\/#organization\"},\"potentialAction\":[{\"@type\":\"SearchAction\",\"target\":{\"@type\":\"EntryPoint\",\"urlTemplate\":\"https:\/\/www.epik.fi\/?s={search_term_string}\"},\"query-input\":{\"@type\":\"PropertyValueSpecification\",\"valueRequired\":true,\"valueName\":\"search_term_string\"}}],\"inLanguage\":\"fi\"},{\"@type\":\"Organization\",\"@id\":\"https:\/\/www.epik.fi\/#organization\",\"name\":\"EPIK\",\"url\":\"https:\/\/www.epik.fi\/\",\"logo\":{\"@type\":\"ImageObject\",\"inLanguage\":\"fi\",\"@id\":\"https:\/\/www.epik.fi\/#\/schema\/logo\/image\/\",\"url\":\"https:\/\/www.epik.fi\/wordpress\/wp-content\/uploads\/2023\/10\/Logo.jpg\",\"contentUrl\":\"https:\/\/www.epik.fi\/wordpress\/wp-content\/uploads\/2023\/10\/Logo.jpg\",\"width\":235,\"height\":234,\"caption\":\"EPIK\"},\"image\":{\"@id\":\"https:\/\/www.epik.fi\/#\/schema\/logo\/image\/\"},\"sameAs\":[\"https:\/\/www.facebook.com\/EPilmailukerho\"]}]}<\/script>\n<!-- \/ Yoast SEO plugin. -->","yoast_head_json":{"title":"Ilmoittautuminen: Ilmailup\u00e4iv\u00e4n Vapaaehtoisty\u00f6 - EPIK","robots":{"index":"index","follow":"follow","max-snippet":"max-snippet:-1","max-image-preview":"max-image-preview:large","max-video-preview":"max-video-preview:-1"},"canonical":"https:\/\/www.epik.fi\/index.php\/ilmoittautuminen-ilmailipaivan-vapaaehtoistyo\/","og_locale":"fi_FI","og_type":"article","og_title":"Ilmoittautuminen: Ilmailup\u00e4iv\u00e4n Vapaaehtoisty\u00f6 - EPIK","og_url":"https:\/\/www.epik.fi\/index.php\/ilmoittautuminen-ilmailipaivan-vapaaehtoistyo\/","og_site_name":"EPIK","article_publisher":"https:\/\/www.facebook.com\/EPilmailukerho","article_modified_time":"2024-06-09T13:09:26+00:00","twitter_card":"summary_large_image","twitter_misc":{"Arvioitu lukuaika":"1 minuutti"},"schema":{"@context":"https:\/\/schema.org","@graph":[{"@type":"WebPage","@id":"https:\/\/www.epik.fi\/index.php\/ilmoittautuminen-ilmailipaivan-vapaaehtoistyo\/","url":"https:\/\/www.epik.fi\/index.php\/ilmoittautuminen-ilmailipaivan-vapaaehtoistyo\/","name":"Ilmoittautuminen: Ilmailup\u00e4iv\u00e4n Vapaaehtoisty\u00f6 - EPIK","isPartOf":{"@id":"https:\/\/www.epik.fi\/#website"},"datePublished":"2024-05-23T06:25:25+00:00","dateModified":"2024-06-09T13:09:26+00:00","breadcrumb":{"@id":"https:\/\/www.epik.fi\/index.php\/ilmoittautuminen-ilmailipaivan-vapaaehtoistyo\/#breadcrumb"},"inLanguage":"fi","potentialAction":[{"@type":"ReadAction","target":["https:\/\/www.epik.fi\/index.php\/ilmoittautuminen-ilmailipaivan-vapaaehtoistyo\/"]}]},{"@type":"BreadcrumbList","@id":"https:\/\/www.epik.fi\/index.php\/ilmoittautuminen-ilmailipaivan-vapaaehtoistyo\/#breadcrumb","itemListElement":[{"@type":"ListItem","position":1,"name":"Etusivu","item":"https:\/\/www.epik.fi\/"},{"@type":"ListItem","position":2,"name":"Ilmoittautuminen: Ilmailup\u00e4iv\u00e4n Vapaaehtoisty\u00f6"}]},{"@type":"WebSite","@id":"https:\/\/www.epik.fi\/#website","url":"https:\/\/www.epik.fi\/","name":"EPIK","description":"Sein\u00e4joen lentokent\u00e4ll\u00e4 toimiva ilmailukerho","publisher":{"@id":"https:\/\/www.epik.fi\/#organization"},"potentialAction":[{"@type":"SearchAction","target":{"@type":"EntryPoint","urlTemplate":"https:\/\/www.epik.fi\/?s={search_term_string}"},"query-input":{"@type":"PropertyValueSpecification","valueRequired":true,"valueName":"search_term_string"}}],"inLanguage":"fi"},{"@type":"Organization","@id":"https:\/\/www.epik.fi\/#organization","name":"EPIK","url":"https:\/\/www.epik.fi\/","logo":{"@type":"ImageObject","inLanguage":"fi","@id":"https:\/\/www.epik.fi\/#\/schema\/logo\/image\/","url":"https:\/\/www.epik.fi\/wordpress\/wp-content\/uploads\/2023\/10\/Logo.jpg","contentUrl":"https:\/\/www.epik.fi\/wordpress\/wp-content\/uploads\/2023\/10\/Logo.jpg","width":235,"height":234,"caption":"EPIK"},"image":{"@id":"https:\/\/www.epik.fi\/#\/schema\/logo\/image\/"},"sameAs":["https:\/\/www.facebook.com\/EPilmailukerho"]}]}},"_links":{"self":[{"href":"https:\/\/www.epik.fi\/index.php\/wp-json\/wp\/v2\/pages\/1340"}],"collection":[{"href":"https:\/\/www.epik.fi\/index.php\/wp-json\/wp\/v2\/pages"}],"about":[{"href":"https:\/\/www.epik.fi\/index.php\/wp-json\/wp\/v2\/types\/page"}],"author":[{"embeddable":true,"href":"https:\/\/www.epik.fi\/index.php\/wp-json\/wp\/v2\/users\/1"}],"replies":[{"embeddable":true,"href":"https:\/\/www.epik.fi\/index.php\/wp-json\/wp\/v2\/comments?post=1340"}],"version-history":[{"count":4,"href":"https:\/\/www.epik.fi\/index.php\/wp-json\/wp\/v2\/pages\/1340\/revisions"}],"predecessor-version":[{"id":1565,"href":"https:\/\/www.epik.fi\/index.php\/wp-json\/wp\/v2\/pages\/1340\/revisions\/1565"}],"wp:attachment":[{"href":"https:\/\/www.epik.fi\/index.php\/wp-json\/wp\/v2\/media?parent=1340"}],"curies":[{"name":"wp","href":"https:\/\/api.w.org\/{rel}","templated":true}]}}