{"id":1400,"date":"2024-05-24T21:46:14","date_gmt":"2024-05-24T18:46:14","guid":{"rendered":"https:\/\/dev.epik.fi\/?page_id=1400"},"modified":"2026-03-15T19:23:47","modified_gmt":"2026-03-15T17:23:47","slug":"west-aviaairshow-pysakointi-ja-saapuminen","status":"publish","type":"page","link":"https:\/\/www.epik.fi\/index.php\/west-aviaairshow-pysakointi-ja-saapuminen\/","title":{"rendered":"WEST AVIA AIRSHOW &amp; FLY IN: Pys\u00e4k\u00f6inti ja saapuminen"},"content":{"rendered":"<div class=\"wp-block-buttons is-layout-flex wp-block-buttons-is-layout-flex\"><div class=\"wp-block-button\"><a class=\"wp-block-button__link wp-element-button\" href=\"https:\/\/www.epik.fi\/index.php\/west-aviaairshow\/\">Lenton\u00e4yt\u00f6ksen kotisivu<\/a><\/div><\/div><p>WEST AVIA AIRSHOW &amp; FLY IN, voit saapua k\u00e4tev\u00e4sti autolla, moottoripy\u00f6r\u00e4ll\u00e4 tai polkupy\u00f6r\u00e4ll\u00e4. Meill\u00e4 on runsaasti pys\u00e4k\u00f6intitilaa kaikille ajoneuvoille. Tervetuloa nauttimaan upeasta lenton\u00e4yt\u00f6ksest\u00e4!<\/p><p><strong>Pys\u00e4k\u00f6intimaksu: <\/strong>Ilmainen<\/p><h3 class=\"wp-block-heading\">Saapuminen ja liikenteenohjaus<\/h3><p>Saapuminen Rengonharjuntien liittym\u00e4st\u00e4 josta liikenteenohjaus ohjaa vapaalle pys\u00e4k\u00f6inti alueelle.<\/p><figure class=\"wp-block-image size-full\"><img loading=\"lazy\" decoding=\"async\" width=\"745\" height=\"628\" src=\"https:\/\/www.epik.fi\/wordpress\/wp-content\/uploads\/2024\/05\/Lentonaytos_Seinajoki_2024_Liikenteenohjaus.jpg\" alt=\"\" class=\"wp-image-1423\" srcset=\"https:\/\/www.epik.fi\/wordpress\/wp-content\/uploads\/2024\/05\/Lentonaytos_Seinajoki_2024_Liikenteenohjaus.jpg 745w, https:\/\/www.epik.fi\/wordpress\/wp-content\/uploads\/2024\/05\/Lentonaytos_Seinajoki_2024_Liikenteenohjaus-600x506.jpg 600w, https:\/\/www.epik.fi\/wordpress\/wp-content\/uploads\/2024\/05\/Lentonaytos_Seinajoki_2024_Liikenteenohjaus-300x253.jpg 300w\" sizes=\"(max-width: 745px) 100vw, 745px\" \/><\/figure><h3 class=\"wp-block-heading\">Pys\u00e4k\u00f6inti<\/h3><ul class=\"wp-block-list\"><li><strong>Henkil\u00f6autot:<\/strong> Liikenteenohjaus ohjaa oikealle parkkipaikalle (Lento- aseman paikoitus, Sedu Paikoitus)<\/li>\n\n<li><strong>Moottoripy\u00f6r\u00e4t:<\/strong> Seuraa liikenteenohjaajien ohjeita<\/li>\n\n<li><strong>Polkupy\u00f6r\u00e4t: <\/strong>Seuraa liikenteenohjaajien ohjeita<\/li><\/ul>","protected":false},"excerpt":{"rendered":"<p>WEST AVIA AIRSHOW &amp; FLY IN, voit saapua k\u00e4tev\u00e4sti autolla, moottoripy\u00f6r\u00e4ll\u00e4 tai polkupy\u00f6r\u00e4ll\u00e4. Meill\u00e4 on runsaasti pys\u00e4k\u00f6intitilaa kaikille ajoneuvoille. Tervetuloa nauttimaan upeasta lenton\u00e4yt\u00f6ksest\u00e4! Pys\u00e4k\u00f6intimaksu: Ilmainen Saapuminen ja liikenteenohjaus Saapuminen Rengonharjuntien liittym\u00e4st\u00e4 josta liikenteenohjaus ohjaa vapaalle pys\u00e4k\u00f6inti alueelle. Pys\u00e4k\u00f6inti<\/p>\n","protected":false},"author":1,"featured_media":0,"parent":0,"menu_order":0,"comment_status":"closed","ping_status":"closed","template":"","meta":{"_mc_calendar":[],"footnotes":""},"class_list":["post-1400","page","type-page","status-publish","hentry"],"yoast_head":"<!-- This site is optimized with the Yoast SEO plugin v25.1 - https:\/\/yoast.com\/wordpress\/plugins\/seo\/ -->\n<title>WEST AVIA AIRSHOW &amp; FLY IN: Pys\u00e4k\u00f6inti ja saapuminen - EPIK<\/title>\n<meta name=\"robots\" content=\"index, follow, max-snippet:-1, max-image-preview:large, max-video-preview:-1\" \/>\n<link rel=\"canonical\" href=\"https:\/\/www.epik.fi\/index.php\/west-aviaairshow-pysakointi-ja-saapuminen\/\" \/>\n<meta property=\"og:locale\" content=\"fi_FI\" \/>\n<meta property=\"og:type\" content=\"article\" \/>\n<meta property=\"og:title\" content=\"WEST AVIA AIRSHOW &amp; FLY IN: Pys\u00e4k\u00f6inti ja saapuminen - EPIK\" \/>\n<meta property=\"og:description\" content=\"WEST AVIA AIRSHOW &amp; FLY IN, voit saapua k\u00e4tev\u00e4sti autolla, moottoripy\u00f6r\u00e4ll\u00e4 tai polkupy\u00f6r\u00e4ll\u00e4. Meill\u00e4 on runsaasti pys\u00e4k\u00f6intitilaa kaikille ajoneuvoille. Tervetuloa nauttimaan upeasta lenton\u00e4yt\u00f6ksest\u00e4! Pys\u00e4k\u00f6intimaksu: Ilmainen Saapuminen ja liikenteenohjaus Saapuminen Rengonharjuntien liittym\u00e4st\u00e4 josta liikenteenohjaus ohjaa vapaalle pys\u00e4k\u00f6inti alueelle. Pys\u00e4k\u00f6inti\" \/>\n<meta property=\"og:url\" content=\"https:\/\/www.epik.fi\/index.php\/west-aviaairshow-pysakointi-ja-saapuminen\/\" \/>\n<meta property=\"og:site_name\" content=\"EPIK\" \/>\n<meta property=\"article:publisher\" content=\"https:\/\/www.facebook.com\/EPilmailukerho\" \/>\n<meta property=\"article:modified_time\" content=\"2026-03-15T17:23:47+00:00\" \/>\n<meta property=\"og:image\" content=\"https:\/\/www.epik.fi\/wordpress\/wp-content\/uploads\/2024\/05\/Lentonaytos_Seinajoki_2024_Liikenteenohjaus.jpg\" \/>\n\t<meta property=\"og:image:width\" content=\"745\" \/>\n\t<meta property=\"og:image:height\" content=\"628\" \/>\n\t<meta property=\"og:image:type\" content=\"image\/jpeg\" \/>\n<meta name=\"twitter:card\" content=\"summary_large_image\" \/>\n<meta name=\"twitter:label1\" content=\"Arvioitu lukuaika\" \/>\n\t<meta name=\"twitter:data1\" content=\"1 minuutti\" \/>\n<script type=\"application\/ld+json\" class=\"yoast-schema-graph\">{\"@context\":\"https:\/\/schema.org\",\"@graph\":[{\"@type\":\"WebPage\",\"@id\":\"https:\/\/www.epik.fi\/index.php\/west-aviaairshow-pysakointi-ja-saapuminen\/\",\"url\":\"https:\/\/www.epik.fi\/index.php\/west-aviaairshow-pysakointi-ja-saapuminen\/\",\"name\":\"WEST AVIA AIRSHOW &amp; FLY IN: Pys\u00e4k\u00f6inti ja saapuminen - EPIK\",\"isPartOf\":{\"@id\":\"https:\/\/www.epik.fi\/#website\"},\"primaryImageOfPage\":{\"@id\":\"https:\/\/www.epik.fi\/index.php\/west-aviaairshow-pysakointi-ja-saapuminen\/#primaryimage\"},\"image\":{\"@id\":\"https:\/\/www.epik.fi\/index.php\/west-aviaairshow-pysakointi-ja-saapuminen\/#primaryimage\"},\"thumbnailUrl\":\"https:\/\/www.epik.fi\/wordpress\/wp-content\/uploads\/2024\/05\/Lentonaytos_Seinajoki_2024_Liikenteenohjaus.jpg\",\"datePublished\":\"2024-05-24T18:46:14+00:00\",\"dateModified\":\"2026-03-15T17:23:47+00:00\",\"breadcrumb\":{\"@id\":\"https:\/\/www.epik.fi\/index.php\/west-aviaairshow-pysakointi-ja-saapuminen\/#breadcrumb\"},\"inLanguage\":\"fi\",\"potentialAction\":[{\"@type\":\"ReadAction\",\"target\":[\"https:\/\/www.epik.fi\/index.php\/west-aviaairshow-pysakointi-ja-saapuminen\/\"]}]},{\"@type\":\"ImageObject\",\"inLanguage\":\"fi\",\"@id\":\"https:\/\/www.epik.fi\/index.php\/west-aviaairshow-pysakointi-ja-saapuminen\/#primaryimage\",\"url\":\"https:\/\/www.epik.fi\/wordpress\/wp-content\/uploads\/2024\/05\/Lentonaytos_Seinajoki_2024_Liikenteenohjaus.jpg\",\"contentUrl\":\"https:\/\/www.epik.fi\/wordpress\/wp-content\/uploads\/2024\/05\/Lentonaytos_Seinajoki_2024_Liikenteenohjaus.jpg\",\"width\":745,\"height\":628},{\"@type\":\"BreadcrumbList\",\"@id\":\"https:\/\/www.epik.fi\/index.php\/west-aviaairshow-pysakointi-ja-saapuminen\/#breadcrumb\",\"itemListElement\":[{\"@type\":\"ListItem\",\"position\":1,\"name\":\"Etusivu\",\"item\":\"https:\/\/www.epik.fi\/\"},{\"@type\":\"ListItem\",\"position\":2,\"name\":\"WEST AVIA AIRSHOW &amp; FLY IN: Pys\u00e4k\u00f6inti ja saapuminen\"}]},{\"@type\":\"WebSite\",\"@id\":\"https:\/\/www.epik.fi\/#website\",\"url\":\"https:\/\/www.epik.fi\/\",\"name\":\"EPIK\",\"description\":\"Sein\u00e4joen lentokent\u00e4ll\u00e4 toimiva ilmailukerho\",\"publisher\":{\"@id\":\"https:\/\/www.epik.fi\/#organization\"},\"potentialAction\":[{\"@type\":\"SearchAction\",\"target\":{\"@type\":\"EntryPoint\",\"urlTemplate\":\"https:\/\/www.epik.fi\/?s={search_term_string}\"},\"query-input\":{\"@type\":\"PropertyValueSpecification\",\"valueRequired\":true,\"valueName\":\"search_term_string\"}}],\"inLanguage\":\"fi\"},{\"@type\":\"Organization\",\"@id\":\"https:\/\/www.epik.fi\/#organization\",\"name\":\"EPIK\",\"url\":\"https:\/\/www.epik.fi\/\",\"logo\":{\"@type\":\"ImageObject\",\"inLanguage\":\"fi\",\"@id\":\"https:\/\/www.epik.fi\/#\/schema\/logo\/image\/\",\"url\":\"https:\/\/www.epik.fi\/wordpress\/wp-content\/uploads\/2023\/10\/Logo.jpg\",\"contentUrl\":\"https:\/\/www.epik.fi\/wordpress\/wp-content\/uploads\/2023\/10\/Logo.jpg\",\"width\":235,\"height\":234,\"caption\":\"EPIK\"},\"image\":{\"@id\":\"https:\/\/www.epik.fi\/#\/schema\/logo\/image\/\"},\"sameAs\":[\"https:\/\/www.facebook.com\/EPilmailukerho\"]}]}<\/script>\n<!-- \/ Yoast SEO plugin. -->","yoast_head_json":{"title":"WEST AVIA AIRSHOW &amp; FLY IN: Pys\u00e4k\u00f6inti ja saapuminen - EPIK","robots":{"index":"index","follow":"follow","max-snippet":"max-snippet:-1","max-image-preview":"max-image-preview:large","max-video-preview":"max-video-preview:-1"},"canonical":"https:\/\/www.epik.fi\/index.php\/west-aviaairshow-pysakointi-ja-saapuminen\/","og_locale":"fi_FI","og_type":"article","og_title":"WEST AVIA AIRSHOW &amp; FLY IN: Pys\u00e4k\u00f6inti ja saapuminen - EPIK","og_description":"WEST AVIA AIRSHOW &amp; FLY IN, voit saapua k\u00e4tev\u00e4sti autolla, moottoripy\u00f6r\u00e4ll\u00e4 tai polkupy\u00f6r\u00e4ll\u00e4. Meill\u00e4 on runsaasti pys\u00e4k\u00f6intitilaa kaikille ajoneuvoille. Tervetuloa nauttimaan upeasta lenton\u00e4yt\u00f6ksest\u00e4! Pys\u00e4k\u00f6intimaksu: Ilmainen Saapuminen ja liikenteenohjaus Saapuminen Rengonharjuntien liittym\u00e4st\u00e4 josta liikenteenohjaus ohjaa vapaalle pys\u00e4k\u00f6inti alueelle. Pys\u00e4k\u00f6inti","og_url":"https:\/\/www.epik.fi\/index.php\/west-aviaairshow-pysakointi-ja-saapuminen\/","og_site_name":"EPIK","article_publisher":"https:\/\/www.facebook.com\/EPilmailukerho","article_modified_time":"2026-03-15T17:23:47+00:00","og_image":[{"width":745,"height":628,"url":"https:\/\/www.epik.fi\/wordpress\/wp-content\/uploads\/2024\/05\/Lentonaytos_Seinajoki_2024_Liikenteenohjaus.jpg","type":"image\/jpeg"}],"twitter_card":"summary_large_image","twitter_misc":{"Arvioitu lukuaika":"1 minuutti"},"schema":{"@context":"https:\/\/schema.org","@graph":[{"@type":"WebPage","@id":"https:\/\/www.epik.fi\/index.php\/west-aviaairshow-pysakointi-ja-saapuminen\/","url":"https:\/\/www.epik.fi\/index.php\/west-aviaairshow-pysakointi-ja-saapuminen\/","name":"WEST AVIA AIRSHOW &amp; FLY IN: Pys\u00e4k\u00f6inti ja saapuminen - EPIK","isPartOf":{"@id":"https:\/\/www.epik.fi\/#website"},"primaryImageOfPage":{"@id":"https:\/\/www.epik.fi\/index.php\/west-aviaairshow-pysakointi-ja-saapuminen\/#primaryimage"},"image":{"@id":"https:\/\/www.epik.fi\/index.php\/west-aviaairshow-pysakointi-ja-saapuminen\/#primaryimage"},"thumbnailUrl":"https:\/\/www.epik.fi\/wordpress\/wp-content\/uploads\/2024\/05\/Lentonaytos_Seinajoki_2024_Liikenteenohjaus.jpg","datePublished":"2024-05-24T18:46:14+00:00","dateModified":"2026-03-15T17:23:47+00:00","breadcrumb":{"@id":"https:\/\/www.epik.fi\/index.php\/west-aviaairshow-pysakointi-ja-saapuminen\/#breadcrumb"},"inLanguage":"fi","potentialAction":[{"@type":"ReadAction","target":["https:\/\/www.epik.fi\/index.php\/west-aviaairshow-pysakointi-ja-saapuminen\/"]}]},{"@type":"ImageObject","inLanguage":"fi","@id":"https:\/\/www.epik.fi\/index.php\/west-aviaairshow-pysakointi-ja-saapuminen\/#primaryimage","url":"https:\/\/www.epik.fi\/wordpress\/wp-content\/uploads\/2024\/05\/Lentonaytos_Seinajoki_2024_Liikenteenohjaus.jpg","contentUrl":"https:\/\/www.epik.fi\/wordpress\/wp-content\/uploads\/2024\/05\/Lentonaytos_Seinajoki_2024_Liikenteenohjaus.jpg","width":745,"height":628},{"@type":"BreadcrumbList","@id":"https:\/\/www.epik.fi\/index.php\/west-aviaairshow-pysakointi-ja-saapuminen\/#breadcrumb","itemListElement":[{"@type":"ListItem","position":1,"name":"Etusivu","item":"https:\/\/www.epik.fi\/"},{"@type":"ListItem","position":2,"name":"WEST AVIA AIRSHOW &amp; FLY IN: Pys\u00e4k\u00f6inti ja saapuminen"}]},{"@type":"WebSite","@id":"https:\/\/www.epik.fi\/#website","url":"https:\/\/www.epik.fi\/","name":"EPIK","description":"Sein\u00e4joen lentokent\u00e4ll\u00e4 toimiva ilmailukerho","publisher":{"@id":"https:\/\/www.epik.fi\/#organization"},"potentialAction":[{"@type":"SearchAction","target":{"@type":"EntryPoint","urlTemplate":"https:\/\/www.epik.fi\/?s={search_term_string}"},"query-input":{"@type":"PropertyValueSpecification","valueRequired":true,"valueName":"search_term_string"}}],"inLanguage":"fi"},{"@type":"Organization","@id":"https:\/\/www.epik.fi\/#organization","name":"EPIK","url":"https:\/\/www.epik.fi\/","logo":{"@type":"ImageObject","inLanguage":"fi","@id":"https:\/\/www.epik.fi\/#\/schema\/logo\/image\/","url":"https:\/\/www.epik.fi\/wordpress\/wp-content\/uploads\/2023\/10\/Logo.jpg","contentUrl":"https:\/\/www.epik.fi\/wordpress\/wp-content\/uploads\/2023\/10\/Logo.jpg","width":235,"height":234,"caption":"EPIK"},"image":{"@id":"https:\/\/www.epik.fi\/#\/schema\/logo\/image\/"},"sameAs":["https:\/\/www.facebook.com\/EPilmailukerho"]}]}},"_links":{"self":[{"href":"https:\/\/www.epik.fi\/index.php\/wp-json\/wp\/v2\/pages\/1400"}],"collection":[{"href":"https:\/\/www.epik.fi\/index.php\/wp-json\/wp\/v2\/pages"}],"about":[{"href":"https:\/\/www.epik.fi\/index.php\/wp-json\/wp\/v2\/types\/page"}],"author":[{"embeddable":true,"href":"https:\/\/www.epik.fi\/index.php\/wp-json\/wp\/v2\/users\/1"}],"replies":[{"embeddable":true,"href":"https:\/\/www.epik.fi\/index.php\/wp-json\/wp\/v2\/comments?post=1400"}],"version-history":[{"count":3,"href":"https:\/\/www.epik.fi\/index.php\/wp-json\/wp\/v2\/pages\/1400\/revisions"}],"predecessor-version":[{"id":2347,"href":"https:\/\/www.epik.fi\/index.php\/wp-json\/wp\/v2\/pages\/1400\/revisions\/2347"}],"wp:attachment":[{"href":"https:\/\/www.epik.fi\/index.php\/wp-json\/wp\/v2\/media?parent=1400"}],"curies":[{"name":"wp","href":"https:\/\/api.w.org\/{rel}","templated":true}]}}