{"id":1467,"date":"2024-05-25T09:04:09","date_gmt":"2024-05-25T06:04:09","guid":{"rendered":"https:\/\/dev.epik.fi\/?page_id=1467"},"modified":"2026-03-14T17:43:05","modified_gmt":"2026-03-14T15:43:05","slug":"westaviaairshow-yhteistyokumppanit-ja-sponsorit","status":"publish","type":"page","link":"https:\/\/www.epik.fi\/index.php\/westaviaairshow-yhteistyokumppanit-ja-sponsorit\/","title":{"rendered":"WEST AVIA AIRSHOW\u00a0: Yhteisty\u00f6kumppanit ja sponsorit"},"content":{"rendered":"<div class=\"wp-block-buttons is-layout-flex wp-block-buttons-is-layout-flex\"><div class=\"wp-block-button\"><a class=\"wp-block-button__link wp-element-button\" href=\"https:\/\/www.epik.fi\/index.php\/west-aviaairshow\/\">Lenton\u00e4yt\u00f6ksen kotisivut<\/a><\/div><\/div><p><strong>Yhteisty\u00f6kumppanit ja Sponsorit<\/strong><\/p><p>Tervetuloa tutustumaan lenton\u00e4yt\u00f6ksemme arvokkaisiin yhteisty\u00f6kumppaneihin ja sponsoreihin! T\u00e4m\u00e4 tapahtuma ei olisi mahdollista ilman heid\u00e4n antamaansa tukea ja panosta. Haluamme l\u00e4mpim\u00e4sti kiitt\u00e4\u00e4 kaikkia mukana olevia tahoja siit\u00e4, ett\u00e4 he ovat tehneet t\u00e4m\u00e4n p\u00e4iv\u00e4n toteutumisen mahdolliseksi.<\/p><p>Erityiskiitokset seuraaville yhteisty\u00f6kumppaneille ja sponsoreille:<\/p><ul class=\"wp-block-list\"><li><strong>Into Sein\u00e4joki<\/strong>: Kiitos Into Sein\u00e4joelle jatkuvasta tuesta ja yhteisty\u00f6st\u00e4, joka on ollut korvaamatonta tapahtumamme onnistumisen kannalta.<\/li>\n\n<li>Sponsoreita julkaistaan lis\u00e4\u00e4 my\u00f6hemmin<\/li><\/ul><p>Ilman teid\u00e4n panostanne lenton\u00e4yt\u00f6ksemme ei olisi n\u00e4in upea ja unohtumaton kokemus. Kiit\u00e4mme teit\u00e4 syd\u00e4mest\u00e4mme ja toivotamme kaikille osallistujille antoisaa ja viihdytt\u00e4v\u00e4\u00e4 p\u00e4iv\u00e4\u00e4 lenton\u00e4yt\u00f6ksess\u00e4mme!<\/p><div class=\"wp-block-stackable-divider stk-block-divider stk-block stk-7799ee7\" data-block-id=\"7799ee7\"><hr class=\"stk-block-divider__hr\"\/><\/div>\n<!-- This file should primarily consist of HTML with a little bit of PHP. -->\n<div class=\"aigwl_masonary_gallery gallery\">\r\n    <div class=\"grid-sizer\"><\/div>\r\n    <div class=\"gutter-sizer\"><\/div>\r\n                <div class=\"grid-item  \">\r\n                <a href=\"https:\/\/www.epik.fi\/wordpress\/wp-content\/uploads\/2024\/05\/Into_seinajoki.png\" data-fancybox=\"aigwl_gallery\">\r\n                    <img decoding=\"async\" class=\"masonary_gallery_img\" src=\"https:\/\/www.epik.fi\/wordpress\/wp-content\/uploads\/2024\/05\/Into_seinajoki.png\"\r\n                        alt=\"\">\r\n                                    <\/a>\r\n            <\/div>\r\n    <\/div>","protected":false},"excerpt":{"rendered":"<p>Yhteisty\u00f6kumppanit ja Sponsorit Tervetuloa tutustumaan lenton\u00e4yt\u00f6ksemme arvokkaisiin yhteisty\u00f6kumppaneihin ja sponsoreihin! T\u00e4m\u00e4 tapahtuma ei olisi mahdollista ilman heid\u00e4n antamaansa tukea ja panosta. Haluamme l\u00e4mpim\u00e4sti kiitt\u00e4\u00e4 kaikkia mukana olevia tahoja siit\u00e4, ett\u00e4 he ovat tehneet t\u00e4m\u00e4n p\u00e4iv\u00e4n toteutumisen mahdolliseksi. Erityiskiitokset seuraaville yhteisty\u00f6kumppaneille ja sponsoreille: Ilman teid\u00e4n panostanne lenton\u00e4yt\u00f6ksemme ei olisi n\u00e4in upea ja unohtumaton kokemus. Kiit\u00e4mme teit\u00e4 [&hellip;]<\/p>\n","protected":false},"author":1,"featured_media":0,"parent":0,"menu_order":0,"comment_status":"closed","ping_status":"closed","template":"","meta":{"_mc_calendar":[],"footnotes":""},"class_list":["post-1467","page","type-page","status-publish","hentry"],"yoast_head":"<!-- This site is optimized with the Yoast SEO plugin v25.1 - https:\/\/yoast.com\/wordpress\/plugins\/seo\/ -->\n<title>WEST AVIA AIRSHOW\u00a0: Yhteisty\u00f6kumppanit ja sponsorit -<\/title>\n<meta name=\"description\" content=\"Koko perheen lenton\u00e4yt\u00f6s: Yhteisty\u00f6kumppanit ja sponsorit\" \/>\n<meta name=\"robots\" content=\"index, follow, max-snippet:-1, max-image-preview:large, max-video-preview:-1\" \/>\n<link rel=\"canonical\" href=\"https:\/\/www.epik.fi\/index.php\/westaviaairshow-yhteistyokumppanit-ja-sponsorit\/\" \/>\n<meta property=\"og:locale\" content=\"fi_FI\" \/>\n<meta property=\"og:type\" content=\"article\" \/>\n<meta property=\"og:title\" content=\"WEST AVIA AIRSHOW\u00a0: Yhteisty\u00f6kumppanit ja sponsorit -\" \/>\n<meta property=\"og:description\" content=\"Koko perheen lenton\u00e4yt\u00f6s: Yhteisty\u00f6kumppanit ja sponsorit\" \/>\n<meta property=\"og:url\" content=\"https:\/\/www.epik.fi\/index.php\/westaviaairshow-yhteistyokumppanit-ja-sponsorit\/\" \/>\n<meta property=\"og:site_name\" content=\"EPIK\" \/>\n<meta property=\"article:publisher\" content=\"https:\/\/www.facebook.com\/EPilmailukerho\" \/>\n<meta property=\"article:modified_time\" content=\"2026-03-14T15:43:05+00:00\" \/>\n<meta name=\"twitter:card\" content=\"summary_large_image\" \/>\n<meta name=\"twitter:label1\" content=\"Arvioitu lukuaika\" \/>\n\t<meta name=\"twitter:data1\" content=\"1 minuutti\" \/>\n<script type=\"application\/ld+json\" class=\"yoast-schema-graph\">{\"@context\":\"https:\/\/schema.org\",\"@graph\":[{\"@type\":\"WebPage\",\"@id\":\"https:\/\/www.epik.fi\/index.php\/westaviaairshow-yhteistyokumppanit-ja-sponsorit\/\",\"url\":\"https:\/\/www.epik.fi\/index.php\/westaviaairshow-yhteistyokumppanit-ja-sponsorit\/\",\"name\":\"WEST AVIA AIRSHOW\u00a0: Yhteisty\u00f6kumppanit ja sponsorit -\",\"isPartOf\":{\"@id\":\"https:\/\/www.epik.fi\/#website\"},\"datePublished\":\"2024-05-25T06:04:09+00:00\",\"dateModified\":\"2026-03-14T15:43:05+00:00\",\"description\":\"Koko perheen lenton\u00e4yt\u00f6s: Yhteisty\u00f6kumppanit ja sponsorit\",\"breadcrumb\":{\"@id\":\"https:\/\/www.epik.fi\/index.php\/westaviaairshow-yhteistyokumppanit-ja-sponsorit\/#breadcrumb\"},\"inLanguage\":\"fi\",\"potentialAction\":[{\"@type\":\"ReadAction\",\"target\":[\"https:\/\/www.epik.fi\/index.php\/westaviaairshow-yhteistyokumppanit-ja-sponsorit\/\"]}]},{\"@type\":\"BreadcrumbList\",\"@id\":\"https:\/\/www.epik.fi\/index.php\/westaviaairshow-yhteistyokumppanit-ja-sponsorit\/#breadcrumb\",\"itemListElement\":[{\"@type\":\"ListItem\",\"position\":1,\"name\":\"Etusivu\",\"item\":\"https:\/\/www.epik.fi\/\"},{\"@type\":\"ListItem\",\"position\":2,\"name\":\"WEST AVIA AIRSHOW\u00a0: Yhteisty\u00f6kumppanit ja sponsorit\"}]},{\"@type\":\"WebSite\",\"@id\":\"https:\/\/www.epik.fi\/#website\",\"url\":\"https:\/\/www.epik.fi\/\",\"name\":\"EPIK\",\"description\":\"Sein\u00e4joen lentokent\u00e4ll\u00e4 toimiva ilmailukerho\",\"publisher\":{\"@id\":\"https:\/\/www.epik.fi\/#organization\"},\"potentialAction\":[{\"@type\":\"SearchAction\",\"target\":{\"@type\":\"EntryPoint\",\"urlTemplate\":\"https:\/\/www.epik.fi\/?s={search_term_string}\"},\"query-input\":{\"@type\":\"PropertyValueSpecification\",\"valueRequired\":true,\"valueName\":\"search_term_string\"}}],\"inLanguage\":\"fi\"},{\"@type\":\"Organization\",\"@id\":\"https:\/\/www.epik.fi\/#organization\",\"name\":\"EPIK\",\"url\":\"https:\/\/www.epik.fi\/\",\"logo\":{\"@type\":\"ImageObject\",\"inLanguage\":\"fi\",\"@id\":\"https:\/\/www.epik.fi\/#\/schema\/logo\/image\/\",\"url\":\"https:\/\/www.epik.fi\/wordpress\/wp-content\/uploads\/2023\/10\/Logo.jpg\",\"contentUrl\":\"https:\/\/www.epik.fi\/wordpress\/wp-content\/uploads\/2023\/10\/Logo.jpg\",\"width\":235,\"height\":234,\"caption\":\"EPIK\"},\"image\":{\"@id\":\"https:\/\/www.epik.fi\/#\/schema\/logo\/image\/\"},\"sameAs\":[\"https:\/\/www.facebook.com\/EPilmailukerho\"]}]}<\/script>\n<!-- \/ Yoast SEO plugin. -->","yoast_head_json":{"title":"WEST AVIA AIRSHOW\u00a0: Yhteisty\u00f6kumppanit ja sponsorit -","description":"Koko perheen lenton\u00e4yt\u00f6s: Yhteisty\u00f6kumppanit ja sponsorit","robots":{"index":"index","follow":"follow","max-snippet":"max-snippet:-1","max-image-preview":"max-image-preview:large","max-video-preview":"max-video-preview:-1"},"canonical":"https:\/\/www.epik.fi\/index.php\/westaviaairshow-yhteistyokumppanit-ja-sponsorit\/","og_locale":"fi_FI","og_type":"article","og_title":"WEST AVIA AIRSHOW\u00a0: Yhteisty\u00f6kumppanit ja sponsorit -","og_description":"Koko perheen lenton\u00e4yt\u00f6s: Yhteisty\u00f6kumppanit ja sponsorit","og_url":"https:\/\/www.epik.fi\/index.php\/westaviaairshow-yhteistyokumppanit-ja-sponsorit\/","og_site_name":"EPIK","article_publisher":"https:\/\/www.facebook.com\/EPilmailukerho","article_modified_time":"2026-03-14T15:43:05+00:00","twitter_card":"summary_large_image","twitter_misc":{"Arvioitu lukuaika":"1 minuutti"},"schema":{"@context":"https:\/\/schema.org","@graph":[{"@type":"WebPage","@id":"https:\/\/www.epik.fi\/index.php\/westaviaairshow-yhteistyokumppanit-ja-sponsorit\/","url":"https:\/\/www.epik.fi\/index.php\/westaviaairshow-yhteistyokumppanit-ja-sponsorit\/","name":"WEST AVIA AIRSHOW\u00a0: Yhteisty\u00f6kumppanit ja sponsorit -","isPartOf":{"@id":"https:\/\/www.epik.fi\/#website"},"datePublished":"2024-05-25T06:04:09+00:00","dateModified":"2026-03-14T15:43:05+00:00","description":"Koko perheen lenton\u00e4yt\u00f6s: Yhteisty\u00f6kumppanit ja sponsorit","breadcrumb":{"@id":"https:\/\/www.epik.fi\/index.php\/westaviaairshow-yhteistyokumppanit-ja-sponsorit\/#breadcrumb"},"inLanguage":"fi","potentialAction":[{"@type":"ReadAction","target":["https:\/\/www.epik.fi\/index.php\/westaviaairshow-yhteistyokumppanit-ja-sponsorit\/"]}]},{"@type":"BreadcrumbList","@id":"https:\/\/www.epik.fi\/index.php\/westaviaairshow-yhteistyokumppanit-ja-sponsorit\/#breadcrumb","itemListElement":[{"@type":"ListItem","position":1,"name":"Etusivu","item":"https:\/\/www.epik.fi\/"},{"@type":"ListItem","position":2,"name":"WEST AVIA AIRSHOW\u00a0: Yhteisty\u00f6kumppanit ja sponsorit"}]},{"@type":"WebSite","@id":"https:\/\/www.epik.fi\/#website","url":"https:\/\/www.epik.fi\/","name":"EPIK","description":"Sein\u00e4joen lentokent\u00e4ll\u00e4 toimiva ilmailukerho","publisher":{"@id":"https:\/\/www.epik.fi\/#organization"},"potentialAction":[{"@type":"SearchAction","target":{"@type":"EntryPoint","urlTemplate":"https:\/\/www.epik.fi\/?s={search_term_string}"},"query-input":{"@type":"PropertyValueSpecification","valueRequired":true,"valueName":"search_term_string"}}],"inLanguage":"fi"},{"@type":"Organization","@id":"https:\/\/www.epik.fi\/#organization","name":"EPIK","url":"https:\/\/www.epik.fi\/","logo":{"@type":"ImageObject","inLanguage":"fi","@id":"https:\/\/www.epik.fi\/#\/schema\/logo\/image\/","url":"https:\/\/www.epik.fi\/wordpress\/wp-content\/uploads\/2023\/10\/Logo.jpg","contentUrl":"https:\/\/www.epik.fi\/wordpress\/wp-content\/uploads\/2023\/10\/Logo.jpg","width":235,"height":234,"caption":"EPIK"},"image":{"@id":"https:\/\/www.epik.fi\/#\/schema\/logo\/image\/"},"sameAs":["https:\/\/www.facebook.com\/EPilmailukerho"]}]}},"_links":{"self":[{"href":"https:\/\/www.epik.fi\/index.php\/wp-json\/wp\/v2\/pages\/1467"}],"collection":[{"href":"https:\/\/www.epik.fi\/index.php\/wp-json\/wp\/v2\/pages"}],"about":[{"href":"https:\/\/www.epik.fi\/index.php\/wp-json\/wp\/v2\/types\/page"}],"author":[{"embeddable":true,"href":"https:\/\/www.epik.fi\/index.php\/wp-json\/wp\/v2\/users\/1"}],"replies":[{"embeddable":true,"href":"https:\/\/www.epik.fi\/index.php\/wp-json\/wp\/v2\/comments?post=1467"}],"version-history":[{"count":3,"href":"https:\/\/www.epik.fi\/index.php\/wp-json\/wp\/v2\/pages\/1467\/revisions"}],"predecessor-version":[{"id":2304,"href":"https:\/\/www.epik.fi\/index.php\/wp-json\/wp\/v2\/pages\/1467\/revisions\/2304"}],"wp:attachment":[{"href":"https:\/\/www.epik.fi\/index.php\/wp-json\/wp\/v2\/media?parent=1467"}],"curies":[{"name":"wp","href":"https:\/\/api.w.org\/{rel}","templated":true}]}}