{"id":261,"date":"2023-10-08T07:16:46","date_gmt":"2023-10-08T07:16:46","guid":{"rendered":"https:\/\/dev.epik.fi\/?page_id=261"},"modified":"2026-01-20T15:40:27","modified_gmt":"2026-01-20T13:40:27","slug":"purjelentaminen","status":"publish","type":"page","link":"https:\/\/www.epik.fi\/index.php\/purjelentaminen\/","title":{"rendered":"Purjelent\u00e4minen"},"content":{"rendered":"<h3 class=\"wp-block-heading\">Purjelento Etel\u00e4-Pohjanmaan Ilmailukerhossa<\/h3><p>Purjelent\u00e4minen on aurinkoenergian hy\u00f6dynt\u00e4mist\u00e4 parhaimmillaan ja tarjoaa ainutlaatuisen tavan nauttia ilmailun kauneudesta ja luonnon voimien hy\u00f6dynt\u00e4misest\u00e4. Kerhossa jo lupakirjan omaavat harrastaa purjelentoa  p\u00e4\u00e4osin huhti-syyskuun aikaana. Kerhossa onnistuu yksitt\u00e4iset koululennot yms kertauslennot, mutta muuten ohjaaamme purjelentolupakirjasta haaveilevat muihin kerhoihin.<\/p><h3 class=\"wp-block-heading\">Purjelento koulutus  l\u00e4hialueella <\/h3><p>Ilmasotakoulun lentokerho (koulutus p\u00e4\u00e4osin Kauhavalla)<a href=\"https:\/\/ilmasotakoulunlentokerho.com\/haluatko-lentaa\/lapls\/\"> Linkki Nettisivuille t\u00e4st\u00e4<\/a><\/p><p>Vaasan lentokerho (koulutus menkij\u00e4rvell\u00e4) <a href=\"https:\/\/vaasanlentokerho.fi\/purjelento\/koulutus\/\">Linkki nettisivulle t\u00e4st\u00e4<\/a><\/p><p>Etel\u00e4-Pohjanmaan ilmailukerho ei tarjoa t\u00e4ll\u00e4 hetkell\u00e4 lupakirjakoulutusta purjelentoon Sein\u00e4joella  opettajapulasta johtuen. <\/p><p>Mik\u00e4li mieless\u00e4 ultralent\u00e4j\u00e4n tai moottorilent\u00e4j\u00e4n lupakirja niin se onnistuu.<\/p><h3 class=\"wp-block-heading\"><\/h3><div class=\"wp-block-buttons is-layout-flex wp-block-buttons-is-layout-flex\">\n\n<\/div><h2 class=\"wp-block-heading\"><\/h2><h3 class=\"wp-block-heading\">Mik\u00e4li sinulla on lupakirja voit  lent\u00e4\u00e4 kerhon purjekoneilla mik\u00e4li on riitt\u00e4v\u00e4sti kokemusta ja kerhon vaatimukset t\u00e4yttyy.<\/h3><h2 class=\"wp-block-heading\">Kerhon purjekoneet:<\/h2><ul class=\"wp-block-list\"><li>Schleicher ASK 21, OH-783. 2-paikkainen purjekone<\/li>\n\n<li>Schleicher ASW 24, OH-869. 1- paikkainen purjekone<\/li>\n\n<li>Schleicher ASK 19B, OH-556. 1-paikkainen purjekone<\/li>\n\n<li>Schleicher ASK 23B, OH-703. 1-Paikkainen purjekone<\/li><\/ul><h2 class=\"wp-block-heading\"><\/h2>\n<!-- This file should primarily consist of HTML with a little bit of PHP. -->\n\r\n\r\n<div class=\"aigwl_grid_gallery container\">\r\n    <div class=\"aigwl_main\">\r\n                                <div class=\"aigwl_card\">\r\n                            <div class=\"aigwl-card-image  \">\r\n                                <a href=\"https:\/\/www.epik.fi\/wordpress\/wp-content\/uploads\/2023\/10\/OH-783.jpg\" data-fancybox=\"aigwl_gallery\">\r\n                                    <img decoding=\"async\" class=\"grid_gallery_img\" src=\"https:\/\/www.epik.fi\/wordpress\/wp-content\/uploads\/2023\/10\/OH-783.jpg\"\r\n                                        alt=\"\">\r\n                                                                                   \r\n                                <\/a>\r\n                            <\/div>\r\n                        <\/div>\r\n                                        <div class=\"aigwl_card\">\r\n                            <div class=\"aigwl-card-image  \">\r\n                                <a href=\"https:\/\/www.epik.fi\/wordpress\/wp-content\/uploads\/2023\/10\/OH869.jpg\" data-fancybox=\"aigwl_gallery\">\r\n                                    <img decoding=\"async\" class=\"grid_gallery_img\" src=\"https:\/\/www.epik.fi\/wordpress\/wp-content\/uploads\/2023\/10\/OH869.jpg\"\r\n                                        alt=\"\">\r\n                                                                                   \r\n                                <\/a>\r\n                            <\/div>\r\n                        <\/div>\r\n                                        <div class=\"aigwl_card\">\r\n                            <div class=\"aigwl-card-image  \">\r\n                                <a href=\"https:\/\/www.epik.fi\/wordpress\/wp-content\/uploads\/2023\/10\/OH-556.jpg\" data-fancybox=\"aigwl_gallery\">\r\n                                    <img decoding=\"async\" class=\"grid_gallery_img\" src=\"https:\/\/www.epik.fi\/wordpress\/wp-content\/uploads\/2023\/10\/OH-556.jpg\"\r\n                                        alt=\"\">\r\n                                                                                   \r\n                                <\/a>\r\n                            <\/div>\r\n                        <\/div>\r\n                    <\/div>\r\n<\/div><h3 class=\"wp-block-heading\">Kuvagalleria \u2013 Purjelennon vapaus ja kauneus<\/h3><p>Purjelento tarjoaa ainutlaatuisen mahdollisuuden kokea ilmailun hiljaisuuden ja luonnon nosteiden voiman. T\u00e4ss\u00e4 kuvagalleriassa p\u00e4\u00e4set tutustumaan purjelent\u00e4jien el\u00e4myksiin Etel\u00e4-Pohjanmaan Ilmailukerhossa . Kuvissa n\u00e4kyy purjelent\u00e4misen vapautta, kauniita maisemia ja yhteisi\u00e4 hetki\u00e4 ilmassa, jotka tekev\u00e4t t\u00e4st\u00e4 lajista unohtumattoman kokemuksen. Anna kuvien johdattaa sinut purjelent\u00e4misen rauhaan ja seikkailuun!<\/p><div class=\"wp-block-stackable-divider stk-block-divider stk-block stk-d8e85d7\" data-block-id=\"d8e85d7\"><hr class=\"stk-block-divider__hr\"\/><\/div><figure class=\"wp-block-video\"><video controls src=\"https:\/\/www.epik.fi\/wordpress\/wp-content\/uploads\/2023\/10\/Purjelennolla-360.mp4\"><\/video><\/figure><div class=\"wp-block-stackable-divider stk-block-divider stk-block stk-2b2be48\" data-block-id=\"2b2be48\"><hr class=\"stk-block-divider__hr\"\/><\/div>\n<!-- This file should primarily consist of HTML with a little bit of PHP. -->\n\r\n\r\n<div class=\"aigwl_grid_gallery container\">\r\n    <div class=\"aigwl_main\">\r\n                                <div class=\"aigwl_card\">\r\n                            <div class=\"aigwl-card-image  \">\r\n                                <a href=\"https:\/\/www.epik.fi\/wordpress\/wp-content\/uploads\/2024\/11\/Purjelento-1.jpeg\" data-fancybox=\"aigwl_gallery\">\r\n                                    <img decoding=\"async\" class=\"grid_gallery_img\" src=\"https:\/\/www.epik.fi\/wordpress\/wp-content\/uploads\/2024\/11\/Purjelento-1.jpeg\"\r\n                                        alt=\"\">\r\n                                                                                   \r\n                                <\/a>\r\n                            <\/div>\r\n                        <\/div>\r\n                                        <div class=\"aigwl_card\">\r\n                            <div class=\"aigwl-card-image  \">\r\n                                <a href=\"https:\/\/www.epik.fi\/wordpress\/wp-content\/uploads\/2024\/11\/Purjelento-2.jpeg\" data-fancybox=\"aigwl_gallery\">\r\n                                    <img decoding=\"async\" class=\"grid_gallery_img\" src=\"https:\/\/www.epik.fi\/wordpress\/wp-content\/uploads\/2024\/11\/Purjelento-2.jpeg\"\r\n                                        alt=\"\">\r\n                                                                                   \r\n                                <\/a>\r\n                            <\/div>\r\n                        <\/div>\r\n                                        <div class=\"aigwl_card\">\r\n                            <div class=\"aigwl-card-image  \">\r\n                                <a href=\"https:\/\/www.epik.fi\/wordpress\/wp-content\/uploads\/2024\/07\/Avoimet-ovet-25-5-20241.jpg\" data-fancybox=\"aigwl_gallery\">\r\n                                    <img decoding=\"async\" class=\"grid_gallery_img\" src=\"https:\/\/www.epik.fi\/wordpress\/wp-content\/uploads\/2024\/07\/Avoimet-ovet-25-5-20241.jpg\"\r\n                                        alt=\"\">\r\n                                                                                   \r\n                                <\/a>\r\n                            <\/div>\r\n                        <\/div>\r\n                                        <div class=\"aigwl_card\">\r\n                            <div class=\"aigwl-card-image  \">\r\n                                <a href=\"https:\/\/www.epik.fi\/wordpress\/wp-content\/uploads\/2024\/11\/Purjelento-3.jpeg\" data-fancybox=\"aigwl_gallery\">\r\n                                    <img decoding=\"async\" class=\"grid_gallery_img\" src=\"https:\/\/www.epik.fi\/wordpress\/wp-content\/uploads\/2024\/11\/Purjelento-3.jpeg\"\r\n                                        alt=\"\">\r\n                                                                                   \r\n                                <\/a>\r\n                            <\/div>\r\n                        <\/div>\r\n                    <\/div>\r\n<\/div>","protected":false},"excerpt":{"rendered":"<p>Purjelento Etel\u00e4-Pohjanmaan Ilmailukerhossa Purjelent\u00e4minen on aurinkoenergian hy\u00f6dynt\u00e4mist\u00e4 parhaimmillaan ja tarjoaa ainutlaatuisen tavan nauttia ilmailun kauneudesta ja luonnon voimien hy\u00f6dynt\u00e4misest\u00e4. Kerhossa jo lupakirjan omaavat harrastaa purjelentoa p\u00e4\u00e4osin huhti-syyskuun aikaana. Kerhossa onnistuu yksitt\u00e4iset koululennot yms kertauslennot, mutta muuten ohjaaamme purjelentolupakirjasta haaveilevat muihin kerhoihin. Purjelento koulutus l\u00e4hialueella Ilmasotakoulun lentokerho (koulutus p\u00e4\u00e4osin Kauhavalla) Linkki Nettisivuille t\u00e4st\u00e4 Vaasan lentokerho (koulutus [&hellip;]<\/p>\n","protected":false},"author":1,"featured_media":0,"parent":0,"menu_order":0,"comment_status":"closed","ping_status":"closed","template":"","meta":{"_mc_calendar":[],"footnotes":""},"class_list":["post-261","page","type-page","status-publish","hentry"],"yoast_head":"<!-- This site is optimized with the Yoast SEO plugin v25.1 - https:\/\/yoast.com\/wordpress\/plugins\/seo\/ -->\n<title>Purjelent\u00e4minen - EPIK<\/title>\n<meta name=\"robots\" content=\"index, follow, max-snippet:-1, max-image-preview:large, max-video-preview:-1\" \/>\n<link rel=\"canonical\" href=\"https:\/\/www.epik.fi\/index.php\/purjelentaminen\/\" \/>\n<meta property=\"og:locale\" content=\"fi_FI\" \/>\n<meta property=\"og:type\" content=\"article\" \/>\n<meta property=\"og:title\" content=\"Purjelent\u00e4minen - EPIK\" \/>\n<meta property=\"og:description\" content=\"Purjelento Etel\u00e4-Pohjanmaan Ilmailukerhossa Purjelent\u00e4minen on aurinkoenergian hy\u00f6dynt\u00e4mist\u00e4 parhaimmillaan ja tarjoaa ainutlaatuisen tavan nauttia ilmailun kauneudesta ja luonnon voimien hy\u00f6dynt\u00e4misest\u00e4. Kerhossa jo lupakirjan omaavat harrastaa purjelentoa p\u00e4\u00e4osin huhti-syyskuun aikaana. Kerhossa onnistuu yksitt\u00e4iset koululennot yms kertauslennot, mutta muuten ohjaaamme purjelentolupakirjasta haaveilevat muihin kerhoihin. Purjelento koulutus l\u00e4hialueella Ilmasotakoulun lentokerho (koulutus p\u00e4\u00e4osin Kauhavalla) Linkki Nettisivuille t\u00e4st\u00e4 Vaasan lentokerho (koulutus [&hellip;]\" \/>\n<meta property=\"og:url\" content=\"https:\/\/www.epik.fi\/index.php\/purjelentaminen\/\" \/>\n<meta property=\"og:site_name\" content=\"EPIK\" \/>\n<meta property=\"article:publisher\" content=\"https:\/\/www.facebook.com\/EPilmailukerho\" \/>\n<meta property=\"article:modified_time\" content=\"2026-01-20T13:40:27+00:00\" \/>\n<meta name=\"twitter:card\" content=\"summary_large_image\" \/>\n<meta name=\"twitter:label1\" content=\"Arvioitu lukuaika\" \/>\n\t<meta name=\"twitter:data1\" content=\"2 minuuttia\" \/>\n<script type=\"application\/ld+json\" class=\"yoast-schema-graph\">{\"@context\":\"https:\/\/schema.org\",\"@graph\":[{\"@type\":\"WebPage\",\"@id\":\"https:\/\/www.epik.fi\/index.php\/purjelentaminen\/\",\"url\":\"https:\/\/www.epik.fi\/index.php\/purjelentaminen\/\",\"name\":\"Purjelent\u00e4minen - EPIK\",\"isPartOf\":{\"@id\":\"https:\/\/www.epik.fi\/#website\"},\"datePublished\":\"2023-10-08T07:16:46+00:00\",\"dateModified\":\"2026-01-20T13:40:27+00:00\",\"breadcrumb\":{\"@id\":\"https:\/\/www.epik.fi\/index.php\/purjelentaminen\/#breadcrumb\"},\"inLanguage\":\"fi\",\"potentialAction\":[{\"@type\":\"ReadAction\",\"target\":[\"https:\/\/www.epik.fi\/index.php\/purjelentaminen\/\"]}]},{\"@type\":\"BreadcrumbList\",\"@id\":\"https:\/\/www.epik.fi\/index.php\/purjelentaminen\/#breadcrumb\",\"itemListElement\":[{\"@type\":\"ListItem\",\"position\":1,\"name\":\"Etusivu\",\"item\":\"https:\/\/www.epik.fi\/\"},{\"@type\":\"ListItem\",\"position\":2,\"name\":\"Purjelent\u00e4minen\"}]},{\"@type\":\"WebSite\",\"@id\":\"https:\/\/www.epik.fi\/#website\",\"url\":\"https:\/\/www.epik.fi\/\",\"name\":\"EPIK\",\"description\":\"Sein\u00e4joen lentokent\u00e4ll\u00e4 toimiva ilmailukerho\",\"publisher\":{\"@id\":\"https:\/\/www.epik.fi\/#organization\"},\"potentialAction\":[{\"@type\":\"SearchAction\",\"target\":{\"@type\":\"EntryPoint\",\"urlTemplate\":\"https:\/\/www.epik.fi\/?s={search_term_string}\"},\"query-input\":{\"@type\":\"PropertyValueSpecification\",\"valueRequired\":true,\"valueName\":\"search_term_string\"}}],\"inLanguage\":\"fi\"},{\"@type\":\"Organization\",\"@id\":\"https:\/\/www.epik.fi\/#organization\",\"name\":\"EPIK\",\"url\":\"https:\/\/www.epik.fi\/\",\"logo\":{\"@type\":\"ImageObject\",\"inLanguage\":\"fi\",\"@id\":\"https:\/\/www.epik.fi\/#\/schema\/logo\/image\/\",\"url\":\"https:\/\/www.epik.fi\/wordpress\/wp-content\/uploads\/2023\/10\/Logo.jpg\",\"contentUrl\":\"https:\/\/www.epik.fi\/wordpress\/wp-content\/uploads\/2023\/10\/Logo.jpg\",\"width\":235,\"height\":234,\"caption\":\"EPIK\"},\"image\":{\"@id\":\"https:\/\/www.epik.fi\/#\/schema\/logo\/image\/\"},\"sameAs\":[\"https:\/\/www.facebook.com\/EPilmailukerho\"]}]}<\/script>\n<!-- \/ Yoast SEO plugin. -->","yoast_head_json":{"title":"Purjelent\u00e4minen - EPIK","robots":{"index":"index","follow":"follow","max-snippet":"max-snippet:-1","max-image-preview":"max-image-preview:large","max-video-preview":"max-video-preview:-1"},"canonical":"https:\/\/www.epik.fi\/index.php\/purjelentaminen\/","og_locale":"fi_FI","og_type":"article","og_title":"Purjelent\u00e4minen - EPIK","og_description":"Purjelento Etel\u00e4-Pohjanmaan Ilmailukerhossa Purjelent\u00e4minen on aurinkoenergian hy\u00f6dynt\u00e4mist\u00e4 parhaimmillaan ja tarjoaa ainutlaatuisen tavan nauttia ilmailun kauneudesta ja luonnon voimien hy\u00f6dynt\u00e4misest\u00e4. Kerhossa jo lupakirjan omaavat harrastaa purjelentoa p\u00e4\u00e4osin huhti-syyskuun aikaana. Kerhossa onnistuu yksitt\u00e4iset koululennot yms kertauslennot, mutta muuten ohjaaamme purjelentolupakirjasta haaveilevat muihin kerhoihin. Purjelento koulutus l\u00e4hialueella Ilmasotakoulun lentokerho (koulutus p\u00e4\u00e4osin Kauhavalla) Linkki Nettisivuille t\u00e4st\u00e4 Vaasan lentokerho (koulutus [&hellip;]","og_url":"https:\/\/www.epik.fi\/index.php\/purjelentaminen\/","og_site_name":"EPIK","article_publisher":"https:\/\/www.facebook.com\/EPilmailukerho","article_modified_time":"2026-01-20T13:40:27+00:00","twitter_card":"summary_large_image","twitter_misc":{"Arvioitu lukuaika":"2 minuuttia"},"schema":{"@context":"https:\/\/schema.org","@graph":[{"@type":"WebPage","@id":"https:\/\/www.epik.fi\/index.php\/purjelentaminen\/","url":"https:\/\/www.epik.fi\/index.php\/purjelentaminen\/","name":"Purjelent\u00e4minen - EPIK","isPartOf":{"@id":"https:\/\/www.epik.fi\/#website"},"datePublished":"2023-10-08T07:16:46+00:00","dateModified":"2026-01-20T13:40:27+00:00","breadcrumb":{"@id":"https:\/\/www.epik.fi\/index.php\/purjelentaminen\/#breadcrumb"},"inLanguage":"fi","potentialAction":[{"@type":"ReadAction","target":["https:\/\/www.epik.fi\/index.php\/purjelentaminen\/"]}]},{"@type":"BreadcrumbList","@id":"https:\/\/www.epik.fi\/index.php\/purjelentaminen\/#breadcrumb","itemListElement":[{"@type":"ListItem","position":1,"name":"Etusivu","item":"https:\/\/www.epik.fi\/"},{"@type":"ListItem","position":2,"name":"Purjelent\u00e4minen"}]},{"@type":"WebSite","@id":"https:\/\/www.epik.fi\/#website","url":"https:\/\/www.epik.fi\/","name":"EPIK","description":"Sein\u00e4joen lentokent\u00e4ll\u00e4 toimiva ilmailukerho","publisher":{"@id":"https:\/\/www.epik.fi\/#organization"},"potentialAction":[{"@type":"SearchAction","target":{"@type":"EntryPoint","urlTemplate":"https:\/\/www.epik.fi\/?s={search_term_string}"},"query-input":{"@type":"PropertyValueSpecification","valueRequired":true,"valueName":"search_term_string"}}],"inLanguage":"fi"},{"@type":"Organization","@id":"https:\/\/www.epik.fi\/#organization","name":"EPIK","url":"https:\/\/www.epik.fi\/","logo":{"@type":"ImageObject","inLanguage":"fi","@id":"https:\/\/www.epik.fi\/#\/schema\/logo\/image\/","url":"https:\/\/www.epik.fi\/wordpress\/wp-content\/uploads\/2023\/10\/Logo.jpg","contentUrl":"https:\/\/www.epik.fi\/wordpress\/wp-content\/uploads\/2023\/10\/Logo.jpg","width":235,"height":234,"caption":"EPIK"},"image":{"@id":"https:\/\/www.epik.fi\/#\/schema\/logo\/image\/"},"sameAs":["https:\/\/www.facebook.com\/EPilmailukerho"]}]}},"_links":{"self":[{"href":"https:\/\/www.epik.fi\/index.php\/wp-json\/wp\/v2\/pages\/261"}],"collection":[{"href":"https:\/\/www.epik.fi\/index.php\/wp-json\/wp\/v2\/pages"}],"about":[{"href":"https:\/\/www.epik.fi\/index.php\/wp-json\/wp\/v2\/types\/page"}],"author":[{"embeddable":true,"href":"https:\/\/www.epik.fi\/index.php\/wp-json\/wp\/v2\/users\/1"}],"replies":[{"embeddable":true,"href":"https:\/\/www.epik.fi\/index.php\/wp-json\/wp\/v2\/comments?post=261"}],"version-history":[{"count":2,"href":"https:\/\/www.epik.fi\/index.php\/wp-json\/wp\/v2\/pages\/261\/revisions"}],"predecessor-version":[{"id":2240,"href":"https:\/\/www.epik.fi\/index.php\/wp-json\/wp\/v2\/pages\/261\/revisions\/2240"}],"wp:attachment":[{"href":"https:\/\/www.epik.fi\/index.php\/wp-json\/wp\/v2\/media?parent=261"}],"curies":[{"name":"wp","href":"https:\/\/api.w.org\/{rel}","templated":true}]}}