{"id":3,"date":"2023-05-08T15:07:44","date_gmt":"2023-05-08T15:07:44","guid":{"rendered":"https:\/\/dev.epik.fi\/?page_id=3"},"modified":"2023-10-16T17:32:38","modified_gmt":"2023-10-16T17:32:38","slug":"privacy-policy","status":"publish","type":"page","link":"https:\/\/www.epik.fi\/index.php\/privacy-policy\/","title":{"rendered":"Tietosuoja-seloste: Etel\u00e4pohjanmaan Ilmailukerhon Verkkosivusto ja Verkkokauppa"},"content":{"rendered":"<ol class=\"wp-block-list\"><li><strong>Rekisterinpit\u00e4j\u00e4<\/strong> Etel\u00e4pohjanmaan Ilmailukerho<br>\u00a0Ilmailukerhontie 27, Sein\u00e4joki<br>60760 Pojanluoma<br>+358-45674 1757<br><span \n                data-original-string='D9xV5V+RJthxnG9d0SjQsw==5c6opZVaNN0ElqjLpRB5SNyZ3mD65G273eZMkrKTdimbTs='\n                class='apbct-email-encoder'\n                title='This contact has been encoded by Anti-Spam by CleanTalk. Click to decode. To finish the decoding make sure that JavaScript is enabled in your browser.'>pu<span class=\"apbct-blur\">***********<\/span>@<span class=\"apbct-blur\">**<\/span>ik.fi<\/span><\/li>\n\n<li><strong>Rekisterist\u00e4 vastaava yhteyshenkil\u00f6<\/strong> <br><span \n                data-original-string='SFtGNeFceXaM68\/04cBkvg==5c65AytfQy3Sq0+gikWclVXyaLD5uzeBThub8028UgSD6U='\n                class='apbct-email-encoder'\n                title='This contact has been encoded by Anti-Spam by CleanTalk. Click to decode. To finish the decoding make sure that JavaScript is enabled in your browser.'>pu<span class=\"apbct-blur\">***********<\/span>@<span class=\"apbct-blur\">**<\/span>ik.fi<\/span><br>+358-45674 1757<\/li>\n\n<li><strong>Rekisterin nimi<\/strong> Etel\u00e4pohjanmaan Ilmailukerhon verkkosivuston ja verkkokaupan asiakasrekisteri<\/li>\n\n<li><strong>Henkil\u00f6tietojen k\u00e4sittelyn tarkoitus<\/strong> Henkil\u00f6tietoja k\u00e4sitell\u00e4\u00e4n tilausten k\u00e4sittelyyn, laskutukseen, markkinointiin sek\u00e4 k\u00e4ytt\u00e4j\u00e4kokemuksen ja palvelun parantamiseen.<\/li>\n\n<li><strong>Rekisterin tietosis\u00e4lt\u00f6<\/strong> Rekisteri voi sis\u00e4lt\u00e4\u00e4 seuraavia tietoja:<ul class=\"wp-block-list\"><li>Yhteystiedot: nimi, osoite, puhelinnumero, s\u00e4hk\u00f6postiosoite<\/li>\n\n<li>Tilaushistoria ja laskutustiedot<\/li>\n\n<li>Palautteet ja yhteydenotot<\/li>\n\n<li>K\u00e4ytt\u00e4j\u00e4tilastot ja k\u00e4ytt\u00e4ytymistiedot (Google Analytics)<\/li><\/ul><\/li>\n\n<li><strong>Tietol\u00e4hteet<\/strong> Tiedot saadaan asiakkailta tilausten yhteydess\u00e4, yhteydenottojen kautta sek\u00e4 web-analytiikasta (Google Analytics).<\/li>\n\n<li><strong>Tietojen luovutus<\/strong> Tietoja ei luovuteta kolmansille osapuolille, paitsi lakis\u00e4\u00e4teisiss\u00e4 tapauksissa. K\u00e4yt\u00e4mme Google Analytics -palvelua, joka voi siirt\u00e4\u00e4 tietoja palvelimilleen analyysia varten.<\/li>\n\n<li><strong>Tietojen siirto EU:n tai ETA:n ulkopuolelle<\/strong> Google Analytics voi siirt\u00e4\u00e4 tietoja EU:n tai ETA:n ulkopuolelle. Lue lis\u00e4\u00e4 Googlen tietosuojak\u00e4yt\u00e4nn\u00f6ist\u00e4 heid\u00e4n verkkosivuiltaan.<\/li>\n\n<li><strong>Rekisterin suojauksen periaatteet<\/strong> Kaikki henkil\u00f6tiedot s\u00e4ilytet\u00e4\u00e4n luottamuksellisina. Verkkopalvelumme ja j\u00e4rjestelm\u00e4mme ovat suojattu teknisin ratkaisuin.<\/li>\n\n<li><strong>Ev\u00e4steet (cookies)<\/strong> K\u00e4yt\u00e4mme ev\u00e4steit\u00e4 parantaaksemme k\u00e4ytt\u00e4j\u00e4kokemusta verkkosivuillamme. Ev\u00e4ste on pieni tekstitiedosto, jonka verkkosivusto tallentaa k\u00e4ytt\u00e4j\u00e4n p\u00e4\u00e4telaitteelle. Ev\u00e4steit\u00e4 k\u00e4ytet\u00e4\u00e4n esimerkiksi k\u00e4ytt\u00e4j\u00e4n tunnistamiseen, tilastolliseen seurantaan ja mainonnan kohdentamiseen.<\/li>\n\n<li><strong>Oikeus tarkastaa ja korjata tietoja<\/strong> Jokaisella rekisteriss\u00e4 olevalla henkil\u00f6ll\u00e4 on oikeus tarkastaa itse\u00e4\u00e4n koskevat tiedot ja vaatia virheellisten tietojen korjaamista. Tarkastus- ja korjauspyynt\u00f6 tulee l\u00e4hett\u00e4\u00e4 kirjallisesti ja allekirjoitettuna rekisterist\u00e4 vastaavalle yhteyshenkil\u00f6lle.<\/li>\n\n<li><strong>Muut oikeudet<\/strong> Rekisteriss\u00e4 olevalla henkil\u00f6ll\u00e4 on oikeus pyyt\u00e4\u00e4 h\u00e4nt\u00e4 koskevien henkil\u00f6tietojen poistamiseen rekisterist\u00e4 (&#8221;oikeus tulla unohdetuksi&#8221;). Lis\u00e4ksi muissa henkil\u00f6tietojen k\u00e4sittelyyn liittyviss\u00e4 asioissa voi ottaa yhteytt\u00e4 rekisterist\u00e4 vastaavaan yhteyshenkil\u00f6\u00f6n.<\/li><\/ol>","protected":false},"excerpt":{"rendered":"","protected":false},"author":1,"featured_media":0,"parent":0,"menu_order":0,"comment_status":"closed","ping_status":"open","template":"","meta":{"_mc_calendar":[],"footnotes":""},"class_list":["post-3","page","type-page","status-publish","hentry"],"yoast_head":"<!-- This site is optimized with the Yoast SEO plugin v25.1 - https:\/\/yoast.com\/wordpress\/plugins\/seo\/ -->\n<title>Tietosuoja-seloste: Etel\u00e4pohjanmaan Ilmailukerhon Verkkosivusto ja Verkkokauppa - EPIK<\/title>\n<meta name=\"robots\" content=\"index, follow, max-snippet:-1, max-image-preview:large, max-video-preview:-1\" \/>\n<link rel=\"canonical\" href=\"https:\/\/www.epik.fi\/index.php\/privacy-policy\/\" \/>\n<meta property=\"og:locale\" content=\"fi_FI\" \/>\n<meta property=\"og:type\" content=\"article\" \/>\n<meta property=\"og:title\" content=\"Tietosuoja-seloste: Etel\u00e4pohjanmaan Ilmailukerhon Verkkosivusto ja Verkkokauppa - EPIK\" \/>\n<meta property=\"og:url\" content=\"https:\/\/www.epik.fi\/index.php\/privacy-policy\/\" \/>\n<meta property=\"og:site_name\" content=\"EPIK\" \/>\n<meta property=\"article:publisher\" content=\"https:\/\/www.facebook.com\/EPilmailukerho\" \/>\n<meta property=\"article:modified_time\" content=\"2023-10-16T17:32:38+00:00\" \/>\n<meta name=\"twitter:card\" content=\"summary_large_image\" \/>\n<meta name=\"twitter:label1\" content=\"Arvioitu lukuaika\" \/>\n\t<meta name=\"twitter:data1\" content=\"2 minuuttia\" \/>\n<script type=\"application\/ld+json\" class=\"yoast-schema-graph\">{\"@context\":\"https:\/\/schema.org\",\"@graph\":[{\"@type\":\"WebPage\",\"@id\":\"https:\/\/www.epik.fi\/index.php\/privacy-policy\/\",\"url\":\"https:\/\/www.epik.fi\/index.php\/privacy-policy\/\",\"name\":\"Tietosuoja-seloste: Etel\u00e4pohjanmaan Ilmailukerhon Verkkosivusto ja Verkkokauppa - EPIK\",\"isPartOf\":{\"@id\":\"https:\/\/www.epik.fi\/#website\"},\"datePublished\":\"2023-05-08T15:07:44+00:00\",\"dateModified\":\"2023-10-16T17:32:38+00:00\",\"breadcrumb\":{\"@id\":\"https:\/\/www.epik.fi\/index.php\/privacy-policy\/#breadcrumb\"},\"inLanguage\":\"fi\",\"potentialAction\":[{\"@type\":\"ReadAction\",\"target\":[\"https:\/\/www.epik.fi\/index.php\/privacy-policy\/\"]}]},{\"@type\":\"BreadcrumbList\",\"@id\":\"https:\/\/www.epik.fi\/index.php\/privacy-policy\/#breadcrumb\",\"itemListElement\":[{\"@type\":\"ListItem\",\"position\":1,\"name\":\"Etusivu\",\"item\":\"https:\/\/www.epik.fi\/\"},{\"@type\":\"ListItem\",\"position\":2,\"name\":\"Tietosuoja-seloste: Etel\u00e4pohjanmaan Ilmailukerhon Verkkosivusto ja Verkkokauppa\"}]},{\"@type\":\"WebSite\",\"@id\":\"https:\/\/www.epik.fi\/#website\",\"url\":\"https:\/\/www.epik.fi\/\",\"name\":\"EPIK\",\"description\":\"Sein\u00e4joen lentokent\u00e4ll\u00e4 toimiva ilmailukerho\",\"publisher\":{\"@id\":\"https:\/\/www.epik.fi\/#organization\"},\"potentialAction\":[{\"@type\":\"SearchAction\",\"target\":{\"@type\":\"EntryPoint\",\"urlTemplate\":\"https:\/\/www.epik.fi\/?s={search_term_string}\"},\"query-input\":{\"@type\":\"PropertyValueSpecification\",\"valueRequired\":true,\"valueName\":\"search_term_string\"}}],\"inLanguage\":\"fi\"},{\"@type\":\"Organization\",\"@id\":\"https:\/\/www.epik.fi\/#organization\",\"name\":\"EPIK\",\"url\":\"https:\/\/www.epik.fi\/\",\"logo\":{\"@type\":\"ImageObject\",\"inLanguage\":\"fi\",\"@id\":\"https:\/\/www.epik.fi\/#\/schema\/logo\/image\/\",\"url\":\"https:\/\/www.epik.fi\/wordpress\/wp-content\/uploads\/2023\/10\/Logo.jpg\",\"contentUrl\":\"https:\/\/www.epik.fi\/wordpress\/wp-content\/uploads\/2023\/10\/Logo.jpg\",\"width\":235,\"height\":234,\"caption\":\"EPIK\"},\"image\":{\"@id\":\"https:\/\/www.epik.fi\/#\/schema\/logo\/image\/\"},\"sameAs\":[\"https:\/\/www.facebook.com\/EPilmailukerho\"]}]}<\/script>\n<!-- \/ Yoast SEO plugin. -->","yoast_head_json":{"title":"Tietosuoja-seloste: Etel\u00e4pohjanmaan Ilmailukerhon Verkkosivusto ja Verkkokauppa - EPIK","robots":{"index":"index","follow":"follow","max-snippet":"max-snippet:-1","max-image-preview":"max-image-preview:large","max-video-preview":"max-video-preview:-1"},"canonical":"https:\/\/www.epik.fi\/index.php\/privacy-policy\/","og_locale":"fi_FI","og_type":"article","og_title":"Tietosuoja-seloste: Etel\u00e4pohjanmaan Ilmailukerhon Verkkosivusto ja Verkkokauppa - EPIK","og_url":"https:\/\/www.epik.fi\/index.php\/privacy-policy\/","og_site_name":"EPIK","article_publisher":"https:\/\/www.facebook.com\/EPilmailukerho","article_modified_time":"2023-10-16T17:32:38+00:00","twitter_card":"summary_large_image","twitter_misc":{"Arvioitu lukuaika":"2 minuuttia"},"schema":{"@context":"https:\/\/schema.org","@graph":[{"@type":"WebPage","@id":"https:\/\/www.epik.fi\/index.php\/privacy-policy\/","url":"https:\/\/www.epik.fi\/index.php\/privacy-policy\/","name":"Tietosuoja-seloste: Etel\u00e4pohjanmaan Ilmailukerhon Verkkosivusto ja Verkkokauppa - EPIK","isPartOf":{"@id":"https:\/\/www.epik.fi\/#website"},"datePublished":"2023-05-08T15:07:44+00:00","dateModified":"2023-10-16T17:32:38+00:00","breadcrumb":{"@id":"https:\/\/www.epik.fi\/index.php\/privacy-policy\/#breadcrumb"},"inLanguage":"fi","potentialAction":[{"@type":"ReadAction","target":["https:\/\/www.epik.fi\/index.php\/privacy-policy\/"]}]},{"@type":"BreadcrumbList","@id":"https:\/\/www.epik.fi\/index.php\/privacy-policy\/#breadcrumb","itemListElement":[{"@type":"ListItem","position":1,"name":"Etusivu","item":"https:\/\/www.epik.fi\/"},{"@type":"ListItem","position":2,"name":"Tietosuoja-seloste: Etel\u00e4pohjanmaan Ilmailukerhon Verkkosivusto ja Verkkokauppa"}]},{"@type":"WebSite","@id":"https:\/\/www.epik.fi\/#website","url":"https:\/\/www.epik.fi\/","name":"EPIK","description":"Sein\u00e4joen lentokent\u00e4ll\u00e4 toimiva ilmailukerho","publisher":{"@id":"https:\/\/www.epik.fi\/#organization"},"potentialAction":[{"@type":"SearchAction","target":{"@type":"EntryPoint","urlTemplate":"https:\/\/www.epik.fi\/?s={search_term_string}"},"query-input":{"@type":"PropertyValueSpecification","valueRequired":true,"valueName":"search_term_string"}}],"inLanguage":"fi"},{"@type":"Organization","@id":"https:\/\/www.epik.fi\/#organization","name":"EPIK","url":"https:\/\/www.epik.fi\/","logo":{"@type":"ImageObject","inLanguage":"fi","@id":"https:\/\/www.epik.fi\/#\/schema\/logo\/image\/","url":"https:\/\/www.epik.fi\/wordpress\/wp-content\/uploads\/2023\/10\/Logo.jpg","contentUrl":"https:\/\/www.epik.fi\/wordpress\/wp-content\/uploads\/2023\/10\/Logo.jpg","width":235,"height":234,"caption":"EPIK"},"image":{"@id":"https:\/\/www.epik.fi\/#\/schema\/logo\/image\/"},"sameAs":["https:\/\/www.facebook.com\/EPilmailukerho"]}]}},"_links":{"self":[{"href":"https:\/\/www.epik.fi\/index.php\/wp-json\/wp\/v2\/pages\/3"}],"collection":[{"href":"https:\/\/www.epik.fi\/index.php\/wp-json\/wp\/v2\/pages"}],"about":[{"href":"https:\/\/www.epik.fi\/index.php\/wp-json\/wp\/v2\/types\/page"}],"author":[{"embeddable":true,"href":"https:\/\/www.epik.fi\/index.php\/wp-json\/wp\/v2\/users\/1"}],"replies":[{"embeddable":true,"href":"https:\/\/www.epik.fi\/index.php\/wp-json\/wp\/v2\/comments?post=3"}],"version-history":[{"count":3,"href":"https:\/\/www.epik.fi\/index.php\/wp-json\/wp\/v2\/pages\/3\/revisions"}],"predecessor-version":[{"id":613,"href":"https:\/\/www.epik.fi\/index.php\/wp-json\/wp\/v2\/pages\/3\/revisions\/613"}],"wp:attachment":[{"href":"https:\/\/www.epik.fi\/index.php\/wp-json\/wp\/v2\/media?parent=3"}],"curies":[{"name":"wp","href":"https:\/\/api.w.org\/{rel}","templated":true}]}}