{"id":39,"date":"2023-05-28T06:06:45","date_gmt":"2023-05-28T06:06:45","guid":{"rendered":"https:\/\/dev.epik.fi\/?page_id=39"},"modified":"2025-03-26T00:24:27","modified_gmt":"2025-03-25T22:24:27","slug":"tietoja-kerhosta","status":"publish","type":"page","link":"https:\/\/www.epik.fi\/index.php\/tietoja-kerhosta\/","title":{"rendered":"Tietoja kerhosta"},"content":{"rendered":"<figure class=\"wp-block-image size-full is-resized is-style-corporate-blocks-border\"><img loading=\"lazy\" decoding=\"async\" width=\"962\" height=\"480\" src=\"https:\/\/www.epik.fi\/wordpress\/wp-content\/uploads\/2023\/10\/kartta.jpg\" alt=\"\" class=\"wp-image-289\" style=\"aspect-ratio:2.004166666666667;width:800px;height:auto\" srcset=\"https:\/\/www.epik.fi\/wordpress\/wp-content\/uploads\/2023\/10\/kartta.jpg 962w, https:\/\/www.epik.fi\/wordpress\/wp-content\/uploads\/2023\/10\/kartta-600x299.jpg 600w, https:\/\/www.epik.fi\/wordpress\/wp-content\/uploads\/2023\/10\/kartta-300x150.jpg 300w, https:\/\/www.epik.fi\/wordpress\/wp-content\/uploads\/2023\/10\/kartta-768x383.jpg 768w\" sizes=\"(max-width: 962px) 100vw, 962px\" \/><\/figure><p class=\"has-content-heading-font-size\"><strong>Etel\u00e4-Pohjanmaan Ilmailukerho Ry (EPIK)<\/strong><\/p><p class=\"has-medium-font-size\">Ensimm\u00e4inen lento Sein\u00e4joen lentokent\u00e4lle &nbsp;17.10.1976<\/p><figure class=\"wp-block-video\"><video controls src=\"https:\/\/www.epik.fi\/wordpress\/wp-content\/uploads\/2023\/10\/Ensimmainen-lento-17.10.1976-Rengonharju.mp4\"><\/video><figcaption class=\"wp-element-caption\">Ensimmainen-lento-17.10.1976<\/figcaption><\/figure><p class=\"has-normal-font-size\"><strong>Kotikentt\u00e4mme:<\/strong> Sein\u00e4joen lentokentt\u00e4, EFSI<\/p><ul class=\"wp-block-list\"><li><strong>Sijainti:<\/strong>  Vanha Sein\u00e4joki \u2013 Jalasj\u00e4rvitie, eli Hamarintie n.6 km Sein\u00e4joen suunnasta.  Kerhorakennus ja lentokonehallit sijaitsevat Lentokent\u00e4n Sein\u00e4joen puolisessa p\u00e4\u00e4ss\u00e4, kiitotien 14 p\u00e4\u00e4n tasalla osoitteessa ilmailukerhontie 27, pojanluoma.<\/li><\/ul><p class=\"has-normal-font-size\"><strong>J\u00e4senyys:<\/strong><\/p><ul class=\"wp-block-list\"><li>Yli 200 j\u00e4sent\u00e4.<\/li>\n\n<li>J\u00e4senist\u00f6mme on p\u00e4\u00e4asiassa Sein\u00e4joelta, Ilmajoelta, Nurmosta, Kauhajoelta ja muista ymp\u00e4rist\u00f6kunnista.<\/li>\n\n<li>Kes\u00e4isin monet muualle muuttaneet j\u00e4senet palaavat lent\u00e4m\u00e4\u00e4n kerhomme koneilla.<\/li>\n\n<li>Harrastuksiin kuuluu moottorilento, purjelento, moottoripurjelento ja ultrakevytlento.<\/li><\/ul><p class=\"has-normal-font-size\"><strong>Kalusto:<\/strong><\/p><ul class=\"wp-block-list\"><li>Piper PA28-180 (OH-PEV)<\/li>\n\n<li>Hinauskone PIK-23 Suhinu (OH-TUG)<\/li>\n\n<li>Ultrakevyt lentokone WT9 Dynamic (OH-U434) ja Sirius TL-3000 (OH-U698)<\/li>\n\n<li>Nelj\u00e4 purjelentokonetta.<\/li><\/ul><p class=\"has-normal-font-size\"><strong>Kiinnostuitko?<\/strong><\/p><p><br>Haluaisitko tiet\u00e4\u00e4 lis\u00e4\u00e4 ilmailuharrastuksesta tai lentokoulutuksesta kerhossamme?<\/p><ul class=\"wp-block-list\"><li>S\u00e4hk\u00f6posti: puheenjohtaja at epik piste fi<\/li>\n\n<li><a href=\"https:\/\/www.facebook.com\/EPilmailukerho\">Tutustu lentokoulutustiedotukseemme Facebookissa<\/a><\/li><\/ul><p class=\"has-normal-font-size\"><strong>Toimihenkil\u00f6t:<\/strong><\/p><ul class=\"wp-block-list\"><li><strong>Puheenjohtaja:<\/strong> Heikki Ala-Mursula &#8211; nolla-nelj\u00e4-viisi 674 1757 &#8211; <\/li>\n\n<li><span class=\"dashicons dashicons-email-alt\"><\/span>  puheenjohtaja at epik piste fi<\/li>\n\n<li><strong>Varapuheenjohtaja:<\/strong> Petri Lepist\u00f6<\/li>\n\n<li><strong>Sihteeri:<\/strong> Esko Pet\u00e4j\u00e4 &#8211;<\/li>\n\n<li><span class=\"dashicons dashicons-email-alt\"><\/span>  sihteeri at epik piste fi<\/li>\n\n<li><strong>Ostolaskut:<\/strong> Janne Hiipakka<\/li>\n\n<li><strong>Laskutus:<\/strong> Antti Ojalehto<\/li>\n\n<li><strong>Kiinteist\u00f6vastaavat:<\/strong> Jouni Tynj\u00e4l\u00e4 ja Janne Hiipakka<\/li>\n\n<li><strong>Tiedotus:<\/strong> Puheenjohtaja tai varapuheenjohtaja<\/li>\n\n<li><strong>Koulutusp\u00e4\u00e4llikk\u00f6:<\/strong> Mika Ruutiainen (Ultrakevytlento) &#8211;  Erkki M\u00e4kynen (moottorilento)  Antti Ojalehto (purjelento)<\/li><\/ul><p class=\"has-normal-font-size\"><strong>Huolto:<\/strong><\/p><ul class=\"wp-block-list\"><li><strong>Ultrakevyt WT9 Dynamic:<\/strong> Alpo Anttonen<\/li>\n\n<li><strong>Purjelentokoneet:<\/strong> Pertti Rintam\u00e4ki<\/li>\n\n<li><strong>Huoltotiimit:<\/strong><\/li>\n\n<li>OH-PEV: Ossi Salo<\/li>\n\n<li>OH-TUG: Antti Ojalehto<\/li>\n\n<li>OH-U434,OH-698: Alpo Anttonen, Jani Haapaniemi, Seppo Hakoneva, Jari Oksaharju, Kari Saranp\u00e4\u00e4, Antti Ojalehto, Jouni Tynj\u00e4l\u00e4<\/li><\/ul><p class=\"has-normal-font-size\"><strong>Liity j\u00e4seneksi:<\/strong><\/p><ul class=\"wp-block-list\"><li>T\u00e4yt\u00e4 <a href=\"https:\/\/intra.epik.fi\/uusijasen.php\">j\u00e4senhakemuslomake<\/a> ja hallitus k\u00e4sittelee j\u00e4senhakemuksen seuraavassa kokouksessaan.<\/li>\n\n<li>Halutessasi voit liitty\u00e4 my\u00f6s Suomen Ilmailuliiton: <a href=\"https:\/\/www.ilmailuliitto.fi\/etusivu\/jaseneksi\/\">j\u00e4seneksi.<\/a> <\/li>\n\n<li>Liittym\u00e4ll\u00e4 Suomen ilmailuliittoon saat my\u00f6s seuraavat: <a href=\"https:\/\/www.ilmailuliitto.fi\/ilmailuliitto\/jasenasiat\/jasenedut\/\">j\u00e4senedut<\/a><\/li>\n\n<li>Alle 18-vuotiaat oppilaat tarvitsevat koulutusta varten suostumuksen huoltajalta\/huoltajilta\u201d.&nbsp; Suostumus annetaan oheisella lomakkeella.<\/li><\/ul><div class=\"wp-block-buttons is-layout-flex wp-block-buttons-is-layout-flex\"><div class=\"wp-block-button\"><a class=\"wp-block-button__link wp-element-button\" href=\"https:\/\/www.epik.fi\/wordpress\/wp-content\/uploads\/2023\/11\/suostumus.pdf\">Linkki suostumuslomakkeeseen<\/a><\/div><\/div>","protected":false},"excerpt":{"rendered":"<p>Etel\u00e4-Pohjanmaan Ilmailukerho Ry (EPIK) Ensimm\u00e4inen lento Sein\u00e4joen lentokent\u00e4lle &nbsp;17.10.1976 Kotikentt\u00e4mme: Sein\u00e4joen lentokentt\u00e4, EFSI J\u00e4senyys: Kalusto: Kiinnostuitko? Haluaisitko tiet\u00e4\u00e4 lis\u00e4\u00e4 ilmailuharrastuksesta tai lentokoulutuksesta kerhossamme? Toimihenkil\u00f6t: Huolto: Liity j\u00e4seneksi:<\/p>\n","protected":false},"author":1,"featured_media":0,"parent":0,"menu_order":0,"comment_status":"closed","ping_status":"closed","template":"","meta":{"_mc_calendar":[],"footnotes":""},"class_list":["post-39","page","type-page","status-publish","hentry"],"yoast_head":"<!-- This site is optimized with the Yoast SEO plugin v25.1 - https:\/\/yoast.com\/wordpress\/plugins\/seo\/ -->\n<title>Tietoja kerhosta - EPIK<\/title>\n<meta name=\"robots\" content=\"index, follow, max-snippet:-1, max-image-preview:large, max-video-preview:-1\" \/>\n<link rel=\"canonical\" href=\"https:\/\/www.epik.fi\/index.php\/tietoja-kerhosta\/\" \/>\n<meta property=\"og:locale\" content=\"fi_FI\" \/>\n<meta property=\"og:type\" content=\"article\" \/>\n<meta property=\"og:title\" content=\"Tietoja kerhosta - EPIK\" \/>\n<meta property=\"og:description\" content=\"Etel\u00e4-Pohjanmaan Ilmailukerho Ry (EPIK) Ensimm\u00e4inen lento Sein\u00e4joen lentokent\u00e4lle &nbsp;17.10.1976 Kotikentt\u00e4mme: Sein\u00e4joen lentokentt\u00e4, EFSI J\u00e4senyys: Kalusto: Kiinnostuitko? Haluaisitko tiet\u00e4\u00e4 lis\u00e4\u00e4 ilmailuharrastuksesta tai lentokoulutuksesta kerhossamme? Toimihenkil\u00f6t: Huolto: Liity j\u00e4seneksi:\" \/>\n<meta property=\"og:url\" content=\"https:\/\/www.epik.fi\/index.php\/tietoja-kerhosta\/\" \/>\n<meta property=\"og:site_name\" content=\"EPIK\" \/>\n<meta property=\"article:publisher\" content=\"https:\/\/www.facebook.com\/EPilmailukerho\" \/>\n<meta property=\"article:modified_time\" content=\"2025-03-25T22:24:27+00:00\" \/>\n<meta property=\"og:image\" content=\"https:\/\/www.epik.fi\/wordpress\/wp-content\/uploads\/2023\/10\/kartta.jpg\" \/>\n\t<meta property=\"og:image:width\" content=\"962\" \/>\n\t<meta property=\"og:image:height\" content=\"480\" \/>\n\t<meta property=\"og:image:type\" content=\"image\/jpeg\" \/>\n<meta name=\"twitter:card\" content=\"summary_large_image\" \/>\n<meta name=\"twitter:label1\" content=\"Arvioitu lukuaika\" \/>\n\t<meta name=\"twitter:data1\" content=\"2 minuuttia\" \/>\n<script type=\"application\/ld+json\" class=\"yoast-schema-graph\">{\"@context\":\"https:\/\/schema.org\",\"@graph\":[{\"@type\":\"WebPage\",\"@id\":\"https:\/\/www.epik.fi\/index.php\/tietoja-kerhosta\/\",\"url\":\"https:\/\/www.epik.fi\/index.php\/tietoja-kerhosta\/\",\"name\":\"Tietoja kerhosta - EPIK\",\"isPartOf\":{\"@id\":\"https:\/\/www.epik.fi\/#website\"},\"primaryImageOfPage\":{\"@id\":\"https:\/\/www.epik.fi\/index.php\/tietoja-kerhosta\/#primaryimage\"},\"image\":{\"@id\":\"https:\/\/www.epik.fi\/index.php\/tietoja-kerhosta\/#primaryimage\"},\"thumbnailUrl\":\"https:\/\/www.epik.fi\/wordpress\/wp-content\/uploads\/2023\/10\/kartta.jpg\",\"datePublished\":\"2023-05-28T06:06:45+00:00\",\"dateModified\":\"2025-03-25T22:24:27+00:00\",\"breadcrumb\":{\"@id\":\"https:\/\/www.epik.fi\/index.php\/tietoja-kerhosta\/#breadcrumb\"},\"inLanguage\":\"fi\",\"potentialAction\":[{\"@type\":\"ReadAction\",\"target\":[\"https:\/\/www.epik.fi\/index.php\/tietoja-kerhosta\/\"]}]},{\"@type\":\"ImageObject\",\"inLanguage\":\"fi\",\"@id\":\"https:\/\/www.epik.fi\/index.php\/tietoja-kerhosta\/#primaryimage\",\"url\":\"https:\/\/www.epik.fi\/wordpress\/wp-content\/uploads\/2023\/10\/kartta.jpg\",\"contentUrl\":\"https:\/\/www.epik.fi\/wordpress\/wp-content\/uploads\/2023\/10\/kartta.jpg\",\"width\":962,\"height\":480},{\"@type\":\"BreadcrumbList\",\"@id\":\"https:\/\/www.epik.fi\/index.php\/tietoja-kerhosta\/#breadcrumb\",\"itemListElement\":[{\"@type\":\"ListItem\",\"position\":1,\"name\":\"Etusivu\",\"item\":\"https:\/\/www.epik.fi\/\"},{\"@type\":\"ListItem\",\"position\":2,\"name\":\"Tietoja kerhosta\"}]},{\"@type\":\"WebSite\",\"@id\":\"https:\/\/www.epik.fi\/#website\",\"url\":\"https:\/\/www.epik.fi\/\",\"name\":\"EPIK\",\"description\":\"Sein\u00e4joen lentokent\u00e4ll\u00e4 toimiva ilmailukerho\",\"publisher\":{\"@id\":\"https:\/\/www.epik.fi\/#organization\"},\"potentialAction\":[{\"@type\":\"SearchAction\",\"target\":{\"@type\":\"EntryPoint\",\"urlTemplate\":\"https:\/\/www.epik.fi\/?s={search_term_string}\"},\"query-input\":{\"@type\":\"PropertyValueSpecification\",\"valueRequired\":true,\"valueName\":\"search_term_string\"}}],\"inLanguage\":\"fi\"},{\"@type\":\"Organization\",\"@id\":\"https:\/\/www.epik.fi\/#organization\",\"name\":\"EPIK\",\"url\":\"https:\/\/www.epik.fi\/\",\"logo\":{\"@type\":\"ImageObject\",\"inLanguage\":\"fi\",\"@id\":\"https:\/\/www.epik.fi\/#\/schema\/logo\/image\/\",\"url\":\"https:\/\/www.epik.fi\/wordpress\/wp-content\/uploads\/2023\/10\/Logo.jpg\",\"contentUrl\":\"https:\/\/www.epik.fi\/wordpress\/wp-content\/uploads\/2023\/10\/Logo.jpg\",\"width\":235,\"height\":234,\"caption\":\"EPIK\"},\"image\":{\"@id\":\"https:\/\/www.epik.fi\/#\/schema\/logo\/image\/\"},\"sameAs\":[\"https:\/\/www.facebook.com\/EPilmailukerho\"]}]}<\/script>\n<!-- \/ Yoast SEO plugin. -->","yoast_head_json":{"title":"Tietoja kerhosta - EPIK","robots":{"index":"index","follow":"follow","max-snippet":"max-snippet:-1","max-image-preview":"max-image-preview:large","max-video-preview":"max-video-preview:-1"},"canonical":"https:\/\/www.epik.fi\/index.php\/tietoja-kerhosta\/","og_locale":"fi_FI","og_type":"article","og_title":"Tietoja kerhosta - EPIK","og_description":"Etel\u00e4-Pohjanmaan Ilmailukerho Ry (EPIK) Ensimm\u00e4inen lento Sein\u00e4joen lentokent\u00e4lle &nbsp;17.10.1976 Kotikentt\u00e4mme: Sein\u00e4joen lentokentt\u00e4, EFSI J\u00e4senyys: Kalusto: Kiinnostuitko? Haluaisitko tiet\u00e4\u00e4 lis\u00e4\u00e4 ilmailuharrastuksesta tai lentokoulutuksesta kerhossamme? Toimihenkil\u00f6t: Huolto: Liity j\u00e4seneksi:","og_url":"https:\/\/www.epik.fi\/index.php\/tietoja-kerhosta\/","og_site_name":"EPIK","article_publisher":"https:\/\/www.facebook.com\/EPilmailukerho","article_modified_time":"2025-03-25T22:24:27+00:00","og_image":[{"width":962,"height":480,"url":"https:\/\/www.epik.fi\/wordpress\/wp-content\/uploads\/2023\/10\/kartta.jpg","type":"image\/jpeg"}],"twitter_card":"summary_large_image","twitter_misc":{"Arvioitu lukuaika":"2 minuuttia"},"schema":{"@context":"https:\/\/schema.org","@graph":[{"@type":"WebPage","@id":"https:\/\/www.epik.fi\/index.php\/tietoja-kerhosta\/","url":"https:\/\/www.epik.fi\/index.php\/tietoja-kerhosta\/","name":"Tietoja kerhosta - EPIK","isPartOf":{"@id":"https:\/\/www.epik.fi\/#website"},"primaryImageOfPage":{"@id":"https:\/\/www.epik.fi\/index.php\/tietoja-kerhosta\/#primaryimage"},"image":{"@id":"https:\/\/www.epik.fi\/index.php\/tietoja-kerhosta\/#primaryimage"},"thumbnailUrl":"https:\/\/www.epik.fi\/wordpress\/wp-content\/uploads\/2023\/10\/kartta.jpg","datePublished":"2023-05-28T06:06:45+00:00","dateModified":"2025-03-25T22:24:27+00:00","breadcrumb":{"@id":"https:\/\/www.epik.fi\/index.php\/tietoja-kerhosta\/#breadcrumb"},"inLanguage":"fi","potentialAction":[{"@type":"ReadAction","target":["https:\/\/www.epik.fi\/index.php\/tietoja-kerhosta\/"]}]},{"@type":"ImageObject","inLanguage":"fi","@id":"https:\/\/www.epik.fi\/index.php\/tietoja-kerhosta\/#primaryimage","url":"https:\/\/www.epik.fi\/wordpress\/wp-content\/uploads\/2023\/10\/kartta.jpg","contentUrl":"https:\/\/www.epik.fi\/wordpress\/wp-content\/uploads\/2023\/10\/kartta.jpg","width":962,"height":480},{"@type":"BreadcrumbList","@id":"https:\/\/www.epik.fi\/index.php\/tietoja-kerhosta\/#breadcrumb","itemListElement":[{"@type":"ListItem","position":1,"name":"Etusivu","item":"https:\/\/www.epik.fi\/"},{"@type":"ListItem","position":2,"name":"Tietoja kerhosta"}]},{"@type":"WebSite","@id":"https:\/\/www.epik.fi\/#website","url":"https:\/\/www.epik.fi\/","name":"EPIK","description":"Sein\u00e4joen lentokent\u00e4ll\u00e4 toimiva ilmailukerho","publisher":{"@id":"https:\/\/www.epik.fi\/#organization"},"potentialAction":[{"@type":"SearchAction","target":{"@type":"EntryPoint","urlTemplate":"https:\/\/www.epik.fi\/?s={search_term_string}"},"query-input":{"@type":"PropertyValueSpecification","valueRequired":true,"valueName":"search_term_string"}}],"inLanguage":"fi"},{"@type":"Organization","@id":"https:\/\/www.epik.fi\/#organization","name":"EPIK","url":"https:\/\/www.epik.fi\/","logo":{"@type":"ImageObject","inLanguage":"fi","@id":"https:\/\/www.epik.fi\/#\/schema\/logo\/image\/","url":"https:\/\/www.epik.fi\/wordpress\/wp-content\/uploads\/2023\/10\/Logo.jpg","contentUrl":"https:\/\/www.epik.fi\/wordpress\/wp-content\/uploads\/2023\/10\/Logo.jpg","width":235,"height":234,"caption":"EPIK"},"image":{"@id":"https:\/\/www.epik.fi\/#\/schema\/logo\/image\/"},"sameAs":["https:\/\/www.facebook.com\/EPilmailukerho"]}]}},"_links":{"self":[{"href":"https:\/\/www.epik.fi\/index.php\/wp-json\/wp\/v2\/pages\/39"}],"collection":[{"href":"https:\/\/www.epik.fi\/index.php\/wp-json\/wp\/v2\/pages"}],"about":[{"href":"https:\/\/www.epik.fi\/index.php\/wp-json\/wp\/v2\/types\/page"}],"author":[{"embeddable":true,"href":"https:\/\/www.epik.fi\/index.php\/wp-json\/wp\/v2\/users\/1"}],"replies":[{"embeddable":true,"href":"https:\/\/www.epik.fi\/index.php\/wp-json\/wp\/v2\/comments?post=39"}],"version-history":[{"count":3,"href":"https:\/\/www.epik.fi\/index.php\/wp-json\/wp\/v2\/pages\/39\/revisions"}],"predecessor-version":[{"id":2158,"href":"https:\/\/www.epik.fi\/index.php\/wp-json\/wp\/v2\/pages\/39\/revisions\/2158"}],"wp:attachment":[{"href":"https:\/\/www.epik.fi\/index.php\/wp-json\/wp\/v2\/media?parent=39"}],"curies":[{"name":"wp","href":"https:\/\/api.w.org\/{rel}","templated":true}]}}