{"id":409,"date":"2023-10-15T11:17:43","date_gmt":"2023-10-15T11:17:43","guid":{"rendered":"https:\/\/dev.epik.fi\/?page_id=409"},"modified":"2026-04-14T17:19:29","modified_gmt":"2026-04-14T14:19:29","slug":"liity-kerhoon","status":"publish","type":"page","link":"https:\/\/www.epik.fi\/index.php\/liity-kerhoon\/","title":{"rendered":"Liity kerhoon &amp; lent\u00e4misen aloittaminen"},"content":{"rendered":"<p>Etel\u00e4-Pohjanmaan Ilmailukerho tarjoaa monipuoliset koulutusvaihtoehdot moottorilent\u00e4miseen, ultrakevyiden ilma-alusten lent\u00e4miseen. Voit aloittaa ilmailuharrastuksesi kerhossamme ja saada asiantuntevaa opetusta kaikilla n\u00e4ill\u00e4 osa-alueilla. Koulutusta j\u00e4rjestet\u00e4\u00e4n ymp\u00e4ri vuoden moottori- ja ultralent\u00e4miseen.<\/p><p>Olitpa sitten kiinnostunut itsen\u00e4isest\u00e4 matkalent\u00e4misest\u00e4, kevyemmill\u00e4 ilma-aluksilla lent\u00e4misest\u00e4  tai moottorikoneilla, meilt\u00e4 l\u00f6yd\u00e4t tarpeisiisi sopivan koulutuksen ja p\u00e4tev\u00e4t opettajat tukemaan matkallasi ilmailun pariin.<\/p><p><strong>Ilmailuharrastukseen p\u00e4\u00e4see tutustumaan helposti hankkimalla tutustumislentokurssin<\/strong>, joka tarjoaa turvallisen ja opastetun ensimm\u00e4isen kokemuksen lent\u00e4misest\u00e4. Kurssilla p\u00e4\u00e4set kokeneen lennonopettajan opastuksella kokeilemaan lentokoneen ohjaamista ja tutustumaan ilmailun perusteisiin.<\/p><h3 class=\"wp-block-heading\">Koulutusvaihtoehdot<\/h3><p>Sein\u00e4joella mahdollista hankkia nopeasti PPL\/LAPL  my\u00f6s V-FLY oy:n kautta  <a href=\"https:\/\/www.lentokoulu-vfly.fi\/\">https:\/\/www.lentokoulu-vfly.fi\/<\/a> <\/p><p>Kerholla tarjolla lento-osuus seuraaviin lupakirja luokkiin:<\/p><ul class=\"wp-block-list\"><li><strong><a href=\"https:\/\/www.epik.fi\/index.php\/moottorilenlentaminen\/\">Moottorilent\u00e4j\u00e4n koulutus (PPL ja LAPL)<\/a><\/strong><br>Hanki yksityislent\u00e4j\u00e4n lupakirja ja opi lent\u00e4m\u00e4\u00e4n moottorilentokoneilla. Moottorilentokoulutuksessa opit itsen\u00e4ist\u00e4 lent\u00e4mist\u00e4 ja voit my\u00f6hemmin laajentaa oikeuksiasi esimerkiksi y\u00f6lentoihin tai hinauslentoihin.<\/li>\n\n<li><strong><a href=\"https:\/\/www.epik.fi\/index.php\/ultrakevyt-lentaminen\/\">Ultralent\u00e4j\u00e4n koulutus (UPL)<\/a><\/strong><br>Kevyiden ilma-alusten lupakirja sopii hyvin vapaa-ajan lent\u00e4miseen kevyemmill\u00e4 koneilla. Ultrakevyiden koneiden avulla p\u00e4\u00e4set nopeasti ilmailuharrastuksen pariin.<\/li><\/ul><h3 class=\"wp-block-heading\">Koulutuksen kustannukset<\/h3><p><strong>Lupakirjojen arvioitu kokonaiskustannus:<\/strong> <\/p><ul class=\"wp-block-list\"><li><strong>LAPL:<\/strong> 12 000 \u20ac*<\/li>\n\n<li><strong>PPL:<\/strong> 16 000 \u20ac*<\/li>\n\n<li><strong>Ultrakevyt lupakirja:<\/strong>  8 000 \u20ac*<\/li><\/ul><p>*Arvio sis\u00e4lt\u00e4\u00e4 lentolupakirjan hankintaan liittyv\u00e4t maksut ja kustannukset. J\u00e4rjest\u00e4mme tarvittaessa infotilaisuuden jossa saat lis\u00e4tietoa lupakirjan hankinnasta. <\/p><hr class=\"wp-block-separator has-alpha-channel-opacity\"\/><p>Valitse itsellesi sopiva koulutus ja aloita ilmailuharrastus Etel\u00e4-Pohjanmaalla!<\/p><div class=\"wp-block-buttons is-layout-flex wp-block-buttons-is-layout-flex\"><div class=\"wp-block-button\"><a class=\"wp-block-button__link wp-element-button\" href=\"https:\/\/intra.epik.fi\/uusijasen.php\">J\u00e4senhakemus<\/a><\/div>\n\n<div class=\"wp-block-button\"><a class=\"wp-block-button__link wp-element-button\">Ota yhteytt\u00e4 kerhon lentokoulutukseen<\/a><\/div>\n\n<div class=\"wp-block-button\"><a class=\"wp-block-button__link wp-element-button\" href=\"https:\/\/www.epik.fi\/index.php\/kauppa\/\">Osta tutustumislentokurssi<\/a><\/div><\/div><p class=\"has-text-align-left\"><span class=\"dashicons dashicons-email-alt\"><\/span>  Lentokoulutus at epik piste fi<\/p><h3 class=\"wp-block-heading\">Kuvagalleria \u2013 Hetki\u00e4 lentokoulutuksesta<\/h3><p>Tutustu Etel\u00e4-Pohjanmaan Ilmailukerhon lentokoulutuksen unohtumattomiin hetkiin kuvagalleriassamme! Galleria tarjoaa v\u00e4l\u00e4hdyksi\u00e4 koulutustilanteista, harjoituslennoista ja upeista maisemista, joita oppilaamme ja ohjaajamme kokevat p\u00e4ivitt\u00e4in. Olipa kyseess\u00e4 ensimm\u00e4inen ohjauskosketus, matkalento tai yhteislento muiden harrastajien kanssa, n\u00e4m\u00e4 kuvat kertovat tarinoita taivaalla \u2013 ilmailun vapaudesta ja yhteis\u00f6n tuesta.<\/p>\n<!-- This file should primarily consist of HTML with a little bit of PHP. -->\n\r\n\r\n<div class=\"aigwl_grid_gallery container\">\r\n    <div class=\"aigwl_main\">\r\n                                <div class=\"aigwl_card\">\r\n                            <div class=\"aigwl-card-image  \">\r\n                                <a href=\"https:\/\/www.epik.fi\/wordpress\/wp-content\/uploads\/2024\/10\/Lentokoulutus_1.jpg\" data-fancybox=\"aigwl_gallery\">\r\n                                    <img decoding=\"async\" class=\"grid_gallery_img\" src=\"https:\/\/www.epik.fi\/wordpress\/wp-content\/uploads\/2024\/10\/Lentokoulutus_1.jpg\"\r\n                                        alt=\"\">\r\n                                                                                   \r\n                                <\/a>\r\n                            <\/div>\r\n                        <\/div>\r\n                                        <div class=\"aigwl_card\">\r\n                            <div class=\"aigwl-card-image  \">\r\n                                <a href=\"https:\/\/www.epik.fi\/wordpress\/wp-content\/uploads\/2024\/10\/Lentokoulutus_2.png\" data-fancybox=\"aigwl_gallery\">\r\n                                    <img decoding=\"async\" class=\"grid_gallery_img\" src=\"https:\/\/www.epik.fi\/wordpress\/wp-content\/uploads\/2024\/10\/Lentokoulutus_2.png\"\r\n                                        alt=\"\">\r\n                                                                                   \r\n                                <\/a>\r\n                            <\/div>\r\n                        <\/div>\r\n                                        <div class=\"aigwl_card\">\r\n                            <div class=\"aigwl-card-image  \">\r\n                                <a href=\"https:\/\/www.epik.fi\/wordpress\/wp-content\/uploads\/2024\/10\/Lentokoulutus_3-1.jpg\" data-fancybox=\"aigwl_gallery\">\r\n                                    <img decoding=\"async\" class=\"grid_gallery_img\" src=\"https:\/\/www.epik.fi\/wordpress\/wp-content\/uploads\/2024\/10\/Lentokoulutus_3-1.jpg\"\r\n                                        alt=\"\">\r\n                                                                                   \r\n                                <\/a>\r\n                            <\/div>\r\n                        <\/div>\r\n                                        <div class=\"aigwl_card\">\r\n                            <div class=\"aigwl-card-image  \">\r\n                                <a href=\"https:\/\/www.epik.fi\/wordpress\/wp-content\/uploads\/2024\/10\/Lentokoulutsu_4.jpg\" data-fancybox=\"aigwl_gallery\">\r\n                                    <img decoding=\"async\" class=\"grid_gallery_img\" src=\"https:\/\/www.epik.fi\/wordpress\/wp-content\/uploads\/2024\/10\/Lentokoulutsu_4.jpg\"\r\n                                        alt=\"\">\r\n                                                                                   \r\n                                <\/a>\r\n                            <\/div>\r\n                        <\/div>\r\n                                        <div class=\"aigwl_card\">\r\n                            <div class=\"aigwl-card-image  \">\r\n                                <a href=\"https:\/\/www.epik.fi\/wordpress\/wp-content\/uploads\/2024\/10\/Lentokoulutus_5.jpg\" data-fancybox=\"aigwl_gallery\">\r\n                                    <img decoding=\"async\" class=\"grid_gallery_img\" src=\"https:\/\/www.epik.fi\/wordpress\/wp-content\/uploads\/2024\/10\/Lentokoulutus_5.jpg\"\r\n                                        alt=\"\">\r\n                                                                                   \r\n                                <\/a>\r\n                            <\/div>\r\n                        <\/div>\r\n                                        <div class=\"aigwl_card\">\r\n                            <div class=\"aigwl-card-image  \">\r\n                                <a href=\"https:\/\/www.epik.fi\/wordpress\/wp-content\/uploads\/2024\/02\/Epik_ultra.jpg\" data-fancybox=\"aigwl_gallery\">\r\n                                    <img decoding=\"async\" class=\"grid_gallery_img\" src=\"https:\/\/www.epik.fi\/wordpress\/wp-content\/uploads\/2024\/02\/Epik_ultra.jpg\"\r\n                                        alt=\"\">\r\n                                                                                   \r\n                                <\/a>\r\n                            <\/div>\r\n                        <\/div>\r\n                    <\/div>\r\n<\/div><h2 class=\"wp-block-heading\"><strong>ETEL\u00c4-POHJANMAAN ILMAILUKERHO RY<\/strong><\/h2>","protected":false},"excerpt":{"rendered":"<p>Etel\u00e4-Pohjanmaan Ilmailukerho tarjoaa monipuoliset koulutusvaihtoehdot moottorilent\u00e4miseen, ultrakevyiden ilma-alusten lent\u00e4miseen. Voit aloittaa ilmailuharrastuksesi kerhossamme ja saada asiantuntevaa opetusta kaikilla n\u00e4ill\u00e4 osa-alueilla. Koulutusta j\u00e4rjestet\u00e4\u00e4n ymp\u00e4ri vuoden moottori- ja ultralent\u00e4miseen. Olitpa sitten kiinnostunut itsen\u00e4isest\u00e4 matkalent\u00e4misest\u00e4, kevyemmill\u00e4 ilma-aluksilla lent\u00e4misest\u00e4 tai moottorikoneilla, meilt\u00e4 l\u00f6yd\u00e4t tarpeisiisi sopivan koulutuksen ja p\u00e4tev\u00e4t opettajat tukemaan matkallasi ilmailun pariin. Ilmailuharrastukseen p\u00e4\u00e4see tutustumaan helposti hankkimalla tutustumislentokurssin, [&hellip;]<\/p>\n","protected":false},"author":1,"featured_media":0,"parent":0,"menu_order":0,"comment_status":"closed","ping_status":"closed","template":"","meta":{"_mc_calendar":[],"footnotes":""},"class_list":["post-409","page","type-page","status-publish","hentry"],"yoast_head":"<!-- This site is optimized with the Yoast SEO plugin v25.1 - https:\/\/yoast.com\/wordpress\/plugins\/seo\/ -->\n<title>Liity kerhoon &amp; lent\u00e4misen aloittaminen - EPIK<\/title>\n<meta name=\"robots\" content=\"index, follow, max-snippet:-1, max-image-preview:large, max-video-preview:-1\" \/>\n<link rel=\"canonical\" href=\"https:\/\/www.epik.fi\/index.php\/liity-kerhoon\/\" \/>\n<meta property=\"og:locale\" content=\"fi_FI\" \/>\n<meta property=\"og:type\" content=\"article\" \/>\n<meta property=\"og:title\" content=\"Liity kerhoon &amp; lent\u00e4misen aloittaminen - EPIK\" \/>\n<meta property=\"og:description\" content=\"Etel\u00e4-Pohjanmaan Ilmailukerho tarjoaa monipuoliset koulutusvaihtoehdot moottorilent\u00e4miseen, ultrakevyiden ilma-alusten lent\u00e4miseen. Voit aloittaa ilmailuharrastuksesi kerhossamme ja saada asiantuntevaa opetusta kaikilla n\u00e4ill\u00e4 osa-alueilla. Koulutusta j\u00e4rjestet\u00e4\u00e4n ymp\u00e4ri vuoden moottori- ja ultralent\u00e4miseen. Olitpa sitten kiinnostunut itsen\u00e4isest\u00e4 matkalent\u00e4misest\u00e4, kevyemmill\u00e4 ilma-aluksilla lent\u00e4misest\u00e4 tai moottorikoneilla, meilt\u00e4 l\u00f6yd\u00e4t tarpeisiisi sopivan koulutuksen ja p\u00e4tev\u00e4t opettajat tukemaan matkallasi ilmailun pariin. Ilmailuharrastukseen p\u00e4\u00e4see tutustumaan helposti hankkimalla tutustumislentokurssin, [&hellip;]\" \/>\n<meta property=\"og:url\" content=\"https:\/\/www.epik.fi\/index.php\/liity-kerhoon\/\" \/>\n<meta property=\"og:site_name\" content=\"EPIK\" \/>\n<meta property=\"article:publisher\" content=\"https:\/\/www.facebook.com\/EPilmailukerho\" \/>\n<meta property=\"article:modified_time\" content=\"2026-04-14T14:19:29+00:00\" \/>\n<meta name=\"twitter:card\" content=\"summary_large_image\" \/>\n<meta name=\"twitter:label1\" content=\"Arvioitu lukuaika\" \/>\n\t<meta name=\"twitter:data1\" content=\"2 minuuttia\" \/>\n<script type=\"application\/ld+json\" class=\"yoast-schema-graph\">{\"@context\":\"https:\/\/schema.org\",\"@graph\":[{\"@type\":\"WebPage\",\"@id\":\"https:\/\/www.epik.fi\/index.php\/liity-kerhoon\/\",\"url\":\"https:\/\/www.epik.fi\/index.php\/liity-kerhoon\/\",\"name\":\"Liity kerhoon &amp; lent\u00e4misen aloittaminen - EPIK\",\"isPartOf\":{\"@id\":\"https:\/\/www.epik.fi\/#website\"},\"datePublished\":\"2023-10-15T11:17:43+00:00\",\"dateModified\":\"2026-04-14T14:19:29+00:00\",\"breadcrumb\":{\"@id\":\"https:\/\/www.epik.fi\/index.php\/liity-kerhoon\/#breadcrumb\"},\"inLanguage\":\"fi\",\"potentialAction\":[{\"@type\":\"ReadAction\",\"target\":[\"https:\/\/www.epik.fi\/index.php\/liity-kerhoon\/\"]}]},{\"@type\":\"BreadcrumbList\",\"@id\":\"https:\/\/www.epik.fi\/index.php\/liity-kerhoon\/#breadcrumb\",\"itemListElement\":[{\"@type\":\"ListItem\",\"position\":1,\"name\":\"Etusivu\",\"item\":\"https:\/\/www.epik.fi\/\"},{\"@type\":\"ListItem\",\"position\":2,\"name\":\"Liity kerhoon &amp; lent\u00e4misen aloittaminen\"}]},{\"@type\":\"WebSite\",\"@id\":\"https:\/\/www.epik.fi\/#website\",\"url\":\"https:\/\/www.epik.fi\/\",\"name\":\"EPIK\",\"description\":\"Sein\u00e4joen lentokent\u00e4ll\u00e4 toimiva ilmailukerho\",\"publisher\":{\"@id\":\"https:\/\/www.epik.fi\/#organization\"},\"potentialAction\":[{\"@type\":\"SearchAction\",\"target\":{\"@type\":\"EntryPoint\",\"urlTemplate\":\"https:\/\/www.epik.fi\/?s={search_term_string}\"},\"query-input\":{\"@type\":\"PropertyValueSpecification\",\"valueRequired\":true,\"valueName\":\"search_term_string\"}}],\"inLanguage\":\"fi\"},{\"@type\":\"Organization\",\"@id\":\"https:\/\/www.epik.fi\/#organization\",\"name\":\"EPIK\",\"url\":\"https:\/\/www.epik.fi\/\",\"logo\":{\"@type\":\"ImageObject\",\"inLanguage\":\"fi\",\"@id\":\"https:\/\/www.epik.fi\/#\/schema\/logo\/image\/\",\"url\":\"https:\/\/www.epik.fi\/wordpress\/wp-content\/uploads\/2023\/10\/Logo.jpg\",\"contentUrl\":\"https:\/\/www.epik.fi\/wordpress\/wp-content\/uploads\/2023\/10\/Logo.jpg\",\"width\":235,\"height\":234,\"caption\":\"EPIK\"},\"image\":{\"@id\":\"https:\/\/www.epik.fi\/#\/schema\/logo\/image\/\"},\"sameAs\":[\"https:\/\/www.facebook.com\/EPilmailukerho\"]}]}<\/script>\n<!-- \/ Yoast SEO plugin. -->","yoast_head_json":{"title":"Liity kerhoon &amp; lent\u00e4misen aloittaminen - EPIK","robots":{"index":"index","follow":"follow","max-snippet":"max-snippet:-1","max-image-preview":"max-image-preview:large","max-video-preview":"max-video-preview:-1"},"canonical":"https:\/\/www.epik.fi\/index.php\/liity-kerhoon\/","og_locale":"fi_FI","og_type":"article","og_title":"Liity kerhoon &amp; lent\u00e4misen aloittaminen - EPIK","og_description":"Etel\u00e4-Pohjanmaan Ilmailukerho tarjoaa monipuoliset koulutusvaihtoehdot moottorilent\u00e4miseen, ultrakevyiden ilma-alusten lent\u00e4miseen. Voit aloittaa ilmailuharrastuksesi kerhossamme ja saada asiantuntevaa opetusta kaikilla n\u00e4ill\u00e4 osa-alueilla. Koulutusta j\u00e4rjestet\u00e4\u00e4n ymp\u00e4ri vuoden moottori- ja ultralent\u00e4miseen. Olitpa sitten kiinnostunut itsen\u00e4isest\u00e4 matkalent\u00e4misest\u00e4, kevyemmill\u00e4 ilma-aluksilla lent\u00e4misest\u00e4 tai moottorikoneilla, meilt\u00e4 l\u00f6yd\u00e4t tarpeisiisi sopivan koulutuksen ja p\u00e4tev\u00e4t opettajat tukemaan matkallasi ilmailun pariin. Ilmailuharrastukseen p\u00e4\u00e4see tutustumaan helposti hankkimalla tutustumislentokurssin, [&hellip;]","og_url":"https:\/\/www.epik.fi\/index.php\/liity-kerhoon\/","og_site_name":"EPIK","article_publisher":"https:\/\/www.facebook.com\/EPilmailukerho","article_modified_time":"2026-04-14T14:19:29+00:00","twitter_card":"summary_large_image","twitter_misc":{"Arvioitu lukuaika":"2 minuuttia"},"schema":{"@context":"https:\/\/schema.org","@graph":[{"@type":"WebPage","@id":"https:\/\/www.epik.fi\/index.php\/liity-kerhoon\/","url":"https:\/\/www.epik.fi\/index.php\/liity-kerhoon\/","name":"Liity kerhoon &amp; lent\u00e4misen aloittaminen - EPIK","isPartOf":{"@id":"https:\/\/www.epik.fi\/#website"},"datePublished":"2023-10-15T11:17:43+00:00","dateModified":"2026-04-14T14:19:29+00:00","breadcrumb":{"@id":"https:\/\/www.epik.fi\/index.php\/liity-kerhoon\/#breadcrumb"},"inLanguage":"fi","potentialAction":[{"@type":"ReadAction","target":["https:\/\/www.epik.fi\/index.php\/liity-kerhoon\/"]}]},{"@type":"BreadcrumbList","@id":"https:\/\/www.epik.fi\/index.php\/liity-kerhoon\/#breadcrumb","itemListElement":[{"@type":"ListItem","position":1,"name":"Etusivu","item":"https:\/\/www.epik.fi\/"},{"@type":"ListItem","position":2,"name":"Liity kerhoon &amp; lent\u00e4misen aloittaminen"}]},{"@type":"WebSite","@id":"https:\/\/www.epik.fi\/#website","url":"https:\/\/www.epik.fi\/","name":"EPIK","description":"Sein\u00e4joen lentokent\u00e4ll\u00e4 toimiva ilmailukerho","publisher":{"@id":"https:\/\/www.epik.fi\/#organization"},"potentialAction":[{"@type":"SearchAction","target":{"@type":"EntryPoint","urlTemplate":"https:\/\/www.epik.fi\/?s={search_term_string}"},"query-input":{"@type":"PropertyValueSpecification","valueRequired":true,"valueName":"search_term_string"}}],"inLanguage":"fi"},{"@type":"Organization","@id":"https:\/\/www.epik.fi\/#organization","name":"EPIK","url":"https:\/\/www.epik.fi\/","logo":{"@type":"ImageObject","inLanguage":"fi","@id":"https:\/\/www.epik.fi\/#\/schema\/logo\/image\/","url":"https:\/\/www.epik.fi\/wordpress\/wp-content\/uploads\/2023\/10\/Logo.jpg","contentUrl":"https:\/\/www.epik.fi\/wordpress\/wp-content\/uploads\/2023\/10\/Logo.jpg","width":235,"height":234,"caption":"EPIK"},"image":{"@id":"https:\/\/www.epik.fi\/#\/schema\/logo\/image\/"},"sameAs":["https:\/\/www.facebook.com\/EPilmailukerho"]}]}},"_links":{"self":[{"href":"https:\/\/www.epik.fi\/index.php\/wp-json\/wp\/v2\/pages\/409"}],"collection":[{"href":"https:\/\/www.epik.fi\/index.php\/wp-json\/wp\/v2\/pages"}],"about":[{"href":"https:\/\/www.epik.fi\/index.php\/wp-json\/wp\/v2\/types\/page"}],"author":[{"embeddable":true,"href":"https:\/\/www.epik.fi\/index.php\/wp-json\/wp\/v2\/users\/1"}],"replies":[{"embeddable":true,"href":"https:\/\/www.epik.fi\/index.php\/wp-json\/wp\/v2\/comments?post=409"}],"version-history":[{"count":3,"href":"https:\/\/www.epik.fi\/index.php\/wp-json\/wp\/v2\/pages\/409\/revisions"}],"predecessor-version":[{"id":2353,"href":"https:\/\/www.epik.fi\/index.php\/wp-json\/wp\/v2\/pages\/409\/revisions\/2353"}],"wp:attachment":[{"href":"https:\/\/www.epik.fi\/index.php\/wp-json\/wp\/v2\/media?parent=409"}],"curies":[{"name":"wp","href":"https:\/\/api.w.org\/{rel}","templated":true}]}}