{"id":455,"date":"2023-10-15T12:28:00","date_gmt":"2023-10-15T12:28:00","guid":{"rendered":"https:\/\/dev.epik.fi\/?page_id=455"},"modified":"2025-03-21T01:54:37","modified_gmt":"2025-03-20T23:54:37","slug":"muu-kerhotoiminta","status":"publish","type":"page","link":"https:\/\/www.epik.fi\/index.php\/muu-kerhotoiminta\/","title":{"rendered":"Muu Kerhotoiminta"},"content":{"rendered":"<div class=\"wp-block-buttons is-layout-flex wp-block-buttons-is-layout-flex\"><\/div><h3 class=\"wp-block-heading\" style=\"font-size:38px\">Palolennot, sammutusjohtolennot sek\u00e4 tulva-, myrsky- ja \u00f6ljytuhojen tiedustelulennot<\/h3><p class=\"has-medium-font-size\">Palolennot ovat erityisi\u00e4 tarkkailulentoja, joita lennet\u00e4\u00e4n Suomessa kes\u00e4aikana. Niiden p\u00e4\u00e4asiallinen tarkoitus on havaita mets\u00e4- ja maastopalot aikaisessa vaiheessa ja ilmoittaa niist\u00e4  h\u00e4t\u00e4keskukselle joka h\u00e4lytt\u00e4\u00e4 maanpinnalla toimivat pelastusyksik\u00f6t sammutustoimiin. Mik\u00e4li palo on laaja tai se on syrj\u00e4isell\u00e4 seudulla niin apuna saatetaan k\u00e4ytt\u00e4\u00e4 my\u00f6s sammutuskopteria tai -lentokonetta. Suomen kes\u00e4 on usein kuivaa ja valoisaa aikaa, mik\u00e4 lis\u00e4\u00e4 maastopaloriski\u00e4 erityisesti metsiss\u00e4 ja avoimilla soilla. Palolennot ovat t\u00e4rke\u00e4 osa maastopaloriskin hallintaa, ja ne mahdollistavat nopean reagoinnin tulipalojen laajentumisen est\u00e4miseksi. Lentoja suoritetaan yleens\u00e4 pienkoneilla, jossa on tarvittavat viestint\u00e4 ja navigointi laitteistot. Pohjois-Suomen aluehallintavirasto  ja Ilmatieteenlaitos ovat keskeisi\u00e4 toimijoita palolentokauden aikana. <\/p><p class=\"has-medium-font-size\">Sammutusjohtolento on viranomaisen tarvittaessa pyyt\u00e4m\u00e4  lento jonka tarkoitus on saada parempaa tilannekuva  paloalueesta.  T\u00e4m\u00e4n avulla sammutus toimet saa kohdennettua tehokkaammin. Lennolla l\u00e4htee mukaan aina  pelastuksen alainen koulutettu lentosammutusp\u00e4\u00e4llikk\u00f6.<\/p><p class=\"has-medium-font-size\">Tulva-, myrsky- ja \u00f6ljytuho tiedustelulennot on pelastuksen  erikseen pyyt\u00e4m\u00e4 lento jonka tarkoitus  luoda parempi kokonaiskuva tuhojenlaajuudesta  ja auttaa viranomaisia  toimenpiteiden mitoituksesssa.<\/p><figure class=\"wp-block-image size-full is-resized\"><img loading=\"lazy\" decoding=\"async\" width=\"270\" height=\"270\" src=\"https:\/\/www.epik.fi\/wordpress\/wp-content\/uploads\/2024\/02\/Palolentokurssi.jpg\" alt=\"\" class=\"wp-image-853\" style=\"width:534px;height:auto\" srcset=\"https:\/\/www.epik.fi\/wordpress\/wp-content\/uploads\/2024\/02\/Palolentokurssi.jpg 270w, https:\/\/www.epik.fi\/wordpress\/wp-content\/uploads\/2024\/02\/Palolentokurssi-100x100.jpg 100w, https:\/\/www.epik.fi\/wordpress\/wp-content\/uploads\/2024\/02\/Palolentokurssi-150x150.jpg 150w\" sizes=\"(max-width: 270px) 100vw, 270px\" \/><\/figure><h2 class=\"wp-block-heading\">SAR toiminta<\/h2><p class=\"has-medium-font-size\">Lentopelastusseura on vapaaehtoisten organisaatio, joka on sitoutunut lentopelastustoimintaan. Seuran j\u00e4senet osallistuvat aktiivisesti h\u00e4t\u00e4tilanteisiin ja etsint\u00e4peraatioihin ilmassa. Seura tekee yhteisty\u00f6t\u00e4 paikallisten viranomaisten  kanssa varmistaakseen, ett\u00e4 mahdollisesti henke\u00e4 uhkaavissa tilanteissa saadaan nopeaa ja tehokasta apua. Lis\u00e4ksi Lentopelastusseura kouluttaa j\u00e4seni\u00e4\u00e4n lentoturvallisuuteen liittyviss\u00e4 asioissa.<\/p><figure class=\"wp-block-image size-large\"><img loading=\"lazy\" decoding=\"async\" width=\"1024\" height=\"653\" src=\"https:\/\/www.epik.fi\/wordpress\/wp-content\/uploads\/2024\/10\/Kurssikuva-12.4.2022-1024x653.jpg\" alt=\"\" class=\"wp-image-1775\" srcset=\"https:\/\/www.epik.fi\/wordpress\/wp-content\/uploads\/2024\/10\/Kurssikuva-12.4.2022-1024x653.jpg 1024w, https:\/\/www.epik.fi\/wordpress\/wp-content\/uploads\/2024\/10\/Kurssikuva-12.4.2022-600x383.jpg 600w, https:\/\/www.epik.fi\/wordpress\/wp-content\/uploads\/2024\/10\/Kurssikuva-12.4.2022-300x191.jpg 300w, https:\/\/www.epik.fi\/wordpress\/wp-content\/uploads\/2024\/10\/Kurssikuva-12.4.2022-768x490.jpg 768w, https:\/\/www.epik.fi\/wordpress\/wp-content\/uploads\/2024\/10\/Kurssikuva-12.4.2022-1536x980.jpg 1536w, https:\/\/www.epik.fi\/wordpress\/wp-content\/uploads\/2024\/10\/Kurssikuva-12.4.2022.jpg 1920w\" sizes=\"(max-width: 1024px) 100vw, 1024px\" \/><\/figure><h3 class=\"wp-block-heading\">Kuvagalleria \u2013 Kerhon huoltotoimintaa ja talkoohenke\u00e4<\/h3><p class=\"has-medium-font-size\">Etel\u00e4-Pohjanmaan Ilmailukerhossa huoltotoiminta on olennainen osa kerhon toimintaa, ja se mahdollistaa turvallisen ja sujuvan lentotoiminnan ymp\u00e4ri vuoden. Kuvagalleriassamme p\u00e4\u00e4set kurkistamaan erilaisiin huoltotapahtumiin, joissa j\u00e4senet kokoontuvat yhdess\u00e4 varmistamaan koneiden moitteettoman toiminnan. Olitpa kiinnostunut koneiden huollosta tai muista talkoot\u00f6ist\u00e4, n\u00e4m\u00e4 hetket kuvastavat kerhon yhteishenke\u00e4 ja sitoutumista ilmailutoiminnan yll\u00e4pitoon \u2013 tervetuloa mukaan tekem\u00e4\u00e4n ja oppimaan!<\/p>\n<!-- This file should primarily consist of HTML with a little bit of PHP. -->\n\r\n\r\n<div class=\"aigwl_grid_gallery container\">\r\n    <div class=\"aigwl_main\">\r\n                                <div class=\"aigwl_card\">\r\n                            <div class=\"aigwl-card-image  \">\r\n                                <a href=\"https:\/\/www.epik.fi\/wordpress\/wp-content\/uploads\/2024\/10\/Moottorilentaminen_1-6.png\" data-fancybox=\"aigwl_gallery\">\r\n                                    <img decoding=\"async\" class=\"grid_gallery_img\" src=\"https:\/\/www.epik.fi\/wordpress\/wp-content\/uploads\/2024\/10\/Moottorilentaminen_1-6.png\"\r\n                                        alt=\"\">\r\n                                                                                   \r\n                                <\/a>\r\n                            <\/div>\r\n                        <\/div>\r\n                                        <div class=\"aigwl_card\">\r\n                            <div class=\"aigwl-card-image  \">\r\n                                <a href=\"https:\/\/www.epik.fi\/wordpress\/wp-content\/uploads\/2024\/10\/Moottorilentaminen_1-2.png\" data-fancybox=\"aigwl_gallery\">\r\n                                    <img decoding=\"async\" class=\"grid_gallery_img\" src=\"https:\/\/www.epik.fi\/wordpress\/wp-content\/uploads\/2024\/10\/Moottorilentaminen_1-2.png\"\r\n                                        alt=\"\">\r\n                                                                                   \r\n                                <\/a>\r\n                            <\/div>\r\n                        <\/div>\r\n                                        <div class=\"aigwl_card\">\r\n                            <div class=\"aigwl-card-image  \">\r\n                                <a href=\"https:\/\/www.epik.fi\/wordpress\/wp-content\/uploads\/2024\/10\/Moottorilentaminen_1-5.png\" data-fancybox=\"aigwl_gallery\">\r\n                                    <img decoding=\"async\" class=\"grid_gallery_img\" src=\"https:\/\/www.epik.fi\/wordpress\/wp-content\/uploads\/2024\/10\/Moottorilentaminen_1-5.png\"\r\n                                        alt=\"\">\r\n                                                                                   \r\n                                <\/a>\r\n                            <\/div>\r\n                        <\/div>\r\n                                        <div class=\"aigwl_card\">\r\n                            <div class=\"aigwl-card-image  \">\r\n                                <a href=\"https:\/\/www.epik.fi\/wordpress\/wp-content\/uploads\/2024\/10\/Huoltotoiminta-3.jpg\" data-fancybox=\"aigwl_gallery\">\r\n                                    <img decoding=\"async\" class=\"grid_gallery_img\" src=\"https:\/\/www.epik.fi\/wordpress\/wp-content\/uploads\/2024\/10\/Huoltotoiminta-3.jpg\"\r\n                                        alt=\"\">\r\n                                                                                   \r\n                                <\/a>\r\n                            <\/div>\r\n                        <\/div>\r\n                    <\/div>\r\n<\/div>","protected":false},"excerpt":{"rendered":"<p>Palolennot, sammutusjohtolennot sek\u00e4 tulva-, myrsky- ja \u00f6ljytuhojen tiedustelulennot Palolennot ovat erityisi\u00e4 tarkkailulentoja, joita lennet\u00e4\u00e4n Suomessa kes\u00e4aikana. Niiden p\u00e4\u00e4asiallinen tarkoitus on havaita mets\u00e4- ja maastopalot aikaisessa vaiheessa ja ilmoittaa niist\u00e4 h\u00e4t\u00e4keskukselle joka h\u00e4lytt\u00e4\u00e4 maanpinnalla toimivat pelastusyksik\u00f6t sammutustoimiin. Mik\u00e4li palo on laaja tai se on syrj\u00e4isell\u00e4 seudulla niin apuna saatetaan k\u00e4ytt\u00e4\u00e4 my\u00f6s sammutuskopteria tai -lentokonetta. Suomen kes\u00e4 [&hellip;]<\/p>\n","protected":false},"author":1,"featured_media":0,"parent":0,"menu_order":0,"comment_status":"closed","ping_status":"closed","template":"","meta":{"_mc_calendar":[],"footnotes":""},"class_list":["post-455","page","type-page","status-publish","hentry"],"yoast_head":"<!-- This site is optimized with the Yoast SEO plugin v25.1 - https:\/\/yoast.com\/wordpress\/plugins\/seo\/ -->\n<title>Muu Kerhotoiminta - EPIK<\/title>\n<meta name=\"robots\" content=\"index, follow, max-snippet:-1, max-image-preview:large, max-video-preview:-1\" \/>\n<link rel=\"canonical\" href=\"https:\/\/www.epik.fi\/index.php\/muu-kerhotoiminta\/\" \/>\n<meta property=\"og:locale\" content=\"fi_FI\" \/>\n<meta property=\"og:type\" content=\"article\" \/>\n<meta property=\"og:title\" content=\"Muu Kerhotoiminta - EPIK\" \/>\n<meta property=\"og:description\" content=\"Palolennot, sammutusjohtolennot sek\u00e4 tulva-, myrsky- ja \u00f6ljytuhojen tiedustelulennot Palolennot ovat erityisi\u00e4 tarkkailulentoja, joita lennet\u00e4\u00e4n Suomessa kes\u00e4aikana. Niiden p\u00e4\u00e4asiallinen tarkoitus on havaita mets\u00e4- ja maastopalot aikaisessa vaiheessa ja ilmoittaa niist\u00e4 h\u00e4t\u00e4keskukselle joka h\u00e4lytt\u00e4\u00e4 maanpinnalla toimivat pelastusyksik\u00f6t sammutustoimiin. Mik\u00e4li palo on laaja tai se on syrj\u00e4isell\u00e4 seudulla niin apuna saatetaan k\u00e4ytt\u00e4\u00e4 my\u00f6s sammutuskopteria tai -lentokonetta. Suomen kes\u00e4 [&hellip;]\" \/>\n<meta property=\"og:url\" content=\"https:\/\/www.epik.fi\/index.php\/muu-kerhotoiminta\/\" \/>\n<meta property=\"og:site_name\" content=\"EPIK\" \/>\n<meta property=\"article:publisher\" content=\"https:\/\/www.facebook.com\/EPilmailukerho\" \/>\n<meta property=\"article:modified_time\" content=\"2025-03-20T23:54:37+00:00\" \/>\n<meta property=\"og:image\" content=\"https:\/\/www.epik.fi\/wordpress\/wp-content\/uploads\/2024\/02\/Palolentokurssi.jpg\" \/>\n\t<meta property=\"og:image:width\" content=\"270\" \/>\n\t<meta property=\"og:image:height\" content=\"270\" \/>\n\t<meta property=\"og:image:type\" content=\"image\/jpeg\" \/>\n<meta name=\"twitter:card\" content=\"summary_large_image\" \/>\n<meta name=\"twitter:label1\" content=\"Arvioitu lukuaika\" \/>\n\t<meta name=\"twitter:data1\" content=\"2 minuuttia\" \/>\n<script type=\"application\/ld+json\" class=\"yoast-schema-graph\">{\"@context\":\"https:\/\/schema.org\",\"@graph\":[{\"@type\":\"WebPage\",\"@id\":\"https:\/\/www.epik.fi\/index.php\/muu-kerhotoiminta\/\",\"url\":\"https:\/\/www.epik.fi\/index.php\/muu-kerhotoiminta\/\",\"name\":\"Muu Kerhotoiminta - EPIK\",\"isPartOf\":{\"@id\":\"https:\/\/www.epik.fi\/#website\"},\"primaryImageOfPage\":{\"@id\":\"https:\/\/www.epik.fi\/index.php\/muu-kerhotoiminta\/#primaryimage\"},\"image\":{\"@id\":\"https:\/\/www.epik.fi\/index.php\/muu-kerhotoiminta\/#primaryimage\"},\"thumbnailUrl\":\"https:\/\/www.epik.fi\/wordpress\/wp-content\/uploads\/2024\/02\/Palolentokurssi.jpg\",\"datePublished\":\"2023-10-15T12:28:00+00:00\",\"dateModified\":\"2025-03-20T23:54:37+00:00\",\"breadcrumb\":{\"@id\":\"https:\/\/www.epik.fi\/index.php\/muu-kerhotoiminta\/#breadcrumb\"},\"inLanguage\":\"fi\",\"potentialAction\":[{\"@type\":\"ReadAction\",\"target\":[\"https:\/\/www.epik.fi\/index.php\/muu-kerhotoiminta\/\"]}]},{\"@type\":\"ImageObject\",\"inLanguage\":\"fi\",\"@id\":\"https:\/\/www.epik.fi\/index.php\/muu-kerhotoiminta\/#primaryimage\",\"url\":\"https:\/\/www.epik.fi\/wordpress\/wp-content\/uploads\/2024\/02\/Palolentokurssi.jpg\",\"contentUrl\":\"https:\/\/www.epik.fi\/wordpress\/wp-content\/uploads\/2024\/02\/Palolentokurssi.jpg\",\"width\":270,\"height\":270},{\"@type\":\"BreadcrumbList\",\"@id\":\"https:\/\/www.epik.fi\/index.php\/muu-kerhotoiminta\/#breadcrumb\",\"itemListElement\":[{\"@type\":\"ListItem\",\"position\":1,\"name\":\"Etusivu\",\"item\":\"https:\/\/www.epik.fi\/\"},{\"@type\":\"ListItem\",\"position\":2,\"name\":\"Muu Kerhotoiminta\"}]},{\"@type\":\"WebSite\",\"@id\":\"https:\/\/www.epik.fi\/#website\",\"url\":\"https:\/\/www.epik.fi\/\",\"name\":\"EPIK\",\"description\":\"Sein\u00e4joen lentokent\u00e4ll\u00e4 toimiva ilmailukerho\",\"publisher\":{\"@id\":\"https:\/\/www.epik.fi\/#organization\"},\"potentialAction\":[{\"@type\":\"SearchAction\",\"target\":{\"@type\":\"EntryPoint\",\"urlTemplate\":\"https:\/\/www.epik.fi\/?s={search_term_string}\"},\"query-input\":{\"@type\":\"PropertyValueSpecification\",\"valueRequired\":true,\"valueName\":\"search_term_string\"}}],\"inLanguage\":\"fi\"},{\"@type\":\"Organization\",\"@id\":\"https:\/\/www.epik.fi\/#organization\",\"name\":\"EPIK\",\"url\":\"https:\/\/www.epik.fi\/\",\"logo\":{\"@type\":\"ImageObject\",\"inLanguage\":\"fi\",\"@id\":\"https:\/\/www.epik.fi\/#\/schema\/logo\/image\/\",\"url\":\"https:\/\/www.epik.fi\/wordpress\/wp-content\/uploads\/2023\/10\/Logo.jpg\",\"contentUrl\":\"https:\/\/www.epik.fi\/wordpress\/wp-content\/uploads\/2023\/10\/Logo.jpg\",\"width\":235,\"height\":234,\"caption\":\"EPIK\"},\"image\":{\"@id\":\"https:\/\/www.epik.fi\/#\/schema\/logo\/image\/\"},\"sameAs\":[\"https:\/\/www.facebook.com\/EPilmailukerho\"]}]}<\/script>\n<!-- \/ Yoast SEO plugin. -->","yoast_head_json":{"title":"Muu Kerhotoiminta - EPIK","robots":{"index":"index","follow":"follow","max-snippet":"max-snippet:-1","max-image-preview":"max-image-preview:large","max-video-preview":"max-video-preview:-1"},"canonical":"https:\/\/www.epik.fi\/index.php\/muu-kerhotoiminta\/","og_locale":"fi_FI","og_type":"article","og_title":"Muu Kerhotoiminta - EPIK","og_description":"Palolennot, sammutusjohtolennot sek\u00e4 tulva-, myrsky- ja \u00f6ljytuhojen tiedustelulennot Palolennot ovat erityisi\u00e4 tarkkailulentoja, joita lennet\u00e4\u00e4n Suomessa kes\u00e4aikana. Niiden p\u00e4\u00e4asiallinen tarkoitus on havaita mets\u00e4- ja maastopalot aikaisessa vaiheessa ja ilmoittaa niist\u00e4 h\u00e4t\u00e4keskukselle joka h\u00e4lytt\u00e4\u00e4 maanpinnalla toimivat pelastusyksik\u00f6t sammutustoimiin. Mik\u00e4li palo on laaja tai se on syrj\u00e4isell\u00e4 seudulla niin apuna saatetaan k\u00e4ytt\u00e4\u00e4 my\u00f6s sammutuskopteria tai -lentokonetta. Suomen kes\u00e4 [&hellip;]","og_url":"https:\/\/www.epik.fi\/index.php\/muu-kerhotoiminta\/","og_site_name":"EPIK","article_publisher":"https:\/\/www.facebook.com\/EPilmailukerho","article_modified_time":"2025-03-20T23:54:37+00:00","og_image":[{"width":270,"height":270,"url":"https:\/\/www.epik.fi\/wordpress\/wp-content\/uploads\/2024\/02\/Palolentokurssi.jpg","type":"image\/jpeg"}],"twitter_card":"summary_large_image","twitter_misc":{"Arvioitu lukuaika":"2 minuuttia"},"schema":{"@context":"https:\/\/schema.org","@graph":[{"@type":"WebPage","@id":"https:\/\/www.epik.fi\/index.php\/muu-kerhotoiminta\/","url":"https:\/\/www.epik.fi\/index.php\/muu-kerhotoiminta\/","name":"Muu Kerhotoiminta - EPIK","isPartOf":{"@id":"https:\/\/www.epik.fi\/#website"},"primaryImageOfPage":{"@id":"https:\/\/www.epik.fi\/index.php\/muu-kerhotoiminta\/#primaryimage"},"image":{"@id":"https:\/\/www.epik.fi\/index.php\/muu-kerhotoiminta\/#primaryimage"},"thumbnailUrl":"https:\/\/www.epik.fi\/wordpress\/wp-content\/uploads\/2024\/02\/Palolentokurssi.jpg","datePublished":"2023-10-15T12:28:00+00:00","dateModified":"2025-03-20T23:54:37+00:00","breadcrumb":{"@id":"https:\/\/www.epik.fi\/index.php\/muu-kerhotoiminta\/#breadcrumb"},"inLanguage":"fi","potentialAction":[{"@type":"ReadAction","target":["https:\/\/www.epik.fi\/index.php\/muu-kerhotoiminta\/"]}]},{"@type":"ImageObject","inLanguage":"fi","@id":"https:\/\/www.epik.fi\/index.php\/muu-kerhotoiminta\/#primaryimage","url":"https:\/\/www.epik.fi\/wordpress\/wp-content\/uploads\/2024\/02\/Palolentokurssi.jpg","contentUrl":"https:\/\/www.epik.fi\/wordpress\/wp-content\/uploads\/2024\/02\/Palolentokurssi.jpg","width":270,"height":270},{"@type":"BreadcrumbList","@id":"https:\/\/www.epik.fi\/index.php\/muu-kerhotoiminta\/#breadcrumb","itemListElement":[{"@type":"ListItem","position":1,"name":"Etusivu","item":"https:\/\/www.epik.fi\/"},{"@type":"ListItem","position":2,"name":"Muu Kerhotoiminta"}]},{"@type":"WebSite","@id":"https:\/\/www.epik.fi\/#website","url":"https:\/\/www.epik.fi\/","name":"EPIK","description":"Sein\u00e4joen lentokent\u00e4ll\u00e4 toimiva ilmailukerho","publisher":{"@id":"https:\/\/www.epik.fi\/#organization"},"potentialAction":[{"@type":"SearchAction","target":{"@type":"EntryPoint","urlTemplate":"https:\/\/www.epik.fi\/?s={search_term_string}"},"query-input":{"@type":"PropertyValueSpecification","valueRequired":true,"valueName":"search_term_string"}}],"inLanguage":"fi"},{"@type":"Organization","@id":"https:\/\/www.epik.fi\/#organization","name":"EPIK","url":"https:\/\/www.epik.fi\/","logo":{"@type":"ImageObject","inLanguage":"fi","@id":"https:\/\/www.epik.fi\/#\/schema\/logo\/image\/","url":"https:\/\/www.epik.fi\/wordpress\/wp-content\/uploads\/2023\/10\/Logo.jpg","contentUrl":"https:\/\/www.epik.fi\/wordpress\/wp-content\/uploads\/2023\/10\/Logo.jpg","width":235,"height":234,"caption":"EPIK"},"image":{"@id":"https:\/\/www.epik.fi\/#\/schema\/logo\/image\/"},"sameAs":["https:\/\/www.facebook.com\/EPilmailukerho"]}]}},"_links":{"self":[{"href":"https:\/\/www.epik.fi\/index.php\/wp-json\/wp\/v2\/pages\/455"}],"collection":[{"href":"https:\/\/www.epik.fi\/index.php\/wp-json\/wp\/v2\/pages"}],"about":[{"href":"https:\/\/www.epik.fi\/index.php\/wp-json\/wp\/v2\/types\/page"}],"author":[{"embeddable":true,"href":"https:\/\/www.epik.fi\/index.php\/wp-json\/wp\/v2\/users\/1"}],"replies":[{"embeddable":true,"href":"https:\/\/www.epik.fi\/index.php\/wp-json\/wp\/v2\/comments?post=455"}],"version-history":[{"count":3,"href":"https:\/\/www.epik.fi\/index.php\/wp-json\/wp\/v2\/pages\/455\/revisions"}],"predecessor-version":[{"id":2153,"href":"https:\/\/www.epik.fi\/index.php\/wp-json\/wp\/v2\/pages\/455\/revisions\/2153"}],"wp:attachment":[{"href":"https:\/\/www.epik.fi\/index.php\/wp-json\/wp\/v2\/media?parent=455"}],"curies":[{"name":"wp","href":"https:\/\/api.w.org\/{rel}","templated":true}]}}