{"id":614,"date":"2023-10-22T07:44:51","date_gmt":"2023-10-22T07:44:51","guid":{"rendered":"https:\/\/dev.epik.fi\/?page_id=614"},"modified":"2025-02-28T11:06:22","modified_gmt":"2025-02-28T09:06:22","slug":"verkkokaupan-tiedot","status":"publish","type":"page","link":"https:\/\/www.epik.fi\/index.php\/verkkokaupan-tiedot\/","title":{"rendered":"Verkkokaupan tiedot"},"content":{"rendered":"<p><strong>Verkkokaupan yhteystiedot<\/strong><\/p><p>Etel\u00e4pohjanmaan Ilmailukerho<br>Y-0460074-0<br>Ilmailukerhontie 27, Sein\u00e4joki<br>60760 Pojanluoma<br>+358-45674 1757<br><span \n                data-original-string='7z2vtjPH18\/1a74cc+Tn+Q==5c634tzclbVHPp+uHAiEun2h2SiMDQ0E2\/K0MIxeoMEjsU='\n                class='apbct-email-encoder'\n                title='This contact has been encoded by Anti-Spam by CleanTalk. Click to decode. To finish the decoding make sure that JavaScript is enabled in your browser.'>pu<span class=\"apbct-blur\">***********<\/span>@<span class=\"apbct-blur\">**<\/span>ik.fi<\/span><\/p><p><strong>Toimitusehdot<\/strong><\/p><p>Tuote toimitetaan kun maksutiedot n\u00e4kyv\u00e4t Myyj\u00e4n pankkitilill\u00e4<br>Toimitusaika tyypillisesti 2-3 p\u00e4iv\u00e4\u00e4 tilauksesta<br>Maksu suoritetaan pankkisiirtona Myyj\u00e4n ilmoittamalle tilille<br>Kuluttajan oikeus perua kauppa 14 p\u00e4iv\u00e4n sis\u00e4ll\u00e4<br>Ole tarvittaessa yhteydess\u00e4 <span \n                data-original-string='Fod8zbp55\/nv6Gq2kgGAew==5c609e2pW5YYZwMSp7q23CLUA=='\n                class='apbct-email-encoder'\n                title='This contact has been encoded by Anti-Spam by CleanTalk. Click to decode. To finish the decoding make sure that JavaScript is enabled in your browser.'>ka<span class=\"apbct-blur\">****<\/span>@<span class=\"apbct-blur\">**<\/span>ik.fi<\/span><br>Palautuksesta ei aiheudu kustannuksia<br>Maksupalautus tehd\u00e4\u00e4n Tilinsiirtona ostajan ilmoittamalle pankkitilille<\/p><p><strong>Kerhotuotteet\/J\u00e4sentuotteet<\/strong><\/p><p>Myyd\u00e4\u00e4n ja toimitetaan vain kerhon rekister\u00f6ityneille j\u00e4senille<\/p><p><strong>Maksuehdot<\/strong><\/p><p>Verkkokaupassa on k\u00e4yt\u00f6ss\u00e4 SEPA Pankkisiirto maksu.<br>Tilauksen j\u00e4lkeen ostaja saa maksutiedot s\u00e4hk\u00f6postilla<br>Maksun j\u00e4lkeen myyj\u00e4 toimittaa tuoteen \/Latauslinkin<\/p>","protected":false},"excerpt":{"rendered":"<p>Verkkokaupan yhteystiedot Etel\u00e4pohjanmaan IlmailukerhoY-0460074-0Ilmailukerhontie 27, Sein\u00e4joki60760 Pojanluoma+358-45674 1757pu***********@**ik.fi Toimitusehdot Tuote toimitetaan kun maksutiedot n\u00e4kyv\u00e4t Myyj\u00e4n pankkitilill\u00e4Toimitusaika tyypillisesti 2-3 p\u00e4iv\u00e4\u00e4 tilauksestaMaksu suoritetaan pankkisiirtona Myyj\u00e4n ilmoittamalle tililleKuluttajan oikeus perua kauppa 14 p\u00e4iv\u00e4n sis\u00e4ll\u00e4Ole tarvittaessa yhteydess\u00e4 ka****@**ik.fiPalautuksesta ei aiheudu kustannuksiaMaksupalautus tehd\u00e4\u00e4n Tilinsiirtona ostajan ilmoittamalle pankkitilille Kerhotuotteet\/J\u00e4sentuotteet Myyd\u00e4\u00e4n ja toimitetaan vain kerhon rekister\u00f6ityneille j\u00e4senille Maksuehdot Verkkokaupassa on k\u00e4yt\u00f6ss\u00e4 SEPA [&hellip;]<\/p>\n","protected":false},"author":1,"featured_media":0,"parent":0,"menu_order":0,"comment_status":"closed","ping_status":"closed","template":"","meta":{"_mc_calendar":[],"footnotes":""},"class_list":["post-614","page","type-page","status-publish","hentry"],"yoast_head":"<!-- This site is optimized with the Yoast SEO plugin v25.1 - https:\/\/yoast.com\/wordpress\/plugins\/seo\/ -->\n<title>Verkkokaupan tiedot - EPIK<\/title>\n<meta name=\"robots\" content=\"index, follow, max-snippet:-1, max-image-preview:large, max-video-preview:-1\" \/>\n<link rel=\"canonical\" href=\"https:\/\/www.epik.fi\/index.php\/verkkokaupan-tiedot\/\" \/>\n<meta property=\"og:locale\" content=\"fi_FI\" \/>\n<meta property=\"og:type\" content=\"article\" \/>\n<meta property=\"og:title\" content=\"Verkkokaupan tiedot - EPIK\" \/>\n<meta property=\"og:description\" content=\"Verkkokaupan yhteystiedot Etel\u00e4pohjanmaan IlmailukerhoY-0460074-0Ilmailukerhontie 27, Sein\u00e4joki60760 Pojanluoma+358-45674 1757pu***********@**ik.fi Toimitusehdot Tuote toimitetaan kun maksutiedot n\u00e4kyv\u00e4t Myyj\u00e4n pankkitilill\u00e4Toimitusaika tyypillisesti 2-3 p\u00e4iv\u00e4\u00e4 tilauksestaMaksu suoritetaan pankkisiirtona Myyj\u00e4n ilmoittamalle tililleKuluttajan oikeus perua kauppa 14 p\u00e4iv\u00e4n sis\u00e4ll\u00e4Ole tarvittaessa yhteydess\u00e4 ka****@**ik.fiPalautuksesta ei aiheudu kustannuksiaMaksupalautus tehd\u00e4\u00e4n Tilinsiirtona ostajan ilmoittamalle pankkitilille Kerhotuotteet\/J\u00e4sentuotteet Myyd\u00e4\u00e4n ja toimitetaan vain kerhon rekister\u00f6ityneille j\u00e4senille Maksuehdot Verkkokaupassa on k\u00e4yt\u00f6ss\u00e4 SEPA [&hellip;]\" \/>\n<meta property=\"og:url\" content=\"https:\/\/www.epik.fi\/index.php\/verkkokaupan-tiedot\/\" \/>\n<meta property=\"og:site_name\" content=\"EPIK\" \/>\n<meta property=\"article:publisher\" content=\"https:\/\/www.facebook.com\/EPilmailukerho\" \/>\n<meta property=\"article:modified_time\" content=\"2025-02-28T09:06:22+00:00\" \/>\n<meta name=\"twitter:card\" content=\"summary_large_image\" \/>\n<meta name=\"twitter:label1\" content=\"Arvioitu lukuaika\" \/>\n\t<meta name=\"twitter:data1\" content=\"1 minuutti\" \/>\n<script type=\"application\/ld+json\" class=\"yoast-schema-graph\">{\"@context\":\"https:\/\/schema.org\",\"@graph\":[{\"@type\":\"WebPage\",\"@id\":\"https:\/\/www.epik.fi\/index.php\/verkkokaupan-tiedot\/\",\"url\":\"https:\/\/www.epik.fi\/index.php\/verkkokaupan-tiedot\/\",\"name\":\"Verkkokaupan tiedot - EPIK\",\"isPartOf\":{\"@id\":\"https:\/\/www.epik.fi\/#website\"},\"datePublished\":\"2023-10-22T07:44:51+00:00\",\"dateModified\":\"2025-02-28T09:06:22+00:00\",\"breadcrumb\":{\"@id\":\"https:\/\/www.epik.fi\/index.php\/verkkokaupan-tiedot\/#breadcrumb\"},\"inLanguage\":\"fi\",\"potentialAction\":[{\"@type\":\"ReadAction\",\"target\":[\"https:\/\/www.epik.fi\/index.php\/verkkokaupan-tiedot\/\"]}]},{\"@type\":\"BreadcrumbList\",\"@id\":\"https:\/\/www.epik.fi\/index.php\/verkkokaupan-tiedot\/#breadcrumb\",\"itemListElement\":[{\"@type\":\"ListItem\",\"position\":1,\"name\":\"Etusivu\",\"item\":\"https:\/\/www.epik.fi\/\"},{\"@type\":\"ListItem\",\"position\":2,\"name\":\"Verkkokaupan tiedot\"}]},{\"@type\":\"WebSite\",\"@id\":\"https:\/\/www.epik.fi\/#website\",\"url\":\"https:\/\/www.epik.fi\/\",\"name\":\"EPIK\",\"description\":\"Sein\u00e4joen lentokent\u00e4ll\u00e4 toimiva ilmailukerho\",\"publisher\":{\"@id\":\"https:\/\/www.epik.fi\/#organization\"},\"potentialAction\":[{\"@type\":\"SearchAction\",\"target\":{\"@type\":\"EntryPoint\",\"urlTemplate\":\"https:\/\/www.epik.fi\/?s={search_term_string}\"},\"query-input\":{\"@type\":\"PropertyValueSpecification\",\"valueRequired\":true,\"valueName\":\"search_term_string\"}}],\"inLanguage\":\"fi\"},{\"@type\":\"Organization\",\"@id\":\"https:\/\/www.epik.fi\/#organization\",\"name\":\"EPIK\",\"url\":\"https:\/\/www.epik.fi\/\",\"logo\":{\"@type\":\"ImageObject\",\"inLanguage\":\"fi\",\"@id\":\"https:\/\/www.epik.fi\/#\/schema\/logo\/image\/\",\"url\":\"https:\/\/www.epik.fi\/wordpress\/wp-content\/uploads\/2023\/10\/Logo.jpg\",\"contentUrl\":\"https:\/\/www.epik.fi\/wordpress\/wp-content\/uploads\/2023\/10\/Logo.jpg\",\"width\":235,\"height\":234,\"caption\":\"EPIK\"},\"image\":{\"@id\":\"https:\/\/www.epik.fi\/#\/schema\/logo\/image\/\"},\"sameAs\":[\"https:\/\/www.facebook.com\/EPilmailukerho\"]}]}<\/script>\n<!-- \/ Yoast SEO plugin. -->","yoast_head_json":{"title":"Verkkokaupan tiedot - EPIK","robots":{"index":"index","follow":"follow","max-snippet":"max-snippet:-1","max-image-preview":"max-image-preview:large","max-video-preview":"max-video-preview:-1"},"canonical":"https:\/\/www.epik.fi\/index.php\/verkkokaupan-tiedot\/","og_locale":"fi_FI","og_type":"article","og_title":"Verkkokaupan tiedot - EPIK","og_description":"Verkkokaupan yhteystiedot Etel\u00e4pohjanmaan IlmailukerhoY-0460074-0Ilmailukerhontie 27, Sein\u00e4joki60760 Pojanluoma+358-45674 1757pu***********@**ik.fi Toimitusehdot Tuote toimitetaan kun maksutiedot n\u00e4kyv\u00e4t Myyj\u00e4n pankkitilill\u00e4Toimitusaika tyypillisesti 2-3 p\u00e4iv\u00e4\u00e4 tilauksestaMaksu suoritetaan pankkisiirtona Myyj\u00e4n ilmoittamalle tililleKuluttajan oikeus perua kauppa 14 p\u00e4iv\u00e4n sis\u00e4ll\u00e4Ole tarvittaessa yhteydess\u00e4 ka****@**ik.fiPalautuksesta ei aiheudu kustannuksiaMaksupalautus tehd\u00e4\u00e4n Tilinsiirtona ostajan ilmoittamalle pankkitilille Kerhotuotteet\/J\u00e4sentuotteet Myyd\u00e4\u00e4n ja toimitetaan vain kerhon rekister\u00f6ityneille j\u00e4senille Maksuehdot Verkkokaupassa on k\u00e4yt\u00f6ss\u00e4 SEPA [&hellip;]","og_url":"https:\/\/www.epik.fi\/index.php\/verkkokaupan-tiedot\/","og_site_name":"EPIK","article_publisher":"https:\/\/www.facebook.com\/EPilmailukerho","article_modified_time":"2025-02-28T09:06:22+00:00","twitter_card":"summary_large_image","twitter_misc":{"Arvioitu lukuaika":"1 minuutti"},"schema":{"@context":"https:\/\/schema.org","@graph":[{"@type":"WebPage","@id":"https:\/\/www.epik.fi\/index.php\/verkkokaupan-tiedot\/","url":"https:\/\/www.epik.fi\/index.php\/verkkokaupan-tiedot\/","name":"Verkkokaupan tiedot - EPIK","isPartOf":{"@id":"https:\/\/www.epik.fi\/#website"},"datePublished":"2023-10-22T07:44:51+00:00","dateModified":"2025-02-28T09:06:22+00:00","breadcrumb":{"@id":"https:\/\/www.epik.fi\/index.php\/verkkokaupan-tiedot\/#breadcrumb"},"inLanguage":"fi","potentialAction":[{"@type":"ReadAction","target":["https:\/\/www.epik.fi\/index.php\/verkkokaupan-tiedot\/"]}]},{"@type":"BreadcrumbList","@id":"https:\/\/www.epik.fi\/index.php\/verkkokaupan-tiedot\/#breadcrumb","itemListElement":[{"@type":"ListItem","position":1,"name":"Etusivu","item":"https:\/\/www.epik.fi\/"},{"@type":"ListItem","position":2,"name":"Verkkokaupan tiedot"}]},{"@type":"WebSite","@id":"https:\/\/www.epik.fi\/#website","url":"https:\/\/www.epik.fi\/","name":"EPIK","description":"Sein\u00e4joen lentokent\u00e4ll\u00e4 toimiva ilmailukerho","publisher":{"@id":"https:\/\/www.epik.fi\/#organization"},"potentialAction":[{"@type":"SearchAction","target":{"@type":"EntryPoint","urlTemplate":"https:\/\/www.epik.fi\/?s={search_term_string}"},"query-input":{"@type":"PropertyValueSpecification","valueRequired":true,"valueName":"search_term_string"}}],"inLanguage":"fi"},{"@type":"Organization","@id":"https:\/\/www.epik.fi\/#organization","name":"EPIK","url":"https:\/\/www.epik.fi\/","logo":{"@type":"ImageObject","inLanguage":"fi","@id":"https:\/\/www.epik.fi\/#\/schema\/logo\/image\/","url":"https:\/\/www.epik.fi\/wordpress\/wp-content\/uploads\/2023\/10\/Logo.jpg","contentUrl":"https:\/\/www.epik.fi\/wordpress\/wp-content\/uploads\/2023\/10\/Logo.jpg","width":235,"height":234,"caption":"EPIK"},"image":{"@id":"https:\/\/www.epik.fi\/#\/schema\/logo\/image\/"},"sameAs":["https:\/\/www.facebook.com\/EPilmailukerho"]}]}},"_links":{"self":[{"href":"https:\/\/www.epik.fi\/index.php\/wp-json\/wp\/v2\/pages\/614"}],"collection":[{"href":"https:\/\/www.epik.fi\/index.php\/wp-json\/wp\/v2\/pages"}],"about":[{"href":"https:\/\/www.epik.fi\/index.php\/wp-json\/wp\/v2\/types\/page"}],"author":[{"embeddable":true,"href":"https:\/\/www.epik.fi\/index.php\/wp-json\/wp\/v2\/users\/1"}],"replies":[{"embeddable":true,"href":"https:\/\/www.epik.fi\/index.php\/wp-json\/wp\/v2\/comments?post=614"}],"version-history":[{"count":3,"href":"https:\/\/www.epik.fi\/index.php\/wp-json\/wp\/v2\/pages\/614\/revisions"}],"predecessor-version":[{"id":2111,"href":"https:\/\/www.epik.fi\/index.php\/wp-json\/wp\/v2\/pages\/614\/revisions\/2111"}],"wp:attachment":[{"href":"https:\/\/www.epik.fi\/index.php\/wp-json\/wp\/v2\/media?parent=614"}],"curies":[{"name":"wp","href":"https:\/\/api.w.org\/{rel}","templated":true}]}}