{"id":733,"date":"2023-11-03T14:07:53","date_gmt":"2023-11-03T14:07:53","guid":{"rendered":"https:\/\/dev.epik.fi\/?page_id=733"},"modified":"2023-11-03T14:10:15","modified_gmt":"2023-11-03T14:10:15","slug":"kerho-ilmoitukset","status":"publish","type":"page","link":"https:\/\/www.epik.fi\/index.php\/kerho-ilmoitukset\/","title":{"rendered":"Kerhon Uutiset"},"content":{"rendered":"\n\t<div id=\"wpbaw-blog-1\" class=\"blogfree-plugin blog-clearfix \">\n\t\n\t\t\t\t<div id=\"post-735\" class=\"blog type-blog blog-clearfix wpbaw-blog-class blog-col-1 has-date no-thumb\">\n\t\t\t<div class=\"blog-inner-wrap-view blog-clearfix\">\n\t\t\t\t\n\t\t\t\t<div class=\"blog-content\">\n\t\t\t\t\t\t\t\t\t\t\t\t<div class=\"date-post\">\n\t\t\t\t\t\t\t\t<h2><span>3<\/span><\/h2>\n\t\t\t\t\t\t\t\t<p>marras 23<\/p>\n\t\t\t\t\t\t\t<\/div>\n\t\t\t\t\t\t \n\t\t\t\t\t<div class=\"post-content-text\">\n\t\t\t\t\t\t\t\t\t\t\t\t<div class=\"grid-1-date\">\n\t\t\t\t\t\t\t3 marraskuun, 2023\t\t\t\t\t\t<\/div>\n\t\t\t\t\t\t\t\t\t\t\t\t<h3 class=\"blog-title\"><a href=\"https:\/\/www.epik.fi\/index.php\/blog-post\/lupakirjainfo\/\" rel=\"bookmark\">Lupakirjainfo 14.12.2023<\/a><\/h3>\n\t\t\t\t\t\t\t\t\t\t\t\t<div class=\"blog-cat\">\n\t\t\t\t\t\t\t\t\t\t\t\t\t  \t<span class=\"grid-1-author\">By\t\t\t\t\t\t  \t\t<a href=\"https:\/\/www.epik.fi\/index.php\/author\/esko-petajakolumbus-fi\/\" target=\"_self\">Esko Pet\u00e4j\u00e4<\/a>\n\t\t\t\t\t\t  \t<\/span>\n\t\t\t\t\t\t\t\t\t\t\t\t\t<\/div>\n\t\t\t\t\t\t\t\t\t\t\t\t<div class=\"blog-content-excerpt\">\n\t\t\t\t\t\t\t\t\t\t\t\t\t\t\t<p class=\"blog-short-content\">Kerholla pidet\u00e4\u00e4n lupakirja info [add_single_eventon id=\"709\"]<\/p>\n\t\t\t\t\t\t\t\t<a href=\"https:\/\/www.epik.fi\/index.php\/blog-post\/lupakirjainfo\/\" class=\"blog-more-link\"> Read More<\/a>\n\t\t\t\t\t\t\t\t\t\t\t\t\t<\/div>\n\t\t\t\t\t\t\t\t\t\t\t<\/div>\n\t\t\t\t<\/div>\n\t\t\t<\/div>\n\t\t<\/div>\n\t\t\t\t<div id=\"post-731\" class=\"blog type-blog blog-clearfix wpbaw-blog-class blog-col-1 has-date no-thumb\">\n\t\t\t<div class=\"blog-inner-wrap-view blog-clearfix\">\n\t\t\t\t\n\t\t\t\t<div class=\"blog-content\">\n\t\t\t\t\t\t\t\t\t\t\t\t<div class=\"date-post\">\n\t\t\t\t\t\t\t\t<h2><span>3<\/span><\/h2>\n\t\t\t\t\t\t\t\t<p>marras 23<\/p>\n\t\t\t\t\t\t\t<\/div>\n\t\t\t\t\t\t \n\t\t\t\t\t<div class=\"post-content-text\">\n\t\t\t\t\t\t\t\t\t\t\t\t<div class=\"grid-1-date\">\n\t\t\t\t\t\t\t3 marraskuun, 2023\t\t\t\t\t\t<\/div>\n\t\t\t\t\t\t\t\t\t\t\t\t<h3 class=\"blog-title\"><a href=\"https:\/\/www.epik.fi\/index.php\/blog-post\/kerhon-tapahtumia\/\" rel=\"bookmark\">Pikkujoulu<\/a><\/h3>\n\t\t\t\t\t\t\t\t\t\t\t\t<div class=\"blog-cat\">\n\t\t\t\t\t\t\t\t\t\t\t\t\t  \t<span class=\"grid-1-author\">By\t\t\t\t\t\t  \t\t<a href=\"https:\/\/www.epik.fi\/index.php\/author\/esko-petajakolumbus-fi\/\" target=\"_self\">Esko Pet\u00e4j\u00e4<\/a>\n\t\t\t\t\t\t  \t<\/span>\n\t\t\t\t\t\t\t\t\t\t\t\t\t<\/div>\n\t\t\t\t\t\t\t\t\t\t\t\t<div class=\"blog-content-excerpt\">\n\t\t\t\t\t\t\t\t\t\t\t\t\t\t\t<p class=\"blog-short-content\"><\/p>\n\t\t\t\t\t\t\t\t<a href=\"https:\/\/www.epik.fi\/index.php\/blog-post\/kerhon-tapahtumia\/\" class=\"blog-more-link\"> Read More<\/a>\n\t\t\t\t\t\t\t\t\t\t\t\t\t<\/div>\n\t\t\t\t\t\t\t\t\t\t\t<\/div>\n\t\t\t\t<\/div>\n\t\t\t<\/div>\n\t\t<\/div>\n\t\t\t<\/div>\n\t\n\t","protected":false},"excerpt":{"rendered":"","protected":false},"author":1,"featured_media":0,"parent":0,"menu_order":0,"comment_status":"closed","ping_status":"closed","template":"","meta":{"_mc_calendar":[],"footnotes":""},"class_list":["post-733","page","type-page","status-publish","hentry"],"yoast_head":"<!-- This site is optimized with the Yoast SEO plugin v25.1 - https:\/\/yoast.com\/wordpress\/plugins\/seo\/ -->\n<title>Kerhon Uutiset - EPIK<\/title>\n<meta name=\"robots\" content=\"index, follow, max-snippet:-1, max-image-preview:large, max-video-preview:-1\" \/>\n<link rel=\"canonical\" href=\"https:\/\/www.epik.fi\/index.php\/kerho-ilmoitukset\/\" \/>\n<meta property=\"og:locale\" content=\"fi_FI\" \/>\n<meta property=\"og:type\" content=\"article\" \/>\n<meta property=\"og:title\" content=\"Kerhon Uutiset - EPIK\" \/>\n<meta property=\"og:url\" content=\"https:\/\/www.epik.fi\/index.php\/kerho-ilmoitukset\/\" \/>\n<meta property=\"og:site_name\" content=\"EPIK\" \/>\n<meta property=\"article:publisher\" content=\"https:\/\/www.facebook.com\/EPilmailukerho\" \/>\n<meta property=\"article:modified_time\" content=\"2023-11-03T14:10:15+00:00\" \/>\n<meta name=\"twitter:card\" content=\"summary_large_image\" \/>\n<meta name=\"twitter:label1\" content=\"Arvioitu lukuaika\" \/>\n\t<meta name=\"twitter:data1\" content=\"1 minuutti\" \/>\n<script type=\"application\/ld+json\" class=\"yoast-schema-graph\">{\"@context\":\"https:\/\/schema.org\",\"@graph\":[{\"@type\":\"WebPage\",\"@id\":\"https:\/\/www.epik.fi\/index.php\/kerho-ilmoitukset\/\",\"url\":\"https:\/\/www.epik.fi\/index.php\/kerho-ilmoitukset\/\",\"name\":\"Kerhon Uutiset - EPIK\",\"isPartOf\":{\"@id\":\"https:\/\/www.epik.fi\/#website\"},\"datePublished\":\"2023-11-03T14:07:53+00:00\",\"dateModified\":\"2023-11-03T14:10:15+00:00\",\"breadcrumb\":{\"@id\":\"https:\/\/www.epik.fi\/index.php\/kerho-ilmoitukset\/#breadcrumb\"},\"inLanguage\":\"fi\",\"potentialAction\":[{\"@type\":\"ReadAction\",\"target\":[\"https:\/\/www.epik.fi\/index.php\/kerho-ilmoitukset\/\"]}]},{\"@type\":\"BreadcrumbList\",\"@id\":\"https:\/\/www.epik.fi\/index.php\/kerho-ilmoitukset\/#breadcrumb\",\"itemListElement\":[{\"@type\":\"ListItem\",\"position\":1,\"name\":\"Etusivu\",\"item\":\"https:\/\/www.epik.fi\/\"},{\"@type\":\"ListItem\",\"position\":2,\"name\":\"Kerhon Uutiset\"}]},{\"@type\":\"WebSite\",\"@id\":\"https:\/\/www.epik.fi\/#website\",\"url\":\"https:\/\/www.epik.fi\/\",\"name\":\"EPIK\",\"description\":\"Sein\u00e4joen lentokent\u00e4ll\u00e4 toimiva ilmailukerho\",\"publisher\":{\"@id\":\"https:\/\/www.epik.fi\/#organization\"},\"potentialAction\":[{\"@type\":\"SearchAction\",\"target\":{\"@type\":\"EntryPoint\",\"urlTemplate\":\"https:\/\/www.epik.fi\/?s={search_term_string}\"},\"query-input\":{\"@type\":\"PropertyValueSpecification\",\"valueRequired\":true,\"valueName\":\"search_term_string\"}}],\"inLanguage\":\"fi\"},{\"@type\":\"Organization\",\"@id\":\"https:\/\/www.epik.fi\/#organization\",\"name\":\"EPIK\",\"url\":\"https:\/\/www.epik.fi\/\",\"logo\":{\"@type\":\"ImageObject\",\"inLanguage\":\"fi\",\"@id\":\"https:\/\/www.epik.fi\/#\/schema\/logo\/image\/\",\"url\":\"https:\/\/www.epik.fi\/wordpress\/wp-content\/uploads\/2023\/10\/Logo.jpg\",\"contentUrl\":\"https:\/\/www.epik.fi\/wordpress\/wp-content\/uploads\/2023\/10\/Logo.jpg\",\"width\":235,\"height\":234,\"caption\":\"EPIK\"},\"image\":{\"@id\":\"https:\/\/www.epik.fi\/#\/schema\/logo\/image\/\"},\"sameAs\":[\"https:\/\/www.facebook.com\/EPilmailukerho\"]}]}<\/script>\n<!-- \/ Yoast SEO plugin. -->","yoast_head_json":{"title":"Kerhon Uutiset - EPIK","robots":{"index":"index","follow":"follow","max-snippet":"max-snippet:-1","max-image-preview":"max-image-preview:large","max-video-preview":"max-video-preview:-1"},"canonical":"https:\/\/www.epik.fi\/index.php\/kerho-ilmoitukset\/","og_locale":"fi_FI","og_type":"article","og_title":"Kerhon Uutiset - EPIK","og_url":"https:\/\/www.epik.fi\/index.php\/kerho-ilmoitukset\/","og_site_name":"EPIK","article_publisher":"https:\/\/www.facebook.com\/EPilmailukerho","article_modified_time":"2023-11-03T14:10:15+00:00","twitter_card":"summary_large_image","twitter_misc":{"Arvioitu lukuaika":"1 minuutti"},"schema":{"@context":"https:\/\/schema.org","@graph":[{"@type":"WebPage","@id":"https:\/\/www.epik.fi\/index.php\/kerho-ilmoitukset\/","url":"https:\/\/www.epik.fi\/index.php\/kerho-ilmoitukset\/","name":"Kerhon Uutiset - EPIK","isPartOf":{"@id":"https:\/\/www.epik.fi\/#website"},"datePublished":"2023-11-03T14:07:53+00:00","dateModified":"2023-11-03T14:10:15+00:00","breadcrumb":{"@id":"https:\/\/www.epik.fi\/index.php\/kerho-ilmoitukset\/#breadcrumb"},"inLanguage":"fi","potentialAction":[{"@type":"ReadAction","target":["https:\/\/www.epik.fi\/index.php\/kerho-ilmoitukset\/"]}]},{"@type":"BreadcrumbList","@id":"https:\/\/www.epik.fi\/index.php\/kerho-ilmoitukset\/#breadcrumb","itemListElement":[{"@type":"ListItem","position":1,"name":"Etusivu","item":"https:\/\/www.epik.fi\/"},{"@type":"ListItem","position":2,"name":"Kerhon Uutiset"}]},{"@type":"WebSite","@id":"https:\/\/www.epik.fi\/#website","url":"https:\/\/www.epik.fi\/","name":"EPIK","description":"Sein\u00e4joen lentokent\u00e4ll\u00e4 toimiva ilmailukerho","publisher":{"@id":"https:\/\/www.epik.fi\/#organization"},"potentialAction":[{"@type":"SearchAction","target":{"@type":"EntryPoint","urlTemplate":"https:\/\/www.epik.fi\/?s={search_term_string}"},"query-input":{"@type":"PropertyValueSpecification","valueRequired":true,"valueName":"search_term_string"}}],"inLanguage":"fi"},{"@type":"Organization","@id":"https:\/\/www.epik.fi\/#organization","name":"EPIK","url":"https:\/\/www.epik.fi\/","logo":{"@type":"ImageObject","inLanguage":"fi","@id":"https:\/\/www.epik.fi\/#\/schema\/logo\/image\/","url":"https:\/\/www.epik.fi\/wordpress\/wp-content\/uploads\/2023\/10\/Logo.jpg","contentUrl":"https:\/\/www.epik.fi\/wordpress\/wp-content\/uploads\/2023\/10\/Logo.jpg","width":235,"height":234,"caption":"EPIK"},"image":{"@id":"https:\/\/www.epik.fi\/#\/schema\/logo\/image\/"},"sameAs":["https:\/\/www.facebook.com\/EPilmailukerho"]}]}},"_links":{"self":[{"href":"https:\/\/www.epik.fi\/index.php\/wp-json\/wp\/v2\/pages\/733"}],"collection":[{"href":"https:\/\/www.epik.fi\/index.php\/wp-json\/wp\/v2\/pages"}],"about":[{"href":"https:\/\/www.epik.fi\/index.php\/wp-json\/wp\/v2\/types\/page"}],"author":[{"embeddable":true,"href":"https:\/\/www.epik.fi\/index.php\/wp-json\/wp\/v2\/users\/1"}],"replies":[{"embeddable":true,"href":"https:\/\/www.epik.fi\/index.php\/wp-json\/wp\/v2\/comments?post=733"}],"version-history":[{"count":2,"href":"https:\/\/www.epik.fi\/index.php\/wp-json\/wp\/v2\/pages\/733\/revisions"}],"predecessor-version":[{"id":736,"href":"https:\/\/www.epik.fi\/index.php\/wp-json\/wp\/v2\/pages\/733\/revisions\/736"}],"wp:attachment":[{"href":"https:\/\/www.epik.fi\/index.php\/wp-json\/wp\/v2\/media?parent=733"}],"curies":[{"name":"wp","href":"https:\/\/api.w.org\/{rel}","templated":true}]}}