{"id":828,"date":"2024-02-04T16:08:26","date_gmt":"2024-02-04T16:08:26","guid":{"rendered":"https:\/\/dev.epik.fi\/index.php\/my-calendar\/"},"modified":"2024-02-04T16:27:03","modified_gmt":"2024-02-04T16:27:03","slug":"my-calendar","status":"publish","type":"page","link":"https:\/\/www.epik.fi\/index.php\/my-calendar\/","title":{"rendered":"Kerhon Toiminta Kalenteri"},"content":{"rendered":"<p>Tulevia kerhon tapahtumia<\/p>\r\n<div id='my-calendar' class='mc-main mcjs listjs gridjs minijs ajaxjs twentytwentytwo calendar month my-calendar   is-main-view' ><h2 id=\"mc_head_my-calendar\" class=\"heading my-calendar-month\"><span>Events in huhtikuu 2026\n<\/span><\/h2>\n\n<nav class=\"my-calendar-navigation\" aria-label=\"Calendar (top)\">\n<div class=\"my-calendar-header\"><div class='mc-format'>\r\n\t\t<ul><li><a id='mc_grid-my-calendar' href='https:\/\/www.epik.fi\/index.php\/my-calendar\/?format=calendar' aria-pressed=\"true\" class='mc-grid-option mc-active' rel='nofollow'><span class='mc-icon' aria-hidden='true'><\/span><span class=\"maybe-hide\">View as <\/span>Grid<\/a><\/li><li><a id='mc_list-my-calendar' href='https:\/\/www.epik.fi\/index.php\/my-calendar\/?format=list'  class='mc-list-option' rel='nofollow'><span class='mc-icon' aria-hidden='true'><\/span><span class=\"maybe-hide\">View as <\/span>List<\/a><\/li><\/ul>\r\n\t\t<\/div><div class='mc-time'><ul><li><a rel='nofollow' id='mc_month-my-calendar'  href='https:\/\/www.epik.fi\/index.php\/my-calendar\/?time=month' class='month mc-active' aria-pressed='true'>Month<\/a><\/li><li><a rel='nofollow' id='mc_week-my-calendar'  href='https:\/\/www.epik.fi\/index.php\/my-calendar\/?time=week&#038;dy=13&#038;month=4&#038;yr=2026' class='week'>Week<\/a><\/li><li><a rel='nofollow' id='mc_day-my-calendar'  href='https:\/\/www.epik.fi\/index.php\/my-calendar\/?time=day&#038;dy=13' class='day'>Day<\/a><li><\/ul><\/div><div class=\"my-calendar-date-switcher\"><form class=\"mc-date-switcher\" action=\"https:\/\/www.epik.fi\/index.php\/wp-json\/wp\/v2\/pages\/828\/\" method=\"get\"><div><input type=\"hidden\" name=\"cid\" value=\"my-calendar\" \/> <label class=\"maybe-hide\" for=\"my-calendar-month\">Month<\/label> <select id=\"my-calendar-month\" name=\"month\">\n<option value='1'>tammikuu<\/option>\n<option value='2'>helmikuu<\/option>\n<option value='3'>maaliskuu<\/option>\n<option value='4' selected='selected'>huhtikuu<\/option>\n<option value='5'>toukokuu<\/option>\n<option value='6'>kes\u00e4kuu<\/option>\n<option value='7'>hein\u00e4kuu<\/option>\n<option value='8'>elokuu<\/option>\n<option value='9'>syyskuu<\/option>\n<option value='10'>lokakuu<\/option>\n<option value='11'>marraskuu<\/option>\n<option value='12'>joulukuu<\/option>\n<\/select>\n <label class=\"maybe-hide\" for=\"my-calendar-year\">Year<\/label> <select id=\"my-calendar-year\" name=\"yr\">\n<option value=\"2024\">2024<\/option>\n<option value=\"2025\">2025<\/option>\n<option value=\"2026\" selected='selected'>2026<\/option>\n<\/select> <input type=\"submit\" class=\"button\" data-href=\"https:\/\/www.epik.fi\/index.php\/wp-json\/wp\/v2\/pages\/828\/\" value=\"Go\" \/><\/div><\/form><\/div>\r\n\t\t<div class=\"my-calendar-nav\">\r\n\t\t\t<ul>\r\n\t\t\t\t<li class=\"my-calendar-prev\"><a id=\"mc_previous_my-calendar\" href=\"https:\/\/www.epik.fi\/index.php\/my-calendar\/?yr=2026&#038;month=3&#038;dy&#038;cid=my-calendar&#038;time=month\" rel=\"nofollow\"><span class=\"mc-icon\" aria-hidden=\"true\"><\/span><span class=\"maybe-hide\">Previous <\/span><\/a><\/li><li class=\"my-calendar-today\"><a id=\"mc_today_my-calendar\" href=\"https:\/\/www.epik.fi\/index.php\/my-calendar\/?cid=my-calendar\" rel=\"nofollow\" class=\"today mc-active\" aria-current=\"true\"><span class=\"mc-icon\" aria-hidden=\"true\"><\/span>Today<\/a><\/li><li class=\"my-calendar-next\"><a id=\"mc_next_my-calendar\" href=\"https:\/\/www.epik.fi\/index.php\/my-calendar\/?yr=2026&#038;month=5&#038;dy&#038;cid=my-calendar&#038;time=month\" rel=\"nofollow\"><span class=\"maybe-hide\">Next <\/span><span class=\"mc-icon\" aria-hidden=\"true\"><\/span><\/a><\/li>\r\n\t\t\t<\/ul>\r\n\t\t<\/div><\/div>\n<\/nav>\n<div class=\"mc-content\">\n<table class='my-calendar-table' aria-labelledby='mc_head_my-calendar'>\n<thead>\n\t<tr class='mc-row'>\n\t\t<th scope=\"col\" class='weekend-heading mon'><abbr title=\"maanantai\" aria-hidden=\"true\">ma<\/abbr><span class=\"screen-reader-text\">maanantai<\/span><\/th>\n\t\t<th scope=\"col\" class='day-heading tues'><abbr title=\"tiistai\" aria-hidden=\"true\">ti<\/abbr><span class=\"screen-reader-text\">tiistai<\/span><\/th>\n\t\t<th scope=\"col\" class='day-heading wed'><abbr title=\"keskiviikko\" aria-hidden=\"true\">ke<\/abbr><span class=\"screen-reader-text\">keskiviikko<\/span><\/th>\n\t\t<th scope=\"col\" class='day-heading thur'><abbr title=\"torstai\" aria-hidden=\"true\">to<\/abbr><span class=\"screen-reader-text\">torstai<\/span><\/th>\n\t\t<th scope=\"col\" class='day-heading fri'><abbr title=\"perjantai\" aria-hidden=\"true\">pe<\/abbr><span class=\"screen-reader-text\">perjantai<\/span><\/th>\n\t\t<th scope=\"col\" class='day-heading sat'><abbr title=\"lauantai\" aria-hidden=\"true\">la<\/abbr><span class=\"screen-reader-text\">lauantai<\/span><\/th>\n\t\t<th scope=\"col\" class='weekend-heading sun'><abbr title=\"sunnuntai\" aria-hidden=\"true\">su<\/abbr><span class=\"screen-reader-text\">sunnuntai<\/span><\/th>\n\t<\/tr>\n<\/thead>\n<tbody>\n<tr class='mc-row'><td class='no-events maanantai ma past-day past-date  nextmonth no-events day-with-date'><div class='mc-date-container'><span class='mc-date no-events'><span aria-hidden='true'>30<\/span><span class='screen-reader-text'>30 maaliskuun, 2026<\/span><\/span><\/div>\n<\/td>\n<td class='no-events tiistai ti past-day past-date  nextmonth no-events day-with-date'><div class='mc-date-container'><span class='mc-date no-events'><span aria-hidden='true'>31<\/span><span class='screen-reader-text'>31 maaliskuun, 2026<\/span><\/span><\/div>\n<\/td>\n<td class='no-events keskiviikko ke past-day past-date   no-events day-with-date'><div class='mc-date-container'><span class='mc-date no-events'><span aria-hidden='true'>1<\/span><span class='screen-reader-text'>1 huhtikuun, 2026<\/span><\/span><\/div>\n<\/td>\n<td class='no-events torstai to past-day past-date   no-events day-with-date'><div class='mc-date-container'><span class='mc-date no-events'><span aria-hidden='true'>2<\/span><span class='screen-reader-text'>2 huhtikuun, 2026<\/span><\/span><\/div>\n<\/td>\n<td class='no-events perjantai pe past-day past-date   no-events day-with-date'><div class='mc-date-container'><span class='mc-date no-events'><span aria-hidden='true'>3<\/span><span class='screen-reader-text'>3 huhtikuun, 2026<\/span><\/span><\/div>\n<\/td>\n<td class='no-events lauantai la past-day past-date weekend  no-events day-with-date'><div class='mc-date-container'><span class='mc-date no-events'><span aria-hidden='true'>4<\/span><span class='screen-reader-text'>4 huhtikuun, 2026<\/span><\/span><\/div>\n<\/td>\n<td class='no-events sunnuntai su past-day past-date weekend  no-events day-with-date'><div class='mc-date-container'><span class='mc-date no-events'><span aria-hidden='true'>5<\/span><span class='screen-reader-text'>5 huhtikuun, 2026<\/span><\/span><\/div>\n<\/td>\n<\/tr>\n<!-- End Event Row -->\n<tr class='mc-row'><td class='no-events maanantai ma past-day past-date   no-events day-with-date'><div class='mc-date-container'><span class='mc-date no-events'><span aria-hidden='true'>6<\/span><span class='screen-reader-text'>6 huhtikuun, 2026<\/span><\/span><\/div>\n<\/td>\n<td class='no-events tiistai ti past-day past-date   no-events day-with-date'><div class='mc-date-container'><span class='mc-date no-events'><span aria-hidden='true'>7<\/span><span class='screen-reader-text'>7 huhtikuun, 2026<\/span><\/span><\/div>\n<\/td>\n<td class='no-events keskiviikko ke past-day past-date   no-events day-with-date'><div class='mc-date-container'><span class='mc-date no-events'><span aria-hidden='true'>8<\/span><span class='screen-reader-text'>8 huhtikuun, 2026<\/span><\/span><\/div>\n<\/td>\n<td class='no-events torstai to past-day past-date   no-events day-with-date'><div class='mc-date-container'><span class='mc-date no-events'><span aria-hidden='true'>9<\/span><span class='screen-reader-text'>9 huhtikuun, 2026<\/span><\/span><\/div>\n<\/td>\n<td class='no-events perjantai pe past-day past-date   no-events day-with-date'><div class='mc-date-container'><span class='mc-date no-events'><span aria-hidden='true'>10<\/span><span class='screen-reader-text'>10 huhtikuun, 2026<\/span><\/span><\/div>\n<\/td>\n<td class='no-events lauantai la past-day past-date weekend  no-events day-with-date'><div class='mc-date-container'><span class='mc-date no-events'><span aria-hidden='true'>11<\/span><span class='screen-reader-text'>11 huhtikuun, 2026<\/span><\/span><\/div>\n<\/td>\n<td class='no-events sunnuntai su past-day past-date weekend  no-events day-with-date'><div class='mc-date-container'><span class='mc-date no-events'><span aria-hidden='true'>12<\/span><span class='screen-reader-text'>12 huhtikuun, 2026<\/span><\/span><\/div>\n<\/td>\n<\/tr>\n<!-- End Event Row -->\n<tr class='mc-row'><td class='no-events maanantai ma past-day past-date   no-events day-with-date'><div class='mc-date-container'><span class='mc-date no-events'><span aria-hidden='true'>13<\/span><span class='screen-reader-text'>13 huhtikuun, 2026<\/span><\/span><\/div>\n<\/td>\n<td class='no-events tiistai ti past-day past-date   no-events day-with-date'><div class='mc-date-container'><span class='mc-date no-events'><span aria-hidden='true'>14<\/span><span class='screen-reader-text'>14 huhtikuun, 2026<\/span><\/span><\/div>\n<\/td>\n<td class='no-events keskiviikko ke past-day past-date   no-events day-with-date'><div class='mc-date-container'><span class='mc-date no-events'><span aria-hidden='true'>15<\/span><span class='screen-reader-text'>15 huhtikuun, 2026<\/span><\/span><\/div>\n<\/td>\n<td aria-current=\"date\" class='no-events torstai to current-day   no-events day-with-date'><div class='mc-date-container'><span class='mc-date no-events'><span aria-hidden='true'>16<\/span><span class='screen-reader-text'>16 huhtikuun, 2026<\/span><\/span><\/div>\n<\/td>\n<td class='no-events perjantai pe future-day   no-events day-with-date'><div class='mc-date-container'><span class='mc-date no-events'><span aria-hidden='true'>17<\/span><span class='screen-reader-text'>17 huhtikuun, 2026<\/span><\/span><\/div>\n<\/td>\n<td class='no-events lauantai la future-day weekend  no-events day-with-date'><div class='mc-date-container'><span class='mc-date no-events'><span aria-hidden='true'>18<\/span><span class='screen-reader-text'>18 huhtikuun, 2026<\/span><\/span><\/div>\n<\/td>\n<td class='no-events sunnuntai su future-day weekend  no-events day-with-date'><div class='mc-date-container'><span class='mc-date no-events'><span aria-hidden='true'>19<\/span><span class='screen-reader-text'>19 huhtikuun, 2026<\/span><\/span><\/div>\n<\/td>\n<\/tr>\n<!-- End Event Row -->\n<tr class='mc-row'><td class='no-events maanantai ma future-day   no-events day-with-date'><div class='mc-date-container'><span class='mc-date no-events'><span aria-hidden='true'>20<\/span><span class='screen-reader-text'>20 huhtikuun, 2026<\/span><\/span><\/div>\n<\/td>\n<td class='no-events tiistai ti future-day   no-events day-with-date'><div class='mc-date-container'><span class='mc-date no-events'><span aria-hidden='true'>21<\/span><span class='screen-reader-text'>21 huhtikuun, 2026<\/span><\/span><\/div>\n<\/td>\n<td class='no-events keskiviikko ke future-day   no-events day-with-date'><div class='mc-date-container'><span class='mc-date no-events'><span aria-hidden='true'>22<\/span><span class='screen-reader-text'>22 huhtikuun, 2026<\/span><\/span><\/div>\n<\/td>\n<td class='no-events torstai to future-day   no-events day-with-date'><div class='mc-date-container'><span class='mc-date no-events'><span aria-hidden='true'>23<\/span><span class='screen-reader-text'>23 huhtikuun, 2026<\/span><\/span><\/div>\n<\/td>\n<td class='no-events perjantai pe future-day   no-events day-with-date'><div class='mc-date-container'><span class='mc-date no-events'><span aria-hidden='true'>24<\/span><span class='screen-reader-text'>24 huhtikuun, 2026<\/span><\/span><\/div>\n<\/td>\n<td class='no-events lauantai la future-day weekend  no-events day-with-date'><div class='mc-date-container'><span class='mc-date no-events'><span aria-hidden='true'>25<\/span><span class='screen-reader-text'>25 huhtikuun, 2026<\/span><\/span><\/div>\n<\/td>\n<td class='no-events sunnuntai su future-day weekend  no-events day-with-date'><div class='mc-date-container'><span class='mc-date no-events'><span aria-hidden='true'>26<\/span><span class='screen-reader-text'>26 huhtikuun, 2026<\/span><\/span><\/div>\n<\/td>\n<\/tr>\n<!-- End Event Row -->\n<tr class='mc-row'><td class='no-events maanantai ma future-day   no-events day-with-date'><div class='mc-date-container'><span class='mc-date no-events'><span aria-hidden='true'>27<\/span><span class='screen-reader-text'>27 huhtikuun, 2026<\/span><\/span><\/div>\n<\/td>\n<td class='no-events tiistai ti future-day   no-events day-with-date'><div class='mc-date-container'><span class='mc-date no-events'><span aria-hidden='true'>28<\/span><span class='screen-reader-text'>28 huhtikuun, 2026<\/span><\/span><\/div>\n<\/td>\n<td class='no-events keskiviikko ke future-day   no-events day-with-date'><div class='mc-date-container'><span class='mc-date no-events'><span aria-hidden='true'>29<\/span><span class='screen-reader-text'>29 huhtikuun, 2026<\/span><\/span><\/div>\n<\/td>\n<td class='no-events torstai to future-day   no-events day-with-date'><div class='mc-date-container'><span class='mc-date no-events'><span aria-hidden='true'>30<\/span><span class='screen-reader-text'>30 huhtikuun, 2026<\/span><\/span><\/div>\n<\/td>\n<td class='no-events perjantai pe future-day  nextmonth no-events day-with-date'><div class='mc-date-container'><span class='mc-date no-events'><span aria-hidden='true'>1<\/span><span class='screen-reader-text'>1 toukokuun, 2026<\/span><\/span><\/div>\n<\/td>\n<td class='no-events lauantai la future-day weekend nextmonth no-events day-with-date'><div class='mc-date-container'><span class='mc-date no-events'><span aria-hidden='true'>2<\/span><span class='screen-reader-text'>2 toukokuun, 2026<\/span><\/span><\/div>\n<\/td>\n<td class='no-events sunnuntai su future-day weekend nextmonth no-events day-with-date'><div class='mc-date-container'><span class='mc-date no-events'><span aria-hidden='true'>3<\/span><span class='screen-reader-text'>3 toukokuun, 2026<\/span><\/span><\/div>\n<\/td>\n<\/tr>\n<!-- End Event Row -->\n\n<\/tbody>\n<\/table><\/div><!-- .mc-content -->\n<nav class=\"my-calendar-navigation\" aria-label=\"Calendar (bottom)\">\n<div class=\"mc_bottomnav my-calendar-footer\"><div class=\"category-key has-icons\"><h3 class=\"maybe-hide\">Categories<\/h3>\n<ul>\n<li class=\"cat_general\"><a id=\"mc_cat_1-my-calendar\" href=\"https:\/\/www.epik.fi\/index.php\/my-calendar\/?mcat=1\"  rel=\"nofollow\"><span class=\"category-color-sample svg\" style=\"background:#243f82;\"><svg style=\"fill:#ffffff\" focusable=\"false\" role=\"img\" aria-labelledby=\"cat_1\" class=\"category-icon\" xmlns=\"http:\/\/www.w3.org\/2000\/svg\" viewBox=\"0 0 448 512\"><!-- Font Awesome Free 5.15.3 by @fontawesome - https:\/\/fontawesome.com License - https:\/\/fontawesome.com\/license\/free (Icons: CC BY 4.0, Fonts: SIL OFL 1.1, Code: MIT License) --><title id='cat_1'>General<\/title><path d=\"M12 192h424c6.6 0 12 5.4 12 12v260c0 26.5-21.5 48-48 48H48c-26.5 0-48-21.5-48-48V204c0-6.6 5.4-12 12-12zm436-44v-36c0-26.5-21.5-48-48-48h-48V12c0-6.6-5.4-12-12-12h-40c-6.6 0-12 5.4-12 12v52H160V12c0-6.6-5.4-12-12-12h-40c-6.6 0-12 5.4-12 12v52H48C21.5 64 0 85.5 0 112v36c0 6.6 5.4 12 12 12h424c6.6 0 12-5.4 12-12z\"\/><\/svg><\/span>General<\/a><\/li><li class=\"cat_nyttely\"><a id=\"mc_cat_3-my-calendar\" href=\"https:\/\/www.epik.fi\/index.php\/my-calendar\/?mcat=3\"  rel=\"nofollow\"><span class=\"category-color-sample svg\" style=\"background:#1e73be;\"><svg style=\"fill:#ffffff\" focusable=\"false\" role=\"img\" aria-labelledby=\"cat_3\" class=\"category-icon\" xmlns=\"http:\/\/www.w3.org\/2000\/svg\" viewBox=\"0 0 448 512\"><!-- Font Awesome Free 5.15.3 by @fontawesome - https:\/\/fontawesome.com License - https:\/\/fontawesome.com\/license\/free (Icons: CC BY 4.0, Fonts: SIL OFL 1.1, Code: MIT License) --><title id='cat_3'>N\u00e4yttely<\/title><path d=\"M436 160c6.6 0 12-5.4 12-12v-40c0-6.6-5.4-12-12-12h-20V48c0-26.5-21.5-48-48-48H48C21.5 0 0 21.5 0 48v416c0 26.5 21.5 48 48 48h320c26.5 0 48-21.5 48-48v-48h20c6.6 0 12-5.4 12-12v-40c0-6.6-5.4-12-12-12h-20v-64h20c6.6 0 12-5.4 12-12v-40c0-6.6-5.4-12-12-12h-20v-64h20zm-228-32c35.3 0 64 28.7 64 64s-28.7 64-64 64-64-28.7-64-64 28.7-64 64-64zm112 236.8c0 10.6-10 19.2-22.4 19.2H118.4C106 384 96 375.4 96 364.8v-19.2c0-31.8 30.1-57.6 67.2-57.6h5c12.3 5.1 25.7 8 39.8 8s27.6-2.9 39.8-8h5c37.1 0 67.2 25.8 67.2 57.6v19.2z\"\/><\/svg><\/span>N\u00e4yttely<\/a><\/li><li class=\"cat_tiedottaminen\"><a id=\"mc_cat_2-my-calendar\" href=\"https:\/\/www.epik.fi\/index.php\/my-calendar\/?mcat=2\"  rel=\"nofollow\"><span class=\"category-color-sample svg\" style=\"background:#eeee22;\"><svg style=\"fill:#000000\" focusable=\"false\" role=\"img\" aria-labelledby=\"cat_2\" class=\"category-icon\" xmlns=\"http:\/\/www.w3.org\/2000\/svg\" viewBox=\"0 0 512 512\"><!-- Font Awesome Free 5.15.3 by @fontawesome - https:\/\/fontawesome.com License - https:\/\/fontawesome.com\/license\/free (Icons: CC BY 4.0, Fonts: SIL OFL 1.1, Code: MIT License) --><title id='cat_2'>Tiedottaminen<\/title><path d=\"M256 8C119.043 8 8 119.083 8 256c0 136.997 111.043 248 248 248s248-111.003 248-248C504 119.083 392.957 8 256 8zm0 110c23.196 0 42 18.804 42 42s-18.804 42-42 42-42-18.804-42-42 18.804-42 42-42zm56 254c0 6.627-5.373 12-12 12h-88c-6.627 0-12-5.373-12-12v-24c0-6.627 5.373-12 12-12h12v-64h-12c-6.627 0-12-5.373-12-12v-24c0-6.627 5.373-12 12-12h64c6.627 0 12 5.373 12 12v100h12c6.627 0 12 5.373 12 12v24z\"\/><\/svg><\/span>Tiedottaminen<\/a><\/li><li class=\"cat_yhteinen-tilaisuus\"><a id=\"mc_cat_4-my-calendar\" href=\"https:\/\/www.epik.fi\/index.php\/my-calendar\/?mcat=4\"  rel=\"nofollow\"><span class=\"category-color-sample svg\" style=\"background:#81d742;\"><svg style=\"fill:#000000\" focusable=\"false\" role=\"img\" aria-labelledby=\"cat_4\" class=\"category-icon\" xmlns=\"http:\/\/www.w3.org\/2000\/svg\" viewBox=\"0 0 640 512\"><!-- Font Awesome Free 5.15.3 by @fontawesome - https:\/\/fontawesome.com License - https:\/\/fontawesome.com\/license\/free (Icons: CC BY 4.0, Fonts: SIL OFL 1.1, Code: MIT License) --><title id='cat_4'>Yhteinen tilaisuus<\/title><path d=\"M128 96c26.5 0 48-21.5 48-48S154.5 0 128 0 80 21.5 80 48s21.5 48 48 48zm384 0c26.5 0 48-21.5 48-48S538.5 0 512 0s-48 21.5-48 48 21.5 48 48 48zm125.7 372.1l-44-110-41.1 46.4-2 18.2 27.7 69.2c5 12.5 17 20.1 29.7 20.1 4 0 8-.7 11.9-2.3 16.4-6.6 24.4-25.2 17.8-41.6zm-34.2-209.8L585 178.1c-4.6-20-18.6-36.8-37.5-44.9-18.5-8-39-6.7-56.1 3.3-22.7 13.4-39.7 34.5-48.1 59.4L432 229.8 416 240v-96c0-8.8-7.2-16-16-16H240c-8.8 0-16 7.2-16 16v96l-16.1-10.2-11.3-33.9c-8.3-25-25.4-46-48.1-59.4-17.2-10-37.6-11.3-56.1-3.3-18.9 8.1-32.9 24.9-37.5 44.9l-18.4 80.2c-4.6 20 .7 41.2 14.4 56.7l67.2 75.9 10.1 92.6C130 499.8 143.8 512 160 512c1.2 0 2.3-.1 3.5-.2 17.6-1.9 30.2-17.7 28.3-35.3l-10.1-92.8c-1.5-13-6.9-25.1-15.6-35l-43.3-49 17.6-70.3 6.8 20.4c4.1 12.5 11.9 23.4 24.5 32.6l51.1 32.5c4.6 2.9 12.1 4.6 17.2 5h160c5.1-.4 12.6-2.1 17.2-5l51.1-32.5c12.6-9.2 20.4-20 24.5-32.6l6.8-20.4 17.6 70.3-43.3 49c-8.7 9.9-14.1 22-15.6 35l-10.1 92.8c-1.9 17.6 10.8 33.4 28.3 35.3 1.2.1 2.3.2 3.5.2 16.1 0 30-12.1 31.8-28.5l10.1-92.6 67.2-75.9c13.6-15.5 19-36.7 14.4-56.7zM46.3 358.1l-44 110c-6.6 16.4 1.4 35 17.8 41.6 16.8 6.6 35.1-1.7 41.6-17.8l27.7-69.2-2-18.2-41.1-46.4z\"\/><\/svg><\/span>Yhteinen tilaisuus<\/a><\/li><li class='all-categories'><span class='mc-active' id='mc_cat_all-my-calendar' tabindex='-1'>All Categories<\/span><\/li><\/ul><\/div><div class='mc-print'><a id='mc_print-my-calendar' href='https:\/\/www.epik.fi?time=month&#038;yr=2026&#038;month=4&#038;dy=1&#038;href=https%3A%2F%2Fwww.epik.fi%2Findex.php%2Fwp-json%2Fwp%2Fv2%2Fpages%2F828%2F&#038;cid=mc-print-view' rel='nofollow'><span class='mc-icon' aria-hidden='true'><\/span>Print<span class=\"maybe-hide\"> View<\/span><\/a><\/div><\/div>\n<\/nav>\n\r\n<\/div>","protected":false},"excerpt":{"rendered":"<p>Tulevia kerhon tapahtumia<\/p>\n","protected":false},"author":1,"featured_media":0,"parent":0,"menu_order":0,"comment_status":"closed","ping_status":"closed","template":"","meta":{"_mc_calendar":{"weekends":"true","shortcode":"[my_calendar weekends=&quot;true&quot;]","append":""},"footnotes":""},"class_list":["post-828","page","type-page","status-publish","hentry"],"yoast_head":"<!-- This site is optimized with the Yoast SEO plugin v25.1 - https:\/\/yoast.com\/wordpress\/plugins\/seo\/ -->\n<title>Kerhon Toiminta Kalenteri - EPIK<\/title>\n<meta name=\"robots\" content=\"index, follow, max-snippet:-1, max-image-preview:large, max-video-preview:-1\" \/>\n<link rel=\"canonical\" href=\"https:\/\/www.epik.fi\/index.php\/my-calendar\/\" \/>\n<meta property=\"og:locale\" content=\"fi_FI\" \/>\n<meta property=\"og:type\" content=\"article\" \/>\n<meta property=\"og:title\" content=\"Kerhon Toiminta Kalenteri - EPIK\" \/>\n<meta property=\"og:description\" content=\"Tulevia kerhon tapahtumia\" \/>\n<meta property=\"og:url\" content=\"https:\/\/www.epik.fi\/index.php\/my-calendar\/\" \/>\n<meta property=\"og:site_name\" content=\"EPIK\" \/>\n<meta property=\"article:publisher\" content=\"https:\/\/www.facebook.com\/EPilmailukerho\" \/>\n<meta property=\"article:modified_time\" content=\"2024-02-04T16:27:03+00:00\" \/>\n<meta name=\"twitter:card\" content=\"summary_large_image\" \/>\n<meta name=\"twitter:label1\" content=\"Arvioitu lukuaika\" \/>\n\t<meta name=\"twitter:data1\" content=\"1 minuutti\" \/>\n<script type=\"application\/ld+json\" class=\"yoast-schema-graph\">{\"@context\":\"https:\/\/schema.org\",\"@graph\":[{\"@type\":\"WebPage\",\"@id\":\"https:\/\/www.epik.fi\/index.php\/my-calendar\/\",\"url\":\"https:\/\/www.epik.fi\/index.php\/my-calendar\/\",\"name\":\"Kerhon Toiminta Kalenteri - EPIK\",\"isPartOf\":{\"@id\":\"https:\/\/www.epik.fi\/#website\"},\"datePublished\":\"2024-02-04T16:08:26+00:00\",\"dateModified\":\"2024-02-04T16:27:03+00:00\",\"breadcrumb\":{\"@id\":\"https:\/\/www.epik.fi\/index.php\/my-calendar\/#breadcrumb\"},\"inLanguage\":\"fi\",\"potentialAction\":[{\"@type\":\"ReadAction\",\"target\":[\"https:\/\/www.epik.fi\/index.php\/my-calendar\/\"]}]},{\"@type\":\"BreadcrumbList\",\"@id\":\"https:\/\/www.epik.fi\/index.php\/my-calendar\/#breadcrumb\",\"itemListElement\":[{\"@type\":\"ListItem\",\"position\":1,\"name\":\"Etusivu\",\"item\":\"https:\/\/www.epik.fi\/\"},{\"@type\":\"ListItem\",\"position\":2,\"name\":\"Kerhon Toiminta Kalenteri\"}]},{\"@type\":\"WebSite\",\"@id\":\"https:\/\/www.epik.fi\/#website\",\"url\":\"https:\/\/www.epik.fi\/\",\"name\":\"EPIK\",\"description\":\"Sein\u00e4joen lentokent\u00e4ll\u00e4 toimiva ilmailukerho\",\"publisher\":{\"@id\":\"https:\/\/www.epik.fi\/#organization\"},\"potentialAction\":[{\"@type\":\"SearchAction\",\"target\":{\"@type\":\"EntryPoint\",\"urlTemplate\":\"https:\/\/www.epik.fi\/?s={search_term_string}\"},\"query-input\":{\"@type\":\"PropertyValueSpecification\",\"valueRequired\":true,\"valueName\":\"search_term_string\"}}],\"inLanguage\":\"fi\"},{\"@type\":\"Organization\",\"@id\":\"https:\/\/www.epik.fi\/#organization\",\"name\":\"EPIK\",\"url\":\"https:\/\/www.epik.fi\/\",\"logo\":{\"@type\":\"ImageObject\",\"inLanguage\":\"fi\",\"@id\":\"https:\/\/www.epik.fi\/#\/schema\/logo\/image\/\",\"url\":\"https:\/\/www.epik.fi\/wordpress\/wp-content\/uploads\/2023\/10\/Logo.jpg\",\"contentUrl\":\"https:\/\/www.epik.fi\/wordpress\/wp-content\/uploads\/2023\/10\/Logo.jpg\",\"width\":235,\"height\":234,\"caption\":\"EPIK\"},\"image\":{\"@id\":\"https:\/\/www.epik.fi\/#\/schema\/logo\/image\/\"},\"sameAs\":[\"https:\/\/www.facebook.com\/EPilmailukerho\"]}]}<\/script>\n<!-- \/ Yoast SEO plugin. -->","yoast_head_json":{"title":"Kerhon Toiminta Kalenteri - EPIK","robots":{"index":"index","follow":"follow","max-snippet":"max-snippet:-1","max-image-preview":"max-image-preview:large","max-video-preview":"max-video-preview:-1"},"canonical":"https:\/\/www.epik.fi\/index.php\/my-calendar\/","og_locale":"fi_FI","og_type":"article","og_title":"Kerhon Toiminta Kalenteri - EPIK","og_description":"Tulevia kerhon tapahtumia","og_url":"https:\/\/www.epik.fi\/index.php\/my-calendar\/","og_site_name":"EPIK","article_publisher":"https:\/\/www.facebook.com\/EPilmailukerho","article_modified_time":"2024-02-04T16:27:03+00:00","twitter_card":"summary_large_image","twitter_misc":{"Arvioitu lukuaika":"1 minuutti"},"schema":{"@context":"https:\/\/schema.org","@graph":[{"@type":"WebPage","@id":"https:\/\/www.epik.fi\/index.php\/my-calendar\/","url":"https:\/\/www.epik.fi\/index.php\/my-calendar\/","name":"Kerhon Toiminta Kalenteri - EPIK","isPartOf":{"@id":"https:\/\/www.epik.fi\/#website"},"datePublished":"2024-02-04T16:08:26+00:00","dateModified":"2024-02-04T16:27:03+00:00","breadcrumb":{"@id":"https:\/\/www.epik.fi\/index.php\/my-calendar\/#breadcrumb"},"inLanguage":"fi","potentialAction":[{"@type":"ReadAction","target":["https:\/\/www.epik.fi\/index.php\/my-calendar\/"]}]},{"@type":"BreadcrumbList","@id":"https:\/\/www.epik.fi\/index.php\/my-calendar\/#breadcrumb","itemListElement":[{"@type":"ListItem","position":1,"name":"Etusivu","item":"https:\/\/www.epik.fi\/"},{"@type":"ListItem","position":2,"name":"Kerhon Toiminta Kalenteri"}]},{"@type":"WebSite","@id":"https:\/\/www.epik.fi\/#website","url":"https:\/\/www.epik.fi\/","name":"EPIK","description":"Sein\u00e4joen lentokent\u00e4ll\u00e4 toimiva ilmailukerho","publisher":{"@id":"https:\/\/www.epik.fi\/#organization"},"potentialAction":[{"@type":"SearchAction","target":{"@type":"EntryPoint","urlTemplate":"https:\/\/www.epik.fi\/?s={search_term_string}"},"query-input":{"@type":"PropertyValueSpecification","valueRequired":true,"valueName":"search_term_string"}}],"inLanguage":"fi"},{"@type":"Organization","@id":"https:\/\/www.epik.fi\/#organization","name":"EPIK","url":"https:\/\/www.epik.fi\/","logo":{"@type":"ImageObject","inLanguage":"fi","@id":"https:\/\/www.epik.fi\/#\/schema\/logo\/image\/","url":"https:\/\/www.epik.fi\/wordpress\/wp-content\/uploads\/2023\/10\/Logo.jpg","contentUrl":"https:\/\/www.epik.fi\/wordpress\/wp-content\/uploads\/2023\/10\/Logo.jpg","width":235,"height":234,"caption":"EPIK"},"image":{"@id":"https:\/\/www.epik.fi\/#\/schema\/logo\/image\/"},"sameAs":["https:\/\/www.facebook.com\/EPilmailukerho"]}]}},"_links":{"self":[{"href":"https:\/\/www.epik.fi\/index.php\/wp-json\/wp\/v2\/pages\/828"}],"collection":[{"href":"https:\/\/www.epik.fi\/index.php\/wp-json\/wp\/v2\/pages"}],"about":[{"href":"https:\/\/www.epik.fi\/index.php\/wp-json\/wp\/v2\/types\/page"}],"author":[{"embeddable":true,"href":"https:\/\/www.epik.fi\/index.php\/wp-json\/wp\/v2\/users\/1"}],"replies":[{"embeddable":true,"href":"https:\/\/www.epik.fi\/index.php\/wp-json\/wp\/v2\/comments?post=828"}],"version-history":[{"count":2,"href":"https:\/\/www.epik.fi\/index.php\/wp-json\/wp\/v2\/pages\/828\/revisions"}],"predecessor-version":[{"id":832,"href":"https:\/\/www.epik.fi\/index.php\/wp-json\/wp\/v2\/pages\/828\/revisions\/832"}],"wp:attachment":[{"href":"https:\/\/www.epik.fi\/index.php\/wp-json\/wp\/v2\/media?parent=828"}],"curies":[{"name":"wp","href":"https:\/\/api.w.org\/{rel}","templated":true}]}}