{"id":1909,"date":"2025-02-27T20:24:47","date_gmt":"2025-02-27T18:24:47","guid":{"rendered":"https:\/\/www.epik.fi\/?post_type=product&#038;p=1909"},"modified":"2025-02-27T20:40:09","modified_gmt":"2025-02-27T18:40:09","slug":"pikee-paita-epik-logolla","status":"publish","type":"product","link":"https:\/\/www.epik.fi\/index.php\/tuote\/pikee-paita-epik-logolla\/","title":{"rendered":"Pikee Paita: EPIK  Logolla (J\u00e4sentuote)"},"content":{"rendered":"<p>Pike paita : EPIK\u00a0 Logolla<\/p>\n<p>https:\/\/www.newwave.fi\/tuotteet\/clique-craft-cutter-buck\/pikeet\/basic-polo\/<\/p>\n<p>https:\/\/www.newwave.fi\/tuotteet\/clique-craft-cutter-buck\/pikeet\/basic-polo-women\/<\/p>\n","protected":false},"excerpt":{"rendered":"<p>Pike paita : EPIK\u00a0 Logolla<\/p>\n","protected":false},"featured_media":1934,"template":"","meta":[],"product_cat":[],"product_tag":[],"class_list":{"0":"post-1909","1":"product","2":"type-product","3":"status-publish","4":"has-post-thumbnail","7":"first","8":"instock","9":"shipping-taxable","10":"purchasable","11":"product-type-variable"},"yoast_head":"<!-- This site is optimized with the Yoast SEO plugin v25.1 - https:\/\/yoast.com\/wordpress\/plugins\/seo\/ -->\n<title>Pikee Paita: EPIK Logolla (J\u00e4sentuote) - EPIK<\/title>\n<meta name=\"description\" content=\"Pike paita : EPIK\u00a0 Logolla\" \/>\n<meta name=\"robots\" content=\"index, follow, max-snippet:-1, max-image-preview:large, max-video-preview:-1\" \/>\n<link rel=\"canonical\" href=\"https:\/\/www.epik.fi\/index.php\/tuote\/pikee-paita-epik-logolla\/\" \/>\n<meta property=\"og:locale\" content=\"fi_FI\" \/>\n<meta property=\"og:type\" content=\"article\" \/>\n<meta property=\"og:title\" content=\"Pikee Paita: EPIK Logolla (J\u00e4sentuote) - EPIK\" \/>\n<meta property=\"og:description\" content=\"Pike paita : EPIK\u00a0 Logolla\" \/>\n<meta property=\"og:url\" content=\"https:\/\/www.epik.fi\/index.php\/tuote\/pikee-paita-epik-logolla\/\" \/>\n<meta property=\"og:site_name\" content=\"EPIK\" \/>\n<meta property=\"article:publisher\" content=\"https:\/\/www.facebook.com\/EPilmailukerho\" \/>\n<meta property=\"article:modified_time\" content=\"2025-02-27T18:40:09+00:00\" \/>\n<meta property=\"og:image\" content=\"https:\/\/www.epik.fi\/wordpress\/wp-content\/uploads\/2025\/02\/028230-580_Polo_DarkNavy_front.jpg\" \/>\n\t<meta property=\"og:image:width\" content=\"875\" \/>\n\t<meta property=\"og:image:height\" content=\"1000\" \/>\n\t<meta property=\"og:image:type\" content=\"image\/jpeg\" \/>\n<meta name=\"twitter:card\" content=\"summary_large_image\" \/>\n<meta name=\"twitter:label1\" content=\"Arvioitu lukuaika\" \/>\n\t<meta name=\"twitter:data1\" content=\"1 minuutti\" \/>\n<script type=\"application\/ld+json\" class=\"yoast-schema-graph\">{\"@context\":\"https:\/\/schema.org\",\"@graph\":[{\"@type\":\"WebPage\",\"@id\":\"https:\/\/www.epik.fi\/index.php\/tuote\/pikee-paita-epik-logolla\/\",\"url\":\"https:\/\/www.epik.fi\/index.php\/tuote\/pikee-paita-epik-logolla\/\",\"name\":\"Pikee Paita: EPIK Logolla (J\u00e4sentuote) - EPIK\",\"isPartOf\":{\"@id\":\"https:\/\/www.epik.fi\/#website\"},\"primaryImageOfPage\":{\"@id\":\"https:\/\/www.epik.fi\/index.php\/tuote\/pikee-paita-epik-logolla\/#primaryimage\"},\"image\":{\"@id\":\"https:\/\/www.epik.fi\/index.php\/tuote\/pikee-paita-epik-logolla\/#primaryimage\"},\"thumbnailUrl\":\"https:\/\/www.epik.fi\/wordpress\/wp-content\/uploads\/2025\/02\/028230-580_Polo_DarkNavy_front.jpg\",\"datePublished\":\"2025-02-27T18:24:47+00:00\",\"dateModified\":\"2025-02-27T18:40:09+00:00\",\"description\":\"Pike paita : EPIK\u00a0 Logolla\",\"breadcrumb\":{\"@id\":\"https:\/\/www.epik.fi\/index.php\/tuote\/pikee-paita-epik-logolla\/#breadcrumb\"},\"inLanguage\":\"fi\",\"potentialAction\":[{\"@type\":\"ReadAction\",\"target\":[\"https:\/\/www.epik.fi\/index.php\/tuote\/pikee-paita-epik-logolla\/\"]}]},{\"@type\":\"ImageObject\",\"inLanguage\":\"fi\",\"@id\":\"https:\/\/www.epik.fi\/index.php\/tuote\/pikee-paita-epik-logolla\/#primaryimage\",\"url\":\"https:\/\/www.epik.fi\/wordpress\/wp-content\/uploads\/2025\/02\/028230-580_Polo_DarkNavy_front.jpg\",\"contentUrl\":\"https:\/\/www.epik.fi\/wordpress\/wp-content\/uploads\/2025\/02\/028230-580_Polo_DarkNavy_front.jpg\",\"width\":875,\"height\":1000},{\"@type\":\"BreadcrumbList\",\"@id\":\"https:\/\/www.epik.fi\/index.php\/tuote\/pikee-paita-epik-logolla\/#breadcrumb\",\"itemListElement\":[{\"@type\":\"ListItem\",\"position\":1,\"name\":\"Etusivu\",\"item\":\"https:\/\/www.epik.fi\/\"},{\"@type\":\"ListItem\",\"position\":2,\"name\":\"Kauppa\",\"item\":\"https:\/\/www.epik.fi\/index.php\/kauppa\/\"},{\"@type\":\"ListItem\",\"position\":3,\"name\":\"Pikee Paita: EPIK Logolla (J\u00e4sentuote)\"}]},{\"@type\":\"WebSite\",\"@id\":\"https:\/\/www.epik.fi\/#website\",\"url\":\"https:\/\/www.epik.fi\/\",\"name\":\"EPIK\",\"description\":\"Sein\u00e4joen lentokent\u00e4ll\u00e4 toimiva ilmailukerho\",\"publisher\":{\"@id\":\"https:\/\/www.epik.fi\/#organization\"},\"potentialAction\":[{\"@type\":\"SearchAction\",\"target\":{\"@type\":\"EntryPoint\",\"urlTemplate\":\"https:\/\/www.epik.fi\/?s={search_term_string}\"},\"query-input\":{\"@type\":\"PropertyValueSpecification\",\"valueRequired\":true,\"valueName\":\"search_term_string\"}}],\"inLanguage\":\"fi\"},{\"@type\":\"Organization\",\"@id\":\"https:\/\/www.epik.fi\/#organization\",\"name\":\"EPIK\",\"url\":\"https:\/\/www.epik.fi\/\",\"logo\":{\"@type\":\"ImageObject\",\"inLanguage\":\"fi\",\"@id\":\"https:\/\/www.epik.fi\/#\/schema\/logo\/image\/\",\"url\":\"https:\/\/www.epik.fi\/wordpress\/wp-content\/uploads\/2023\/10\/Logo.jpg\",\"contentUrl\":\"https:\/\/www.epik.fi\/wordpress\/wp-content\/uploads\/2023\/10\/Logo.jpg\",\"width\":235,\"height\":234,\"caption\":\"EPIK\"},\"image\":{\"@id\":\"https:\/\/www.epik.fi\/#\/schema\/logo\/image\/\"},\"sameAs\":[\"https:\/\/www.facebook.com\/EPilmailukerho\"]}]}<\/script>\n<!-- \/ Yoast SEO plugin. -->","yoast_head_json":{"title":"Pikee Paita: EPIK Logolla (J\u00e4sentuote) - EPIK","description":"Pike paita : EPIK\u00a0 Logolla","robots":{"index":"index","follow":"follow","max-snippet":"max-snippet:-1","max-image-preview":"max-image-preview:large","max-video-preview":"max-video-preview:-1"},"canonical":"https:\/\/www.epik.fi\/index.php\/tuote\/pikee-paita-epik-logolla\/","og_locale":"fi_FI","og_type":"article","og_title":"Pikee Paita: EPIK Logolla (J\u00e4sentuote) - EPIK","og_description":"Pike paita : EPIK\u00a0 Logolla","og_url":"https:\/\/www.epik.fi\/index.php\/tuote\/pikee-paita-epik-logolla\/","og_site_name":"EPIK","article_publisher":"https:\/\/www.facebook.com\/EPilmailukerho","article_modified_time":"2025-02-27T18:40:09+00:00","og_image":[{"width":875,"height":1000,"url":"https:\/\/www.epik.fi\/wordpress\/wp-content\/uploads\/2025\/02\/028230-580_Polo_DarkNavy_front.jpg","type":"image\/jpeg"}],"twitter_card":"summary_large_image","twitter_misc":{"Arvioitu lukuaika":"1 minuutti"},"schema":{"@context":"https:\/\/schema.org","@graph":[{"@type":"WebPage","@id":"https:\/\/www.epik.fi\/index.php\/tuote\/pikee-paita-epik-logolla\/","url":"https:\/\/www.epik.fi\/index.php\/tuote\/pikee-paita-epik-logolla\/","name":"Pikee Paita: EPIK Logolla (J\u00e4sentuote) - EPIK","isPartOf":{"@id":"https:\/\/www.epik.fi\/#website"},"primaryImageOfPage":{"@id":"https:\/\/www.epik.fi\/index.php\/tuote\/pikee-paita-epik-logolla\/#primaryimage"},"image":{"@id":"https:\/\/www.epik.fi\/index.php\/tuote\/pikee-paita-epik-logolla\/#primaryimage"},"thumbnailUrl":"https:\/\/www.epik.fi\/wordpress\/wp-content\/uploads\/2025\/02\/028230-580_Polo_DarkNavy_front.jpg","datePublished":"2025-02-27T18:24:47+00:00","dateModified":"2025-02-27T18:40:09+00:00","description":"Pike paita : EPIK\u00a0 Logolla","breadcrumb":{"@id":"https:\/\/www.epik.fi\/index.php\/tuote\/pikee-paita-epik-logolla\/#breadcrumb"},"inLanguage":"fi","potentialAction":[{"@type":"ReadAction","target":["https:\/\/www.epik.fi\/index.php\/tuote\/pikee-paita-epik-logolla\/"]}]},{"@type":"ImageObject","inLanguage":"fi","@id":"https:\/\/www.epik.fi\/index.php\/tuote\/pikee-paita-epik-logolla\/#primaryimage","url":"https:\/\/www.epik.fi\/wordpress\/wp-content\/uploads\/2025\/02\/028230-580_Polo_DarkNavy_front.jpg","contentUrl":"https:\/\/www.epik.fi\/wordpress\/wp-content\/uploads\/2025\/02\/028230-580_Polo_DarkNavy_front.jpg","width":875,"height":1000},{"@type":"BreadcrumbList","@id":"https:\/\/www.epik.fi\/index.php\/tuote\/pikee-paita-epik-logolla\/#breadcrumb","itemListElement":[{"@type":"ListItem","position":1,"name":"Etusivu","item":"https:\/\/www.epik.fi\/"},{"@type":"ListItem","position":2,"name":"Kauppa","item":"https:\/\/www.epik.fi\/index.php\/kauppa\/"},{"@type":"ListItem","position":3,"name":"Pikee Paita: EPIK Logolla (J\u00e4sentuote)"}]},{"@type":"WebSite","@id":"https:\/\/www.epik.fi\/#website","url":"https:\/\/www.epik.fi\/","name":"EPIK","description":"Sein\u00e4joen lentokent\u00e4ll\u00e4 toimiva ilmailukerho","publisher":{"@id":"https:\/\/www.epik.fi\/#organization"},"potentialAction":[{"@type":"SearchAction","target":{"@type":"EntryPoint","urlTemplate":"https:\/\/www.epik.fi\/?s={search_term_string}"},"query-input":{"@type":"PropertyValueSpecification","valueRequired":true,"valueName":"search_term_string"}}],"inLanguage":"fi"},{"@type":"Organization","@id":"https:\/\/www.epik.fi\/#organization","name":"EPIK","url":"https:\/\/www.epik.fi\/","logo":{"@type":"ImageObject","inLanguage":"fi","@id":"https:\/\/www.epik.fi\/#\/schema\/logo\/image\/","url":"https:\/\/www.epik.fi\/wordpress\/wp-content\/uploads\/2023\/10\/Logo.jpg","contentUrl":"https:\/\/www.epik.fi\/wordpress\/wp-content\/uploads\/2023\/10\/Logo.jpg","width":235,"height":234,"caption":"EPIK"},"image":{"@id":"https:\/\/www.epik.fi\/#\/schema\/logo\/image\/"},"sameAs":["https:\/\/www.facebook.com\/EPilmailukerho"]}]}},"_links":{"self":[{"href":"https:\/\/www.epik.fi\/index.php\/wp-json\/wp\/v2\/product\/1909"}],"collection":[{"href":"https:\/\/www.epik.fi\/index.php\/wp-json\/wp\/v2\/product"}],"about":[{"href":"https:\/\/www.epik.fi\/index.php\/wp-json\/wp\/v2\/types\/product"}],"wp:featuredmedia":[{"embeddable":true,"href":"https:\/\/www.epik.fi\/index.php\/wp-json\/wp\/v2\/media\/1934"}],"wp:attachment":[{"href":"https:\/\/www.epik.fi\/index.php\/wp-json\/wp\/v2\/media?parent=1909"}],"wp:term":[{"taxonomy":"product_cat","embeddable":true,"href":"https:\/\/www.epik.fi\/index.php\/wp-json\/wp\/v2\/product_cat?post=1909"},{"taxonomy":"product_tag","embeddable":true,"href":"https:\/\/www.epik.fi\/index.php\/wp-json\/wp\/v2\/product_tag?post=1909"}],"curies":[{"name":"wp","href":"https:\/\/api.w.org\/{rel}","templated":true}]}}