{"id":758,"date":"2023-11-26T11:35:47","date_gmt":"2023-11-26T09:35:47","guid":{"rendered":"https:\/\/dev.epik.fi\/?post_type=product&#038;p=758"},"modified":"2025-07-31T02:56:09","modified_gmt":"2025-07-30T23:56:09","slug":"moottorilennon-esittelykurssi","status":"publish","type":"product","link":"https:\/\/www.epik.fi\/index.php\/tuote\/moottorilennon-esittelykurssi\/","title":{"rendered":"Moottorilennon esittelykurssi. Tule kokeilemaan milt\u00e4 lent\u00e4minen tuntuu. Ensipuraisu lupakirjakoulutukseen"},"content":{"rendered":"<p><strong>Lentoseteli voimasssa 2 vuotta ostop\u00e4iv\u00e4st\u00e4<\/strong>.<br \/><br \/>-Tutusmiskoulutus ja Brief tilaisuus kerholla<br \/>-Tutustumis koululento opettajan kanssa 30 min<br \/>-Kerhon j\u00e4senyys koulutuslennon suorittamiseksi<\/p><p>-Lennon aikataulu sovitaan opettajan kanssa<\/p>\r\n<p>-Ik\u00e4 v\u00e4hint\u00e4\u00e4n 16v<\/p><p>&nbsp;<\/p><p>Lis\u00e4tiedot: <span \n                data-original-string='prNNlQHztdPfPV6jAMKE9Q==5c6X98WBs1mZughCdZSZMVWkqqSwa8MUHx2QTBtOXOI\/OU='\n                class='apbct-email-encoder'\n                title='This contact has been encoded by Anti-Spam by CleanTalk. Click to decode. To finish the decoding make sure that JavaScript is enabled in your browser.'>le<span class=\"apbct-blur\">***********<\/span>@<span class=\"apbct-blur\">**<\/span>ik.fi<\/span><\/p><p>Kuva Moottorilentokoneesta<\/p><figure class=\"wp-block-image size-large\"><img loading=\"lazy\" decoding=\"async\" width=\"1024\" height=\"553\" class=\"wp-image-330\" src=\"https:\/\/www.epik.fi\/wordpress\/wp-content\/uploads\/2023\/10\/OH-PEV-1024x553.jpg\" alt=\"\" srcset=\"https:\/\/www.epik.fi\/wordpress\/wp-content\/uploads\/2023\/10\/OH-PEV-1024x553.jpg 1024w, https:\/\/www.epik.fi\/wordpress\/wp-content\/uploads\/2023\/10\/OH-PEV-600x324.jpg 600w, https:\/\/www.epik.fi\/wordpress\/wp-content\/uploads\/2023\/10\/OH-PEV-300x162.jpg 300w, https:\/\/www.epik.fi\/wordpress\/wp-content\/uploads\/2023\/10\/OH-PEV-768x415.jpg 768w, https:\/\/www.epik.fi\/wordpress\/wp-content\/uploads\/2023\/10\/OH-PEV-1536x829.jpg 1536w, https:\/\/www.epik.fi\/wordpress\/wp-content\/uploads\/2023\/10\/OH-PEV.jpg 1613w\" sizes=\"(max-width: 1024px) 100vw, 1024px\" \/>\r\n<figcaption class=\"wp-element-caption\">Piper PA28-180, OH-PEV, 4-paikkainen moottorilentokone<\/figcaption>\r\n<\/figure><p>&nbsp;<\/p>","protected":false},"excerpt":{"rendered":"<p><strong>Lentoseteli voimassa 2 vuotta ostop\u00e4iv\u00e4st\u00e4<\/strong><\/p>\n<p>Lis\u00e4tiedot: <span \n                data-original-string='9lDk3ZdZEmPe27qTVlAMBA==5c6NoVymgKJykz1pCkyJc0qI3H8TT0n1yWumN0WIgE5ur8='\n                class='apbct-email-encoder'\n                title='This contact has been encoded by Anti-Spam by CleanTalk. Click to decode. To finish the decoding make sure that JavaScript is enabled in your browser.'>le<span class=\"apbct-blur\">***********<\/span>@<span class=\"apbct-blur\">**<\/span>ik.fi<\/span><\/p>\n","protected":false},"featured_media":766,"template":"","meta":[],"product_cat":[50],"product_tag":[],"class_list":{"0":"post-758","1":"product","2":"type-product","3":"status-publish","4":"has-post-thumbnail","6":"product_cat-lentokoulutukset","8":"first","9":"instock","10":"shipping-taxable","11":"purchasable","12":"product-type-simple"},"yoast_head":"<!-- This site is optimized with the Yoast SEO plugin v25.1 - https:\/\/yoast.com\/wordpress\/plugins\/seo\/ -->\n<title>Moottorilennon esittelykurssi. Tule kokeilemaan milt\u00e4 lent\u00e4minen tuntuu. Ensipuraisu lupakirjakoulutukseen - EPIK<\/title>\n<meta name=\"description\" content=\"Milt\u00e4 lent\u00e4minen tuntuu? Tulehan lent\u00e4m\u00e4n tutustumiskurssi, joka antaa ensipuraisun PPL tai LAPL lupakirjakurssiin ja lent\u00e4misen maailmaan. T\u00e4m\u00e4 on sinulle joka harkitsee hankkivansa yksityislent\u00e4j\u00e4n lupakirjan tai keveiden alusten lupakirjan. p\u00e4\u00e4set samalla tutustumaan lennon opettajaan ja ilmailukerhoon sek\u00e4 koulutuksessa k\u00e4ytett\u00e4v\u00e4\u00e4n kalustoon.\" \/>\n<meta name=\"robots\" content=\"index, follow, max-snippet:-1, max-image-preview:large, max-video-preview:-1\" \/>\n<link rel=\"canonical\" href=\"https:\/\/www.epik.fi\/index.php\/tuote\/moottorilennon-esittelykurssi\/\" \/>\n<meta property=\"og:locale\" content=\"fi_FI\" \/>\n<meta property=\"og:type\" content=\"article\" \/>\n<meta property=\"og:title\" content=\"Moottorilennon esittelykurssi. Tule kokeilemaan milt\u00e4 lent\u00e4minen tuntuu. Ensipuraisu lupakirjakoulutukseen - EPIK\" \/>\n<meta property=\"og:description\" content=\"Milt\u00e4 lent\u00e4minen tuntuu? Tulehan lent\u00e4m\u00e4n tutustumiskurssi, joka antaa ensipuraisun PPL tai LAPL lupakirjakurssiin ja lent\u00e4misen maailmaan. T\u00e4m\u00e4 on sinulle joka harkitsee hankkivansa yksityislent\u00e4j\u00e4n lupakirjan tai keveiden alusten lupakirjan. p\u00e4\u00e4set samalla tutustumaan lennon opettajaan ja ilmailukerhoon sek\u00e4 koulutuksessa k\u00e4ytett\u00e4v\u00e4\u00e4n kalustoon.\" \/>\n<meta property=\"og:url\" content=\"https:\/\/www.epik.fi\/index.php\/tuote\/moottorilennon-esittelykurssi\/\" \/>\n<meta property=\"og:site_name\" content=\"EPIK\" \/>\n<meta property=\"article:publisher\" content=\"https:\/\/www.facebook.com\/EPilmailukerho\" \/>\n<meta property=\"article:modified_time\" content=\"2025-07-30T23:56:09+00:00\" \/>\n<meta property=\"og:image\" content=\"https:\/\/www.epik.fi\/wordpress\/wp-content\/uploads\/2023\/11\/ppl_kurssi-e1701023165329.jpg\" \/>\n\t<meta property=\"og:image:width\" content=\"610\" \/>\n\t<meta property=\"og:image:height\" content=\"347\" \/>\n\t<meta property=\"og:image:type\" content=\"image\/jpeg\" \/>\n<meta name=\"twitter:card\" content=\"summary_large_image\" \/>\n<meta name=\"twitter:label1\" content=\"Arvioitu lukuaika\" \/>\n\t<meta name=\"twitter:data1\" content=\"1 minuutti\" \/>\n<script type=\"application\/ld+json\" class=\"yoast-schema-graph\">{\"@context\":\"https:\/\/schema.org\",\"@graph\":[{\"@type\":\"WebPage\",\"@id\":\"https:\/\/www.epik.fi\/index.php\/tuote\/moottorilennon-esittelykurssi\/\",\"url\":\"https:\/\/www.epik.fi\/index.php\/tuote\/moottorilennon-esittelykurssi\/\",\"name\":\"Moottorilennon esittelykurssi. Tule kokeilemaan milt\u00e4 lent\u00e4minen tuntuu. Ensipuraisu lupakirjakoulutukseen - EPIK\",\"isPartOf\":{\"@id\":\"https:\/\/www.epik.fi\/#website\"},\"primaryImageOfPage\":{\"@id\":\"https:\/\/www.epik.fi\/index.php\/tuote\/moottorilennon-esittelykurssi\/#primaryimage\"},\"image\":{\"@id\":\"https:\/\/www.epik.fi\/index.php\/tuote\/moottorilennon-esittelykurssi\/#primaryimage\"},\"thumbnailUrl\":\"https:\/\/www.epik.fi\/wordpress\/wp-content\/uploads\/2023\/11\/ppl_kurssi-e1701023165329.jpg\",\"datePublished\":\"2023-11-26T09:35:47+00:00\",\"dateModified\":\"2025-07-30T23:56:09+00:00\",\"description\":\"Milt\u00e4 lent\u00e4minen tuntuu? Tulehan lent\u00e4m\u00e4n tutustumiskurssi, joka antaa ensipuraisun PPL tai LAPL lupakirjakurssiin ja lent\u00e4misen maailmaan. T\u00e4m\u00e4 on sinulle joka harkitsee hankkivansa yksityislent\u00e4j\u00e4n lupakirjan tai keveiden alusten lupakirjan. p\u00e4\u00e4set samalla tutustumaan lennon opettajaan ja ilmailukerhoon sek\u00e4 koulutuksessa k\u00e4ytett\u00e4v\u00e4\u00e4n kalustoon.\",\"breadcrumb\":{\"@id\":\"https:\/\/www.epik.fi\/index.php\/tuote\/moottorilennon-esittelykurssi\/#breadcrumb\"},\"inLanguage\":\"fi\",\"potentialAction\":[{\"@type\":\"ReadAction\",\"target\":[\"https:\/\/www.epik.fi\/index.php\/tuote\/moottorilennon-esittelykurssi\/\"]}]},{\"@type\":\"ImageObject\",\"inLanguage\":\"fi\",\"@id\":\"https:\/\/www.epik.fi\/index.php\/tuote\/moottorilennon-esittelykurssi\/#primaryimage\",\"url\":\"https:\/\/www.epik.fi\/wordpress\/wp-content\/uploads\/2023\/11\/ppl_kurssi-e1701023165329.jpg\",\"contentUrl\":\"https:\/\/www.epik.fi\/wordpress\/wp-content\/uploads\/2023\/11\/ppl_kurssi-e1701023165329.jpg\",\"width\":610,\"height\":347},{\"@type\":\"BreadcrumbList\",\"@id\":\"https:\/\/www.epik.fi\/index.php\/tuote\/moottorilennon-esittelykurssi\/#breadcrumb\",\"itemListElement\":[{\"@type\":\"ListItem\",\"position\":1,\"name\":\"Etusivu\",\"item\":\"https:\/\/www.epik.fi\/\"},{\"@type\":\"ListItem\",\"position\":2,\"name\":\"Kauppa\",\"item\":\"https:\/\/www.epik.fi\/index.php\/kauppa\/\"},{\"@type\":\"ListItem\",\"position\":3,\"name\":\"Moottorilennon esittelykurssi. Tule kokeilemaan milt\u00e4 lent\u00e4minen tuntuu. Ensipuraisu lupakirjakoulutukseen\"}]},{\"@type\":\"WebSite\",\"@id\":\"https:\/\/www.epik.fi\/#website\",\"url\":\"https:\/\/www.epik.fi\/\",\"name\":\"EPIK\",\"description\":\"Sein\u00e4joen lentokent\u00e4ll\u00e4 toimiva ilmailukerho\",\"publisher\":{\"@id\":\"https:\/\/www.epik.fi\/#organization\"},\"potentialAction\":[{\"@type\":\"SearchAction\",\"target\":{\"@type\":\"EntryPoint\",\"urlTemplate\":\"https:\/\/www.epik.fi\/?s={search_term_string}\"},\"query-input\":{\"@type\":\"PropertyValueSpecification\",\"valueRequired\":true,\"valueName\":\"search_term_string\"}}],\"inLanguage\":\"fi\"},{\"@type\":\"Organization\",\"@id\":\"https:\/\/www.epik.fi\/#organization\",\"name\":\"EPIK\",\"url\":\"https:\/\/www.epik.fi\/\",\"logo\":{\"@type\":\"ImageObject\",\"inLanguage\":\"fi\",\"@id\":\"https:\/\/www.epik.fi\/#\/schema\/logo\/image\/\",\"url\":\"https:\/\/www.epik.fi\/wordpress\/wp-content\/uploads\/2023\/10\/Logo.jpg\",\"contentUrl\":\"https:\/\/www.epik.fi\/wordpress\/wp-content\/uploads\/2023\/10\/Logo.jpg\",\"width\":235,\"height\":234,\"caption\":\"EPIK\"},\"image\":{\"@id\":\"https:\/\/www.epik.fi\/#\/schema\/logo\/image\/\"},\"sameAs\":[\"https:\/\/www.facebook.com\/EPilmailukerho\"]}]}<\/script>\n<!-- \/ Yoast SEO plugin. -->","yoast_head_json":{"title":"Moottorilennon esittelykurssi. Tule kokeilemaan milt\u00e4 lent\u00e4minen tuntuu. Ensipuraisu lupakirjakoulutukseen - EPIK","description":"Milt\u00e4 lent\u00e4minen tuntuu? Tulehan lent\u00e4m\u00e4n tutustumiskurssi, joka antaa ensipuraisun PPL tai LAPL lupakirjakurssiin ja lent\u00e4misen maailmaan. T\u00e4m\u00e4 on sinulle joka harkitsee hankkivansa yksityislent\u00e4j\u00e4n lupakirjan tai keveiden alusten lupakirjan. p\u00e4\u00e4set samalla tutustumaan lennon opettajaan ja ilmailukerhoon sek\u00e4 koulutuksessa k\u00e4ytett\u00e4v\u00e4\u00e4n kalustoon.","robots":{"index":"index","follow":"follow","max-snippet":"max-snippet:-1","max-image-preview":"max-image-preview:large","max-video-preview":"max-video-preview:-1"},"canonical":"https:\/\/www.epik.fi\/index.php\/tuote\/moottorilennon-esittelykurssi\/","og_locale":"fi_FI","og_type":"article","og_title":"Moottorilennon esittelykurssi. Tule kokeilemaan milt\u00e4 lent\u00e4minen tuntuu. Ensipuraisu lupakirjakoulutukseen - EPIK","og_description":"Milt\u00e4 lent\u00e4minen tuntuu? Tulehan lent\u00e4m\u00e4n tutustumiskurssi, joka antaa ensipuraisun PPL tai LAPL lupakirjakurssiin ja lent\u00e4misen maailmaan. T\u00e4m\u00e4 on sinulle joka harkitsee hankkivansa yksityislent\u00e4j\u00e4n lupakirjan tai keveiden alusten lupakirjan. p\u00e4\u00e4set samalla tutustumaan lennon opettajaan ja ilmailukerhoon sek\u00e4 koulutuksessa k\u00e4ytett\u00e4v\u00e4\u00e4n kalustoon.","og_url":"https:\/\/www.epik.fi\/index.php\/tuote\/moottorilennon-esittelykurssi\/","og_site_name":"EPIK","article_publisher":"https:\/\/www.facebook.com\/EPilmailukerho","article_modified_time":"2025-07-30T23:56:09+00:00","og_image":[{"width":610,"height":347,"url":"https:\/\/www.epik.fi\/wordpress\/wp-content\/uploads\/2023\/11\/ppl_kurssi-e1701023165329.jpg","type":"image\/jpeg"}],"twitter_card":"summary_large_image","twitter_misc":{"Arvioitu lukuaika":"1 minuutti"},"schema":{"@context":"https:\/\/schema.org","@graph":[{"@type":"WebPage","@id":"https:\/\/www.epik.fi\/index.php\/tuote\/moottorilennon-esittelykurssi\/","url":"https:\/\/www.epik.fi\/index.php\/tuote\/moottorilennon-esittelykurssi\/","name":"Moottorilennon esittelykurssi. Tule kokeilemaan milt\u00e4 lent\u00e4minen tuntuu. Ensipuraisu lupakirjakoulutukseen - EPIK","isPartOf":{"@id":"https:\/\/www.epik.fi\/#website"},"primaryImageOfPage":{"@id":"https:\/\/www.epik.fi\/index.php\/tuote\/moottorilennon-esittelykurssi\/#primaryimage"},"image":{"@id":"https:\/\/www.epik.fi\/index.php\/tuote\/moottorilennon-esittelykurssi\/#primaryimage"},"thumbnailUrl":"https:\/\/www.epik.fi\/wordpress\/wp-content\/uploads\/2023\/11\/ppl_kurssi-e1701023165329.jpg","datePublished":"2023-11-26T09:35:47+00:00","dateModified":"2025-07-30T23:56:09+00:00","description":"Milt\u00e4 lent\u00e4minen tuntuu? Tulehan lent\u00e4m\u00e4n tutustumiskurssi, joka antaa ensipuraisun PPL tai LAPL lupakirjakurssiin ja lent\u00e4misen maailmaan. T\u00e4m\u00e4 on sinulle joka harkitsee hankkivansa yksityislent\u00e4j\u00e4n lupakirjan tai keveiden alusten lupakirjan. p\u00e4\u00e4set samalla tutustumaan lennon opettajaan ja ilmailukerhoon sek\u00e4 koulutuksessa k\u00e4ytett\u00e4v\u00e4\u00e4n kalustoon.","breadcrumb":{"@id":"https:\/\/www.epik.fi\/index.php\/tuote\/moottorilennon-esittelykurssi\/#breadcrumb"},"inLanguage":"fi","potentialAction":[{"@type":"ReadAction","target":["https:\/\/www.epik.fi\/index.php\/tuote\/moottorilennon-esittelykurssi\/"]}]},{"@type":"ImageObject","inLanguage":"fi","@id":"https:\/\/www.epik.fi\/index.php\/tuote\/moottorilennon-esittelykurssi\/#primaryimage","url":"https:\/\/www.epik.fi\/wordpress\/wp-content\/uploads\/2023\/11\/ppl_kurssi-e1701023165329.jpg","contentUrl":"https:\/\/www.epik.fi\/wordpress\/wp-content\/uploads\/2023\/11\/ppl_kurssi-e1701023165329.jpg","width":610,"height":347},{"@type":"BreadcrumbList","@id":"https:\/\/www.epik.fi\/index.php\/tuote\/moottorilennon-esittelykurssi\/#breadcrumb","itemListElement":[{"@type":"ListItem","position":1,"name":"Etusivu","item":"https:\/\/www.epik.fi\/"},{"@type":"ListItem","position":2,"name":"Kauppa","item":"https:\/\/www.epik.fi\/index.php\/kauppa\/"},{"@type":"ListItem","position":3,"name":"Moottorilennon esittelykurssi. Tule kokeilemaan milt\u00e4 lent\u00e4minen tuntuu. Ensipuraisu lupakirjakoulutukseen"}]},{"@type":"WebSite","@id":"https:\/\/www.epik.fi\/#website","url":"https:\/\/www.epik.fi\/","name":"EPIK","description":"Sein\u00e4joen lentokent\u00e4ll\u00e4 toimiva ilmailukerho","publisher":{"@id":"https:\/\/www.epik.fi\/#organization"},"potentialAction":[{"@type":"SearchAction","target":{"@type":"EntryPoint","urlTemplate":"https:\/\/www.epik.fi\/?s={search_term_string}"},"query-input":{"@type":"PropertyValueSpecification","valueRequired":true,"valueName":"search_term_string"}}],"inLanguage":"fi"},{"@type":"Organization","@id":"https:\/\/www.epik.fi\/#organization","name":"EPIK","url":"https:\/\/www.epik.fi\/","logo":{"@type":"ImageObject","inLanguage":"fi","@id":"https:\/\/www.epik.fi\/#\/schema\/logo\/image\/","url":"https:\/\/www.epik.fi\/wordpress\/wp-content\/uploads\/2023\/10\/Logo.jpg","contentUrl":"https:\/\/www.epik.fi\/wordpress\/wp-content\/uploads\/2023\/10\/Logo.jpg","width":235,"height":234,"caption":"EPIK"},"image":{"@id":"https:\/\/www.epik.fi\/#\/schema\/logo\/image\/"},"sameAs":["https:\/\/www.facebook.com\/EPilmailukerho"]}]}},"_links":{"self":[{"href":"https:\/\/www.epik.fi\/index.php\/wp-json\/wp\/v2\/product\/758"}],"collection":[{"href":"https:\/\/www.epik.fi\/index.php\/wp-json\/wp\/v2\/product"}],"about":[{"href":"https:\/\/www.epik.fi\/index.php\/wp-json\/wp\/v2\/types\/product"}],"wp:featuredmedia":[{"embeddable":true,"href":"https:\/\/www.epik.fi\/index.php\/wp-json\/wp\/v2\/media\/766"}],"wp:attachment":[{"href":"https:\/\/www.epik.fi\/index.php\/wp-json\/wp\/v2\/media?parent=758"}],"wp:term":[{"taxonomy":"product_cat","embeddable":true,"href":"https:\/\/www.epik.fi\/index.php\/wp-json\/wp\/v2\/product_cat?post=758"},{"taxonomy":"product_tag","embeddable":true,"href":"https:\/\/www.epik.fi\/index.php\/wp-json\/wp\/v2\/product_tag?post=758"}],"curies":[{"name":"wp","href":"https:\/\/api.w.org\/{rel}","templated":true}]}}